{"id":8,"date":"2025-10-02T09:50:12","date_gmt":"2025-10-02T07:50:12","guid":{"rendered":"https:\/\/gs-hude-sued.de\/?page_id=8"},"modified":"2025-10-15T15:17:15","modified_gmt":"2025-10-15T13:17:15","slug":"%d0%b2%d0%b8%d1%85%d1%96%d0%b4%d0%bd%d0%b8%d0%b9-%d0%bc%d0%b0%d1%82%d0%b5%d1%80%d1%96%d0%b0%d0%bb","status":"publish","type":"page","link":"https:\/\/gs-hude-sued.de\/uk\/%d0%b2%d0%b8%d1%85%d1%96%d0%b4%d0%bd%d0%b8%d0%b9-%d0%bc%d0%b0%d1%82%d0%b5%d1%80%d1%96%d0%b0%d0%bb\/","title":{"rendered":"\u0432\u0456\u0434\u0431\u0438\u0442\u043e\u043a"},"content":{"rendered":"\n[et_pb_section fb_built=&#8220;1&#8243; _builder_version=&#8220;4.27.4&#8243; _module_preset=&#8220;default&#8220; global_colors_info=&#8220;{}&#8220;][et_pb_row _builder_version=&#8220;4.27.4&#8243; _module_preset=&#8220;default&#8220; global_colors_info=&#8220;{}&#8220;][et_pb_column type=&#8220;4_4&#8243; _builder_version=&#8220;4.27.4&#8243; _module_preset=&#8220;default&#8220; global_colors_info=&#8220;{}&#8220;][et_pb_text _builder_version=&#8220;4.27.4&#8243; _module_preset=&#8220;default&#8220; hover_enabled=&#8220;0&#8243; global_colors_info=&#8220;{}&#8220; sticky_enabled=&#8220;0&#8243;]<h1>Impressum<\/h1>[\/et_pb_text][et_pb_code _builder_version=&#8220;4.27.4&#8243; _module_preset=&#8220;default&#8220; global_colors_info=&#8220;{}&#8220;]<!-- [et_pb_line_break_holder] --><div id=\"lc-text\"><\/div><!-- [et_pb_line_break_holder] --><script><!-- [et_pb_line_break_holder] -->  fetch(`https:\/\/app.cockpit.legal\/api\/cockpit\/resources\/legaldocumentshare\/dd536204a7fe395c94c02edb20b2e488\/document\/render\/html?language=de`)<!-- [et_pb_line_break_holder] -->  .then((result) => { return result.text(); })<!-- [et_pb_line_break_holder] -->  .then((content) => {<!-- [et_pb_line_break_holder] -->    document.getElementById(\"lc-text\").innerHTML = content<!-- [et_pb_line_break_holder] -->  });<!-- [et_pb_line_break_holder] --><\/script><!-- [et_pb_line_break_holder] --><noscript><!-- [et_pb_line_break_holder] -->  Sie k\u00f6nnen diesen Rechtstext nicht sehen, weil Sie JavaScript deaktiviert haben.<!-- [et_pb_line_break_holder] -->  Folgen Sie bitte diesem<!-- [et_pb_line_break_holder] -->  <a target=\"_blank\" href=\"https:\/\/app.cockpit.legal\/api\/cockpit\/resources\/legaldocumentshare\/dd536204a7fe395c94c02edb20b2e488\/document\/render\/html?language=de\">Link<\/a>,<!-- [et_pb_line_break_holder] -->  um den Rechtstext anzuzeigen.<!-- [et_pb_line_break_holder] --><\/noscript><!-- [et_pb_line_break_holder] -->[\/et_pb_code][et_pb_text _builder_version=&#8220;4.27.4&#8243; _module_preset=&#8220;default&#8220; global_colors_info=&#8220;{}&#8220;]<h2 data-start=\"310\" data-end=\"347\"><strong data-start=\"314\" data-end=\"347\">Vertretungsberechtigte Person<\/strong><\/h2>\n<p data-start=\"348\" data-end=\"557\">Die Grundschule Hude-S\u00fcd ist eine \u00f6ffentliche Schule in Tr\u00e4gerschaft der <strong data-start=\"421\" data-end=\"438\">Gemeinde Hude<\/strong>, vertreten durch den B\u00fcrgermeister.<br data-start=\"474\" data-end=\"477\" \/>Vertretungsberechtigt f\u00fcr die Schulleitung:<br data-start=\"520\" data-end=\"523\" \/><strong data-start=\"523\" data-end=\"540\">Birte Kempers<\/strong>, Schulleiterin<\/p>\n<h2 data-start=\"564\" data-end=\"601\"><strong data-start=\"568\" data-end=\"601\">Datenschutzbeauftragte Person<\/strong><\/h2>\n<p data-start=\"602\" data-end=\"716\">Datenschutzbeauftragte der Grundschule Hude-S\u00fcd ist:<br data-start=\"654\" data-end=\"657\" \/><strong data-start=\"657\" data-end=\"672\">Tanja Knust<\/strong><br data-start=\"672\" data-end=\"675\" \/>E-Mail: <strong data-start=\"683\" data-end=\"714\"><a data-start=\"685\" data-end=\"712\" class=\"decorated-link cursor-pointer\" rel=\"noopener\">datenschutz@gs-hude-sued.de<span aria-hidden=\"true\" class=\"ms-0.5 inline-block align-middle leading-none\"><svg width=\"20\" height=\"20\" viewbox=\"0 0 20 20\" fill=\"currentColor\" xmlns=\"http:\/\/www.w3.org\/2000\/svg\" data-rtl-flip=\"\" class=\"block h-[0.75em] w-[0.75em] stroke-current stroke-[0.75]\"><\/svg><\/span><\/a><\/strong><\/p>[\/et_pb_text][et_pb_text module_id=&#8220;lc-text&#8220; _builder_version=&#8220;4.27.4&#8243; _module_preset=&#8220;default&#8220; global_colors_info=&#8220;{}&#8220;]<h2><strong data-start=\"403\" data-end=\"433\">Haftung f\u00fcr eigene Inhalte<\/strong><\/h2>\n<p>Die Inhalte dieser Website wurden mit gr\u00f6\u00dftm\u00f6glicher Sorgfalt erstellt. F\u00fcr die Richtigkeit, Vollst\u00e4ndigkeit und Aktualit\u00e4t dieser Inhalte kann jedoch keine Gew\u00e4hr \u00fcbernommen werden. Als Diensteanbieter (\u00a7 7 Abs. 1 TMG) sind wir f\u00fcr eigene Inhalte auf diesen Seiten nach den allgemeinen Gesetzen verantwortlich. Eine Verpflichtung zur \u00dcberwachung oder zur Pr\u00fcfung von \u00fcbermittelten oder gespeicherten fremden Informationen besteht jedoch nicht.<br data-start=\"880\" data-end=\"883\" \/>Sollten uns Rechtsverletzungen bekannt werden, werden wir derartige Inhalte umgehend entfernen.<\/p>\n<h2><strong data-start=\"982\" data-end=\"1028\">Haftung f\u00fcr externe Links \/ fremde Inhalte<\/strong><\/h2>\n<p>Diese Website enth\u00e4lt Verlinkungen zu externen Websites Dritter, auf deren Inhalte wir keinen Einfluss haben. Deshalb k\u00f6nnen wir f\u00fcr diese fremden Inhalte auch keine Gew\u00e4hr \u00fcbernehmen. F\u00fcr die Inhalte der verlinkten Seiten ist stets der jeweilige Anbieter oder Betreiber der Seiten verantwortlich.<br data-start=\"1328\" data-end=\"1331\" \/>Zum Zeitpunkt der Verlinkung waren keine Rechtsverst\u00f6\u00dfe erkennbar. Eine permanente inhaltliche Kontrolle der verlinkten Seiten ist uns jedoch nicht m\u00f6glich. Bei Bekanntwerden von Rechtsverletzungen werden wir derartige Links unverz\u00fcglich entfernen.<\/p>\n<h2><strong data-start=\"1583\" data-end=\"1622\">Urheberrecht \/ Leistungsschutzrecht<\/strong><\/h2>\n<p>Die durch die Seitenbetreiber erstellten Inhalte und Werke auf dieser Website unterliegen dem deutschen Urheber- und Leistungsschutzrecht.<br data-start=\"1763\" data-end=\"1766\" \/>Beitr\u00e4ge Dritter sind als solche gekennzeichnet.<br data-start=\"1814\" data-end=\"1817\" \/>Vervielf\u00e4ltigung, Bearbeitung, Verbreitung und jede Art der Verwertung au\u00dferhalb der Grenzen des Urheberrechts bed\u00fcrfen der schriftlichen Zustimmung des jeweiligen Autors bzw. Urhebers.<br data-start=\"2002\" data-end=\"2005\" \/>Downloads und Kopien dieser Seite sind nur f\u00fcr den privaten, nicht kommerziellen Gebrauch gestattet.<\/p>\n<h2 data-start=\"2109\" data-end=\"2604\"><strong data-start=\"2109\" data-end=\"2133\">Marken, Logos, Fotos<\/strong><\/h2>\n<p data-start=\"2109\" data-end=\"2604\">Alle auf dieser Website genannten und ggf. durch Dritte gesch\u00fctzten Marken- und Warenzeichen unterliegen uneingeschr\u00e4nkt den Bestimmungen des jeweils g\u00fcltigen Markenrechts.<br data-start=\"2308\" data-end=\"2311\" \/>Alle Fotos, Grafiken und Illustrationen auf dieser Website sind entweder Eigentum der Schule oder es liegen entsprechende Nutzungsrechte vor. Eine Nutzung au\u00dferhalb des zul\u00e4ssigen Rahmens (z. B. Ver\u00f6ffentlichungen, Weiterverbreitung) ist nur mit vorheriger schriftlicher Genehmigung m\u00f6glich.<\/p>\n<h2 data-start=\"2606\" data-end=\"2879\"><strong data-start=\"2606\" data-end=\"2640\">Bildnachweise \/ Quellenangaben<\/strong><\/h2>\n<p data-start=\"2606\" data-end=\"2879\">Sofern nicht anders gekennzeichnet, stammen alle Fotos, Grafiken und Illustrationen aus dem Materialpool der Schule oder von lizenzfreien Quellen. Bildnachweise und Quellen werden gegebenenfalls dort genannt, wo sie erforderlich sind.<\/p>\n<h2 data-start=\"2881\" data-end=\"3127\"><strong data-start=\"2881\" data-end=\"2918\">\u00c4nderung der Inhalte \/ Aktualit\u00e4t<\/strong><\/h2>\n<p data-start=\"2881\" data-end=\"3127\">Die Schule beh\u00e4lt sich vor, Teile dieser Website oder das gesamte Angebot ohne gesonderte Ank\u00fcndigung zu ver\u00e4ndern, zu erg\u00e4nzen, zu l\u00f6schen oder die Ver\u00f6ffentlichung zeitweise oder endg\u00fcltig einzustellen.<\/p>\n<h2 data-start=\"3129\" data-end=\"3483\"><strong data-start=\"3129\" data-end=\"3158\">Rechtswahl, Gerichtsstand<\/strong><\/h2>\n<p data-start=\"3129\" data-end=\"3483\">Sofern gesetzlich zul\u00e4ssig, gilt deutsches Recht unter Ausschluss des UN-Kaufrechts. Soweit Nutzer oder Besucher dieser Seite Kauf- oder Dienstleistungsvertr\u00e4ge abschlie\u00dfen, ist f\u00fcr Streitigkeiten der Gerichtsstand am Sitz der Schule \u2013 soweit rechtlich zul\u00e4ssig (je nach Status als \u00f6ffentliche Einrichtung) \u2013 vereinbart.<\/p>\n<p>&nbsp;<\/p>[\/et_pb_text][\/et_pb_column][\/et_pb_row][\/et_pb_section]\n","protected":false},"excerpt":{"rendered":"<p>ImpressumVertretungsberechtigte Person Die Grundschule Hude-S\u00fcd ist eine \u00f6ffentliche Schule in Tr\u00e4gerschaft der Gemeinde Hude, vertreten durch den B\u00fcrgermeister.Vertretungsberechtigt f\u00fcr die Schulleitung:Birte Kempers, Schulleiterin Datenschutzbeauftragte Person Datenschutzbeauftragte der Grundschule Hude-S\u00fcd ist:Tanja KnustE-Mail: datenschutz@gs-hude-sued.deHaftung f\u00fcr eigene Inhalte Die Inhalte dieser Website wurden mit gr\u00f6\u00dftm\u00f6glicher Sorgfalt erstellt. F\u00fcr die Richtigkeit, Vollst\u00e4ndigkeit und Aktualit\u00e4t dieser Inhalte kann jedoch keine [&hellip;]<\/p>\n","protected":false},"author":1,"featured_media":240585,"parent":0,"menu_order":0,"comment_status":"closed","ping_status":"closed","template":"","meta":{"_acf_changed":false,"_et_pb_use_builder":"on","_et_pb_old_content":"","_et_gb_content_width":"","footnotes":""},"class_list":["post-8","page","type-page","status-publish","has-post-thumbnail","hentry"],"acf":[],"yoast_head":"<!-- This site is optimized with the Yoast SEO Premium plugin v26.0 (Yoast SEO v27.0) - https:\/\/yoast.com\/product\/yoast-seo-premium-wordpress\/ -->\n<title>Impressum der Grundschule Hude-S\u00fcd \u2013 Kontakt &amp; Rechtstext<\/title>\n<meta name=\"description\" content=\"Das Impressum der Grundschule Hude-S\u00fcd informiert \u00fcber Zust\u00e4ndigkeiten, Haftung und Datenschutz. F\u00fcr Anfragen kontaktieren Sie datenschutz@gs-hude-sued.de.\" \/>\n<meta name=\"robots\" content=\"index, follow, max-snippet:-1, max-image-preview:large, max-video-preview:-1\" \/>\n<link rel=\"canonical\" href=\"https:\/\/gs-hude-sued.de\/uk\/\u0432\u0438\u0445\u0456\u0434\u043d\u0438\u0439-\u043c\u0430\u0442\u0435\u0440\u0456\u0430\u043b\/\" \/>\n<meta property=\"og:locale\" content=\"uk_UA\" \/>\n<meta property=\"og:type\" content=\"article\" \/>\n<meta property=\"og:title\" content=\"Impressum\" \/>\n<meta property=\"og:description\" content=\"Das Impressum der Grundschule Hude-S\u00fcd informiert \u00fcber Zust\u00e4ndigkeiten, Haftung und Datenschutz. F\u00fcr Anfragen kontaktieren Sie datenschutz@gs-hude-sued.de.\" \/>\n<meta property=\"og:url\" content=\"https:\/\/gs-hude-sued.de\/uk\/\u0432\u0438\u0445\u0456\u0434\u043d\u0438\u0439-\u043c\u0430\u0442\u0435\u0440\u0456\u0430\u043b\/\" \/>\n<meta property=\"og:site_name\" content=\"Grundschule Hude S\u00fcd\" \/>\n<meta property=\"article:modified_time\" content=\"2025-10-15T13:17:15+00:00\" \/>\n<meta property=\"og:image\" content=\"https:\/\/gs-hude-sued.de\/wp-content\/uploads\/2025\/10\/Gemini_Generated_Image_lny86qlny86qlny8.png\" \/>\n\t<meta property=\"og:image:width\" content=\"400\" \/>\n\t<meta property=\"og:image:height\" content=\"640\" \/>\n\t<meta property=\"og:image:type\" content=\"image\/png\" \/>\n<meta name=\"twitter:card\" content=\"summary_large_image\" \/>\n<meta name=\"twitter:label1\" content=\"\u041f\u0440\u0438\u0431\u043b. \u0447\u0430\u0441 \u0447\u0438\u0442\u0430\u043d\u043d\u044f\" \/>\n\t<meta name=\"twitter:data1\" content=\"3 \u0445\u0432\u0438\u043b\u0438\u043d\u0438\" \/>\n<script type=\"application\/ld+json\" class=\"yoast-schema-graph\">{\"@context\":\"https:\/\/schema.org\",\"@graph\":[{\"@type\":\"WebPage\",\"@id\":\"https:\/\/gs-hude-sued.de\/impressum\/\",\"url\":\"https:\/\/gs-hude-sued.de\/impressum\/\",\"name\":\"Impressum der Grundschule Hude-S\u00fcd \u2013 Kontakt & Rechtstext\",\"isPartOf\":{\"@id\":\"https:\/\/gs-hude-sued.de\/#website\"},\"primaryImageOfPage\":{\"@id\":\"https:\/\/gs-hude-sued.de\/impressum\/#primaryimage\"},\"image\":{\"@id\":\"https:\/\/gs-hude-sued.de\/impressum\/#primaryimage\"},\"thumbnailUrl\":\"https:\/\/gs-hude-sued.de\/wp-content\/uploads\/2025\/10\/Gemini_Generated_Image_lny86qlny86qlny8.png\",\"datePublished\":\"2025-10-02T07:50:12+00:00\",\"dateModified\":\"2025-10-15T13:17:15+00:00\",\"description\":\"Das Impressum der Grundschule Hude-S\u00fcd informiert \u00fcber Zust\u00e4ndigkeiten, Haftung und Datenschutz. F\u00fcr Anfragen kontaktieren Sie datenschutz@gs-hude-sued.de.\",\"breadcrumb\":{\"@id\":\"https:\/\/gs-hude-sued.de\/impressum\/#breadcrumb\"},\"inLanguage\":\"uk\",\"potentialAction\":[{\"@type\":\"ReadAction\",\"target\":[\"https:\/\/gs-hude-sued.de\/impressum\/\"]}]},{\"@type\":\"ImageObject\",\"inLanguage\":\"uk\",\"@id\":\"https:\/\/gs-hude-sued.de\/impressum\/#primaryimage\",\"url\":\"https:\/\/gs-hude-sued.de\/wp-content\/uploads\/2025\/10\/Gemini_Generated_Image_lny86qlny86qlny8.png\",\"contentUrl\":\"https:\/\/gs-hude-sued.de\/wp-content\/uploads\/2025\/10\/Gemini_Generated_Image_lny86qlny86qlny8.png\",\"width\":400,\"height\":640,\"caption\":\"Das M\u00e4dchen untersucht die Lern\u00fcbungen spielerisch mit einer Lupe. Sie ist neugierig und motiviert.\"},{\"@type\":\"BreadcrumbList\",\"@id\":\"https:\/\/gs-hude-sued.de\/impressum\/#breadcrumb\",\"itemListElement\":[{\"@type\":\"ListItem\",\"position\":1,\"name\":\"Startseite\",\"item\":\"https:\/\/gs-hude-sued.de\/\"},{\"@type\":\"ListItem\",\"position\":2,\"name\":\"Impressum\"}]},{\"@type\":\"WebSite\",\"@id\":\"https:\/\/gs-hude-sued.de\/#website\",\"url\":\"https:\/\/gs-hude-sued.de\/\",\"name\":\"Grundschule Hude S\u00fcd\",\"description\":\"Grundschule Hude-S\u00fcd \u2013 Miteinander stark f\u00fcr die Zukunft.\",\"potentialAction\":[{\"@type\":\"SearchAction\",\"target\":{\"@type\":\"EntryPoint\",\"urlTemplate\":\"https:\/\/gs-hude-sued.de\/?s={search_term_string}\"},\"query-input\":{\"@type\":\"PropertyValueSpecification\",\"valueRequired\":true,\"valueName\":\"search_term_string\"}}],\"inLanguage\":\"uk\"}]}<\/script>\n<!-- \/ Yoast SEO Premium plugin. -->","yoast_head_json":{"title":"\u0412\u0438\u0445\u0456\u0434\u043d\u0456 \u0434\u0430\u043d\u0456 \u043f\u043e\u0447\u0430\u0442\u043a\u043e\u0432\u043e\u0457 \u0448\u043a\u043e\u043b\u0438 \u0425\u0443\u0434\u0435-\u0417\u044e\u0434 \u2013 \u043a\u043e\u043d\u0442\u0430\u043a\u0442\u043d\u0430 \u0442\u0430 \u044e\u0440\u0438\u0434\u0438\u0447\u043d\u0430 \u0456\u043d\u0444\u043e\u0440\u043c\u0430\u0446\u0456\u044f","description":"\u0412\u0438\u0445\u0456\u0434\u043d\u0456 \u0434\u0430\u043d\u0456 \u043f\u043e\u0447\u0430\u0442\u043a\u043e\u0432\u043e\u0457 \u0448\u043a\u043e\u043b\u0438 \u0425\u0443\u0434\u0435-\u0417\u044e\u0434 \u043c\u0456\u0441\u0442\u044f\u0442\u044c \u0456\u043d\u0444\u043e\u0440\u043c\u0430\u0446\u0456\u044e \u043f\u0440\u043e \u043e\u0431\u043e\u0432&#039;\u044f\u0437\u043a\u0438, \u0432\u0456\u0434\u043f\u043e\u0432\u0456\u0434\u0430\u043b\u044c\u043d\u0456\u0441\u0442\u044c \u0442\u0430 \u0437\u0430\u0445\u0438\u0441\u0442 \u0434\u0430\u043d\u0438\u0445. \u0417 \u043f\u0438\u0442\u0430\u043d\u044c \u0437\u0432\u0435\u0440\u0442\u0430\u0439\u0442\u0435\u0441\u044f \u0437\u0430 \u0430\u0434\u0440\u0435\u0441\u043e\u044e datenschutz@gs-hude-sued.de.","robots":{"index":"index","follow":"follow","max-snippet":"max-snippet:-1","max-image-preview":"max-image-preview:large","max-video-preview":"max-video-preview:-1"},"canonical":"https:\/\/gs-hude-sued.de\/uk\/\u0432\u0438\u0445\u0456\u0434\u043d\u0438\u0439-\u043c\u0430\u0442\u0435\u0440\u0456\u0430\u043b\/","og_locale":"uk_UA","og_type":"article","og_title":"Impressum","og_description":"Das Impressum der Grundschule Hude-S\u00fcd informiert \u00fcber Zust\u00e4ndigkeiten, Haftung und Datenschutz. F\u00fcr Anfragen kontaktieren Sie datenschutz@gs-hude-sued.de.","og_url":"https:\/\/gs-hude-sued.de\/uk\/\u0432\u0438\u0445\u0456\u0434\u043d\u0438\u0439-\u043c\u0430\u0442\u0435\u0440\u0456\u0430\u043b\/","og_site_name":"Grundschule Hude S\u00fcd","article_modified_time":"2025-10-15T13:17:15+00:00","og_image":[{"width":400,"height":640,"url":"https:\/\/gs-hude-sued.de\/wp-content\/uploads\/2025\/10\/Gemini_Generated_Image_lny86qlny86qlny8.png","type":"image\/png"}],"twitter_card":"summary_large_image","twitter_misc":{"\u041f\u0440\u0438\u0431\u043b. \u0447\u0430\u0441 \u0447\u0438\u0442\u0430\u043d\u043d\u044f":"3 \u0445\u0432\u0438\u043b\u0438\u043d\u0438"},"schema":{"@context":"https:\/\/schema.org","@graph":[{"@type":"WebPage","@id":"https:\/\/gs-hude-sued.de\/impressum\/","url":"https:\/\/gs-hude-sued.de\/impressum\/","name":"\u0412\u0438\u0445\u0456\u0434\u043d\u0456 \u0434\u0430\u043d\u0456 \u043f\u043e\u0447\u0430\u0442\u043a\u043e\u0432\u043e\u0457 \u0448\u043a\u043e\u043b\u0438 \u0425\u0443\u0434\u0435-\u0417\u044e\u0434 \u2013 \u043a\u043e\u043d\u0442\u0430\u043a\u0442\u043d\u0430 \u0442\u0430 \u044e\u0440\u0438\u0434\u0438\u0447\u043d\u0430 \u0456\u043d\u0444\u043e\u0440\u043c\u0430\u0446\u0456\u044f","isPartOf":{"@id":"https:\/\/gs-hude-sued.de\/#website"},"primaryImageOfPage":{"@id":"https:\/\/gs-hude-sued.de\/impressum\/#primaryimage"},"image":{"@id":"https:\/\/gs-hude-sued.de\/impressum\/#primaryimage"},"thumbnailUrl":"https:\/\/gs-hude-sued.de\/wp-content\/uploads\/2025\/10\/Gemini_Generated_Image_lny86qlny86qlny8.png","datePublished":"2025-10-02T07:50:12+00:00","dateModified":"2025-10-15T13:17:15+00:00","description":"\u0412\u0438\u0445\u0456\u0434\u043d\u0456 \u0434\u0430\u043d\u0456 \u043f\u043e\u0447\u0430\u0442\u043a\u043e\u0432\u043e\u0457 \u0448\u043a\u043e\u043b\u0438 \u0425\u0443\u0434\u0435-\u0417\u044e\u0434 \u043c\u0456\u0441\u0442\u044f\u0442\u044c \u0456\u043d\u0444\u043e\u0440\u043c\u0430\u0446\u0456\u044e \u043f\u0440\u043e \u043e\u0431\u043e\u0432&#039;\u044f\u0437\u043a\u0438, \u0432\u0456\u0434\u043f\u043e\u0432\u0456\u0434\u0430\u043b\u044c\u043d\u0456\u0441\u0442\u044c \u0442\u0430 \u0437\u0430\u0445\u0438\u0441\u0442 \u0434\u0430\u043d\u0438\u0445. \u0417 \u043f\u0438\u0442\u0430\u043d\u044c \u0437\u0432\u0435\u0440\u0442\u0430\u0439\u0442\u0435\u0441\u044f \u0437\u0430 \u0430\u0434\u0440\u0435\u0441\u043e\u044e datenschutz@gs-hude-sued.de.","breadcrumb":{"@id":"https:\/\/gs-hude-sued.de\/impressum\/#breadcrumb"},"inLanguage":"uk","potentialAction":[{"@type":"ReadAction","target":["https:\/\/gs-hude-sued.de\/impressum\/"]}]},{"@type":"ImageObject","inLanguage":"uk","@id":"https:\/\/gs-hude-sued.de\/impressum\/#primaryimage","url":"https:\/\/gs-hude-sued.de\/wp-content\/uploads\/2025\/10\/Gemini_Generated_Image_lny86qlny86qlny8.png","contentUrl":"https:\/\/gs-hude-sued.de\/wp-content\/uploads\/2025\/10\/Gemini_Generated_Image_lny86qlny86qlny8.png","width":400,"height":640,"caption":"Das M\u00e4dchen untersucht die Lern\u00fcbungen spielerisch mit einer Lupe. Sie ist neugierig und motiviert."},{"@type":"BreadcrumbList","@id":"https:\/\/gs-hude-sued.de\/impressum\/#breadcrumb","itemListElement":[{"@type":"ListItem","position":1,"name":"Startseite","item":"https:\/\/gs-hude-sued.de\/"},{"@type":"ListItem","position":2,"name":"Impressum"}]},{"@type":"WebSite","@id":"https:\/\/gs-hude-sued.de\/#website","url":"https:\/\/gs-hude-sued.de\/","name":"\u041f\u043e\u0447\u0430\u0442\u043a\u043e\u0432\u0430 \u0448\u043a\u043e\u043b\u0430 \u0413\u0443\u0434\u0435 \u0421\u0430\u0443\u0442","description":"\u041f\u043e\u0447\u0430\u0442\u043a\u043e\u0432\u0430 \u0448\u043a\u043e\u043b\u0430 \u0425\u0443\u0434\u0435-\u0417\u044e\u0434 \u2013 \u0421\u0438\u043b\u044c\u043d\u0456 \u0440\u0430\u0437\u043e\u043c \u0437\u0430\u0440\u0430\u0434\u0438 \u043c\u0430\u0439\u0431\u0443\u0442\u043d\u044c\u043e\u0433\u043e.","potentialAction":[{"@type":"SearchAction","target":{"@type":"EntryPoint","urlTemplate":"https:\/\/gs-hude-sued.de\/?s={search_term_string}"},"query-input":{"@type":"PropertyValueSpecification","valueRequired":true,"valueName":"search_term_string"}}],"inLanguage":"uk"}]}},"_links":{"self":[{"href":"https:\/\/gs-hude-sued.de\/uk\/wp-json\/wp\/v2\/pages\/8","targetHints":{"allow":["GET"]}}],"collection":[{"href":"https:\/\/gs-hude-sued.de\/uk\/wp-json\/wp\/v2\/pages"}],"about":[{"href":"https:\/\/gs-hude-sued.de\/uk\/wp-json\/wp\/v2\/types\/page"}],"author":[{"embeddable":true,"href":"https:\/\/gs-hude-sued.de\/uk\/wp-json\/wp\/v2\/users\/1"}],"replies":[{"embeddable":true,"href":"https:\/\/gs-hude-sued.de\/uk\/wp-json\/wp\/v2\/comments?post=8"}],"version-history":[{"count":7,"href":"https:\/\/gs-hude-sued.de\/uk\/wp-json\/wp\/v2\/pages\/8\/revisions"}],"predecessor-version":[{"id":240636,"href":"https:\/\/gs-hude-sued.de\/uk\/wp-json\/wp\/v2\/pages\/8\/revisions\/240636"}],"wp:featuredmedia":[{"embeddable":true,"href":"https:\/\/gs-hude-sued.de\/uk\/wp-json\/wp\/v2\/media\/240585"}],"wp:attachment":[{"href":"https:\/\/gs-hude-sued.de\/uk\/wp-json\/wp\/v2\/media?parent=8"}],"curies":[{"name":"\u0412\u041f","href":"https:\/\/api.w.org\/{rel}","templated":true}]}}