{"id":241434,"date":"2026-04-08T07:01:33","date_gmt":"2026-04-08T05:01:33","guid":{"rendered":"https:\/\/gs-hude-sued.de\/?page_id=241434"},"modified":"2026-04-08T09:49:05","modified_gmt":"2026-04-08T07:49:05","slug":"%d0%b7%d0%b0%d0%b2%d0%b0%d0%bd%d1%82%d0%b0%d0%b6%d0%b5%d0%bd%d1%8c","status":"publish","type":"page","link":"https:\/\/gs-hude-sued.de\/uk\/%d0%b7%d0%b0%d0%b2%d0%b0%d0%bd%d1%82%d0%b0%d0%b6%d0%b5%d0%bd%d1%8c\/","title":{"rendered":"\u0417\u0430\u0432\u0430\u043d\u0442\u0430\u0436\u0435\u043d\u043d\u044f"},"content":{"rendered":"<p>[et_pb_section fb_built=&#8220;1&#8243; _builder_version=&#8220;4.27.6&#8243; _module_preset=&#8220;default&#8220; global_colors_info=&#8220;{}&#8220;][et_pb_row column_structure=&#8220;2_3,1_3&#8243; _builder_version=&#8220;4.27.6&#8243; _module_preset=&#8220;default&#8220; custom_css_main_element=&#8220;display: flex;||justify-content: center; ||align-items: center;&#8220; global_colors_info=&#8220;{}&#8220; custom_css_main_element_last_edited=&#8220;on|phone&#8220; custom_css_main_element_phone=&#8220;display: block;||justify-content: center; ||align-items: center;&#8220; custom_css_main_element_tablet=&#8220;display: flex;||justify-content: center; ||align-items: center;&#8220;][et_pb_column type=&#8220;2_3&#8243; _builder_version=&#8220;4.27.6&#8243; _module_preset=&#8220;default&#8220; global_colors_info=&#8220;{}&#8220;][et_pb_text _builder_version=&#8220;4.27.6&#8243; _module_preset=&#8220;default&#8220; global_colors_info=&#8220;{}&#8220;]<\/p>\n<h1>Downloads<\/h1>\n<p><span>Hier finden Sie alle wichtigen Dokumente, Materialien und Informationen geb\u00fcndelt an einem Ort \u2013 schnell, \u00fcbersichtlich und jederzeit verf\u00fcgbar.<\/span><\/p>\n<p>[\/et_pb_text][\/et_pb_column][et_pb_column type=&#8220;1_3&#8243; _builder_version=&#8220;4.27.6&#8243; _module_preset=&#8220;default&#8220; global_colors_info=&#8220;{}&#8220;][et_pb_image src=&#8220;https:\/\/gs-hude-sued.de\/wp-content\/uploads\/2026\/04\/Design-ohne-Titel.png&#8220; title_text=&#8220;Design ohne Titel&#8220; align=&#8220;center&#8220; disabled_on=&#8220;on|off|off&#8220; _builder_version=&#8220;4.27.6&#8243; _module_preset=&#8220;default&#8220; max_width=&#8220;200px&#8220; max_width_tablet=&#8220;150px&#8220; max_width_phone=&#8220;147px&#8220; max_width_last_edited=&#8220;on|phone&#8220; global_colors_info=&#8220;{}&#8220;][\/et_pb_image][\/et_pb_column][\/et_pb_row][et_pb_row _builder_version=&#8220;4.27.6&#8243; _module_preset=&#8220;default&#8220; global_colors_info=&#8220;{}&#8220;][et_pb_column type=&#8220;4_4&#8243; _builder_version=&#8220;4.27.6&#8243; _module_preset=&#8220;default&#8220; global_colors_info=&#8220;{}&#8220;][et_pb_accordion _builder_version=&#8220;4.27.6&#8243; _module_preset=&#8220;default&#8220; toggle_level=&#8220;h2&#8243; hover_enabled=&#8220;0&#8243; global_colors_info=&#8220;{}&#8220; sticky_enabled=&#8220;0&#8243;][et_pb_accordion_item title=&#8220;Schulanmeldung&#8220; open=&#8220;on&#8220; _builder_version=&#8220;4.27.6&#8243; _module_preset=&#8220;default&#8220; global_colors_info=&#8220;{}&#8220;]<\/p>\n<ul>\n<li><a href=\"https:\/\/gs-hude-sued.de\/wp-content\/uploads\/2026\/04\/Schuelerpersonalbogen-WN.pdf\" title=\"Jetzt herunteralden\">Sch\u00fclerpersonalbogen WN<\/a><\/li>\n<li><a href=\"https:\/\/gs-hude-sued.de\/wp-content\/uploads\/2026\/04\/Informationsblatt_fr_Erziehungsberechtigte_Einschulungstermin_Stand_Mrz_2024-2.pdf\" title=\"Jetzt herunterladen\"><span>Informationsblatt_fr_Erziehungsberechtigte_Einschulungstermin_Stand_Mrz_2024-2<\/span><\/a><\/li>\n<li><a href=\"https:\/\/gs-hude-sued.de\/wp-content\/uploads\/2026\/04\/Erklaerung-zur-Sorgeberechtigung.pdf\" title=\"Jetzt herunterladen\">Erkl\u00e4rung zur Sorgeberechtigung<\/a><\/li>\n<li><a href=\"https:\/\/gs-hude-sued.de\/wp-content\/uploads\/2026\/04\/Datenschutzabfrage.pdf\" title=\"Jetzt herunterladen\">Datenschutzabfrage<\/a><\/li>\n<li><a href=\"https:\/\/gs-hude-sued.de\/wp-content\/uploads\/2026\/04\/Belehrung-Eltern-Infektionsschutz.pdf\" title=\"Jetzt herunterladen\">Belehrung Eltern Infektionsschutz<\/a><\/li>\n<li><a href=\"https:\/\/gs-hude-sued.de\/wp-content\/uploads\/2026\/04\/Allgemeine-Infos.pdf\" title=\"Jetzt Herunterladen\">Allgemeine Infos<\/a><\/li>\n<li><a href=\"https:\/\/gs-hude-sued.de\/wp-content\/uploads\/2026\/04\/Abfrage-Notfallnummern.pdf\" title=\"Jetzt herunterladen\">Abfrage Notfallnummern<\/a><\/li>\n<\/ul>\n<p>[\/et_pb_accordion_item][et_pb_accordion_item title=&#8220;Konzepte unserer Schule&#8220; _builder_version=&#8220;4.27.6&#8243; _module_preset=&#8220;default&#8220; global_colors_info=&#8220;{}&#8220; open=&#8220;off&#8220;]<\/p>\n<ul>\n<li id=\"erziehungskonzept-der-grundschule-hude-sued-2\"><a href=\"https:\/\/gs-hude-sued.de\/wp-content\/uploads\/2025\/10\/erziehungskonzept-1.pdf\" title=\"Jetzt herunterladen\">Erziehungskonzept der Grundschule Hude-S\u00fcd<\/a><\/li>\n<li>\n<p id=\"aufsichtskonzept-heading\"><a href=\"https:\/\/gs-hude-sued.de\/wp-content\/uploads\/2025\/10\/aufsichtskonzept-der-grundschule-hude.pdf\" title=\"Jetzt herunterladen\">Aufsichtskonzept der Grundschule Hude-S\u00fcd<\/a><\/p>\n<\/li>\n<li>\n<p id=\"nachhaltigkeitsshykonzept-der-grundschule-hude-sued\"><a href=\"https:\/\/gs-hude-sued.de\/wp-content\/uploads\/2025\/10\/nachhaltigkeitskonzept.pdf\" title=\"Jetzt herunterladen\">Nachhaltigkeits\u00adkonzept der Grundschule Hude-S\u00fcd<\/a><\/p>\n<\/li>\n<li>\n<p id=\"medienshyentwicklungsshyplan-der-grundschule-hude-sued\"><a href=\"https:\/\/gs-hude-sued.de\/wp-content\/uploads\/2025\/10\/medienentwicklungsplan-gs-hude-sc3bcd.pdf\" title=\"Jetzt herunterladen\">Medien\u00adentwicklungs\u00adplan der Grundschule Hude-S\u00fcd<\/a><\/p>\n<\/li>\n<li>\n<p id=\"tiergestuetzte-paedagogik-an-der-grundschule-hude-sued-2\"><a href=\"https:\/\/gs-hude-sued.de\/wp-content\/uploads\/2025\/11\/9-Tiergestuetzte-Paedagogik-rudi-schneewittchen.docx\" title=\"Jetzt herunterladen\">Tiergest\u00fctzte P\u00e4dagogik an der Grundschule Hude-S\u00fcd<\/a><\/p>\n<\/li>\n<li>\n<p id=\"sportkonzept-der-grundschule-hude-sued-2\"><a href=\"https:\/\/gs-hude-sued.de\/wp-content\/uploads\/2025\/10\/sport-konzept.pdf\" title=\"Jetzt herunterladen\">Sportkonzept der Grundschule Hude-S\u00fcd<\/a><\/p>\n<\/li>\n<\/ul>\n<p>[\/et_pb_accordion_item][et_pb_accordion_item title=&#8220;Sonstige&#8220; _builder_version=&#8220;4.27.6&#8243; _module_preset=&#8220;default&#8220; hover_enabled=&#8220;0&#8243; sticky_enabled=&#8220;0&#8243;]<\/p>\n<ul>\n<li><a href=\"https:\/\/gs-hude-sued.de\/wp-content\/uploads\/2026\/04\/Jahresuebersicht-Verzehrtage-25_26.pdf\" title=\"Jetzt ansehen\">Jahres\u00fcbersicht Verzehrtage 25_26<\/a><\/li>\n<\/ul>\n<p>[\/et_pb_accordion_item][\/et_pb_accordion][\/et_pb_column][\/et_pb_row][\/et_pb_section]<\/p>\n","protected":false},"excerpt":{"rendered":"<p>Downloads Hier finden Sie alle wichtigen Dokumente, Materialien und Informationen geb\u00fcndelt an einem Ort \u2013 schnell, \u00fcbersichtlich und jederzeit verf\u00fcgbar. Sch\u00fclerpersonalbogen WN Informationsblatt_fr_Erziehungsberechtigte_Einschulungstermin_Stand_Mrz_2024-2 Erkl\u00e4rung zur Sorgeberechtigung Datenschutzabfrage Belehrung Eltern Infektionsschutz Allgemeine Infos Abfrage Notfallnummern Erziehungskonzept der Grundschule Hude-S\u00fcd Aufsichtskonzept der Grundschule Hude-S\u00fcd Nachhaltigkeits\u00adkonzept der Grundschule Hude-S\u00fcd Medien\u00adentwicklungs\u00adplan der Grundschule Hude-S\u00fcd Tiergest\u00fctzte P\u00e4dagogik an der Grundschule [&hellip;]<\/p>\n","protected":false},"author":1,"featured_media":0,"parent":0,"menu_order":0,"comment_status":"closed","ping_status":"closed","template":"","meta":{"_acf_changed":false,"_et_pb_use_builder":"on","_et_pb_old_content":"","_et_gb_content_width":"","footnotes":""},"class_list":["post-241434","page","type-page","status-publish","hentry"],"acf":[],"yoast_head":"<!-- This site is optimized with the Yoast SEO Premium plugin v26.0 (Yoast SEO v27.0) - https:\/\/yoast.com\/product\/yoast-seo-premium-wordpress\/ -->\n<title>Downloads - Grundschule Hude S\u00fcd<\/title>\n<meta name=\"robots\" content=\"noindex, follow\" \/>\n<meta property=\"og:locale\" content=\"uk_UA\" \/>\n<meta property=\"og:type\" content=\"article\" \/>\n<meta property=\"og:title\" content=\"Downloads\" \/>\n<meta property=\"og:description\" content=\"Downloads Hier finden Sie alle wichtigen Dokumente, Materialien und Informationen geb\u00fcndelt an einem Ort \u2013 schnell, \u00fcbersichtlich und jederzeit verf\u00fcgbar. Sch\u00fclerpersonalbogen WN Informationsblatt_fr_Erziehungsberechtigte_Einschulungstermin_Stand_Mrz_2024-2 Erkl\u00e4rung zur Sorgeberechtigung Datenschutzabfrage Belehrung Eltern Infektionsschutz Allgemeine Infos Abfrage Notfallnummern Erziehungskonzept der Grundschule Hude-S\u00fcd Aufsichtskonzept der Grundschule Hude-S\u00fcd Nachhaltigkeits\u00adkonzept der Grundschule Hude-S\u00fcd Medien\u00adentwicklungs\u00adplan der Grundschule Hude-S\u00fcd Tiergest\u00fctzte P\u00e4dagogik an der Grundschule [&hellip;]\" \/>\n<meta property=\"og:url\" content=\"https:\/\/gs-hude-sued.de\/uk\/\u0437\u0430\u0432\u0430\u043d\u0442\u0430\u0436\u0435\u043d\u044c\/\" \/>\n<meta property=\"og:site_name\" content=\"Grundschule Hude S\u00fcd\" \/>\n<meta property=\"article:modified_time\" content=\"2026-04-08T07:49:05+00:00\" \/>\n<meta name=\"twitter:card\" content=\"summary_large_image\" \/>\n<script type=\"application\/ld+json\" class=\"yoast-schema-graph\">{\"@context\":\"https:\/\/schema.org\",\"@graph\":[{\"@type\":\"WebPage\",\"@id\":\"https:\/\/gs-hude-sued.de\/downloads\/\",\"url\":\"https:\/\/gs-hude-sued.de\/downloads\/\",\"name\":\"Downloads - Grundschule Hude S\u00fcd\",\"isPartOf\":{\"@id\":\"https:\/\/gs-hude-sued.de\/#website\"},\"datePublished\":\"2026-04-08T05:01:33+00:00\",\"dateModified\":\"2026-04-08T07:49:05+00:00\",\"breadcrumb\":{\"@id\":\"https:\/\/gs-hude-sued.de\/downloads\/#breadcrumb\"},\"inLanguage\":\"uk\",\"potentialAction\":[{\"@type\":\"ReadAction\",\"target\":[\"https:\/\/gs-hude-sued.de\/downloads\/\"]}]},{\"@type\":\"BreadcrumbList\",\"@id\":\"https:\/\/gs-hude-sued.de\/downloads\/#breadcrumb\",\"itemListElement\":[{\"@type\":\"ListItem\",\"position\":1,\"name\":\"Startseite\",\"item\":\"https:\/\/gs-hude-sued.de\/\"},{\"@type\":\"ListItem\",\"position\":2,\"name\":\"Downloads\"}]},{\"@type\":\"WebSite\",\"@id\":\"https:\/\/gs-hude-sued.de\/#website\",\"url\":\"https:\/\/gs-hude-sued.de\/\",\"name\":\"Grundschule Hude S\u00fcd\",\"description\":\"Grundschule Hude-S\u00fcd \u2013 Miteinander stark f\u00fcr die Zukunft.\",\"potentialAction\":[{\"@type\":\"SearchAction\",\"target\":{\"@type\":\"EntryPoint\",\"urlTemplate\":\"https:\/\/gs-hude-sued.de\/?s={search_term_string}\"},\"query-input\":{\"@type\":\"PropertyValueSpecification\",\"valueRequired\":true,\"valueName\":\"search_term_string\"}}],\"inLanguage\":\"uk\"}]}<\/script>\n<!-- \/ Yoast SEO Premium plugin. -->","yoast_head_json":{"title":"\u0417\u0430\u0432\u0430\u043d\u0442\u0430\u0436\u0435\u043d\u043d\u044f - \u041f\u043e\u0447\u0430\u0442\u043a\u043e\u0432\u0430 \u0448\u043a\u043e\u043b\u0430 \u0413\u0443\u0434\u0435 \u0421\u0430\u0443\u0442","robots":{"index":"noindex","follow":"follow"},"og_locale":"uk_UA","og_type":"article","og_title":"Downloads","og_description":"Downloads Hier finden Sie alle wichtigen Dokumente, Materialien und Informationen geb\u00fcndelt an einem Ort \u2013 schnell, \u00fcbersichtlich und jederzeit verf\u00fcgbar. Sch\u00fclerpersonalbogen WN Informationsblatt_fr_Erziehungsberechtigte_Einschulungstermin_Stand_Mrz_2024-2 Erkl\u00e4rung zur Sorgeberechtigung Datenschutzabfrage Belehrung Eltern Infektionsschutz Allgemeine Infos Abfrage Notfallnummern Erziehungskonzept der Grundschule Hude-S\u00fcd Aufsichtskonzept der Grundschule Hude-S\u00fcd Nachhaltigkeits\u00adkonzept der Grundschule Hude-S\u00fcd Medien\u00adentwicklungs\u00adplan der Grundschule Hude-S\u00fcd Tiergest\u00fctzte P\u00e4dagogik an der Grundschule [&hellip;]","og_url":"https:\/\/gs-hude-sued.de\/uk\/\u0437\u0430\u0432\u0430\u043d\u0442\u0430\u0436\u0435\u043d\u044c\/","og_site_name":"Grundschule Hude S\u00fcd","article_modified_time":"2026-04-08T07:49:05+00:00","twitter_card":"summary_large_image","schema":{"@context":"https:\/\/schema.org","@graph":[{"@type":"WebPage","@id":"https:\/\/gs-hude-sued.de\/downloads\/","url":"https:\/\/gs-hude-sued.de\/downloads\/","name":"\u0417\u0430\u0432\u0430\u043d\u0442\u0430\u0436\u0435\u043d\u043d\u044f - \u041f\u043e\u0447\u0430\u0442\u043a\u043e\u0432\u0430 \u0448\u043a\u043e\u043b\u0430 \u0413\u0443\u0434\u0435 \u0421\u0430\u0443\u0442","isPartOf":{"@id":"https:\/\/gs-hude-sued.de\/#website"},"datePublished":"2026-04-08T05:01:33+00:00","dateModified":"2026-04-08T07:49:05+00:00","breadcrumb":{"@id":"https:\/\/gs-hude-sued.de\/downloads\/#breadcrumb"},"inLanguage":"uk","potentialAction":[{"@type":"ReadAction","target":["https:\/\/gs-hude-sued.de\/downloads\/"]}]},{"@type":"BreadcrumbList","@id":"https:\/\/gs-hude-sued.de\/downloads\/#breadcrumb","itemListElement":[{"@type":"ListItem","position":1,"name":"Startseite","item":"https:\/\/gs-hude-sued.de\/"},{"@type":"ListItem","position":2,"name":"Downloads"}]},{"@type":"WebSite","@id":"https:\/\/gs-hude-sued.de\/#website","url":"https:\/\/gs-hude-sued.de\/","name":"\u041f\u043e\u0447\u0430\u0442\u043a\u043e\u0432\u0430 \u0448\u043a\u043e\u043b\u0430 \u0413\u0443\u0434\u0435 \u0421\u0430\u0443\u0442","description":"\u041f\u043e\u0447\u0430\u0442\u043a\u043e\u0432\u0430 \u0448\u043a\u043e\u043b\u0430 \u0425\u0443\u0434\u0435-\u0417\u044e\u0434 \u2013 \u0421\u0438\u043b\u044c\u043d\u0456 \u0440\u0430\u0437\u043e\u043c \u0437\u0430\u0440\u0430\u0434\u0438 \u043c\u0430\u0439\u0431\u0443\u0442\u043d\u044c\u043e\u0433\u043e.","potentialAction":[{"@type":"SearchAction","target":{"@type":"EntryPoint","urlTemplate":"https:\/\/gs-hude-sued.de\/?s={search_term_string}"},"query-input":{"@type":"PropertyValueSpecification","valueRequired":true,"valueName":"search_term_string"}}],"inLanguage":"uk"}]}},"_links":{"self":[{"href":"https:\/\/gs-hude-sued.de\/uk\/wp-json\/wp\/v2\/pages\/241434","targetHints":{"allow":["GET"]}}],"collection":[{"href":"https:\/\/gs-hude-sued.de\/uk\/wp-json\/wp\/v2\/pages"}],"about":[{"href":"https:\/\/gs-hude-sued.de\/uk\/wp-json\/wp\/v2\/types\/page"}],"author":[{"embeddable":true,"href":"https:\/\/gs-hude-sued.de\/uk\/wp-json\/wp\/v2\/users\/1"}],"replies":[{"embeddable":true,"href":"https:\/\/gs-hude-sued.de\/uk\/wp-json\/wp\/v2\/comments?post=241434"}],"version-history":[{"count":4,"href":"https:\/\/gs-hude-sued.de\/uk\/wp-json\/wp\/v2\/pages\/241434\/revisions"}],"predecessor-version":[{"id":241508,"href":"https:\/\/gs-hude-sued.de\/uk\/wp-json\/wp\/v2\/pages\/241434\/revisions\/241508"}],"wp:attachment":[{"href":"https:\/\/gs-hude-sued.de\/uk\/wp-json\/wp\/v2\/media?parent=241434"}],"curies":[{"name":"\u0412\u041f","href":"https:\/\/api.w.org\/{rel}","templated":true}]}}