{"id":241333,"date":"2026-02-23T12:03:28","date_gmt":"2026-02-23T11:03:28","guid":{"rendered":"https:\/\/gs-hude-sued.de\/?page_id=241333"},"modified":"2026-02-23T12:10:41","modified_gmt":"2026-02-23T11:10:41","slug":"%d0%ba%d0%bb%d0%b0%d1%81-%d1%81%d0%bf%d1%96%d0%b2%d0%bf%d1%80%d0%b0%d1%86%d1%96","status":"publish","type":"page","link":"https:\/\/gs-hude-sued.de\/uk\/%d0%ba%d0%bb%d0%b0%d1%81-%d1%81%d0%bf%d1%96%d0%b2%d0%bf%d1%80%d0%b0%d1%86%d1%96\/","title":{"rendered":"\u041a\u043b\u0430\u0441 \u0441\u043f\u0456\u0432\u043f\u0440\u0430\u0446\u0456"},"content":{"rendered":"<p>[et_pb_section fb_built=&#8220;1&#8243; theme_builder_area=&#8220;post_content&#8220; _builder_version=&#8220;4.27.5&#8243; _module_preset=&#8220;default&#8220;][et_pb_row _builder_version=&#8220;4.27.5&#8243; _module_preset=&#8220;default&#8220; theme_builder_area=&#8220;post_content&#8220;][et_pb_column _builder_version=&#8220;4.27.5&#8243; _module_preset=&#8220;default&#8220; type=&#8220;4_4&#8243; theme_builder_area=&#8220;post_content&#8220;][et_pb_text _builder_version=&#8220;4.27.5&#8243; _module_preset=&#8220;default&#8220; theme_builder_area=&#8220;post_content&#8220; hover_enabled=&#8220;0&#8243; sticky_enabled=&#8220;0&#8243;]<\/p>\n<h1>Kooperationsklasse F\u00f6rderschwerpunkt Geistige Entwicklung<\/h1>\n<p>Seit dem Schuljahr 2013 \/ 2014 wird eine Primarstufenklasse des F\u00f6rderschwerpunktes Geistige Entwicklung der Schule Vielstedter Stra\u00dfe an der Grundschule Hude-S\u00fcd als Kooperationsklasse beschult. Im Schuljahr 2021\/22 ist diese Kooperation verstetigt und f\u00fcr die kommenden Jahre festgeschrieben worden. Grundsch\u00fcler und F\u00f6rdersch\u00fcler lernen gemeinsam in einigen F\u00e4chern z.B. in Sport, Schwimmen, Musik oder beim Besuch au\u00dferschulischer Lernorte. Auch die Pausen, Feste, Feiern, Projektwochen, Klassenfahrten werden gemeinsam erlebt. Alle Kinder lernen dabei viel voneinander!<\/p>\n<p>[\/et_pb_text][\/et_pb_column][\/et_pb_row][\/et_pb_section]<\/p>\n","protected":false},"excerpt":{"rendered":"<p>Kooperationsklasse F\u00f6rderschwerpunkt Geistige Entwicklung Seit dem Schuljahr 2013 \/ 2014 wird eine Primarstufenklasse des F\u00f6rderschwerpunktes Geistige Entwicklung der Schule Vielstedter Stra\u00dfe an der Grundschule Hude-S\u00fcd als Kooperationsklasse beschult. Im Schuljahr 2021\/22 ist diese Kooperation verstetigt und f\u00fcr die kommenden Jahre festgeschrieben worden. Grundsch\u00fcler und F\u00f6rdersch\u00fcler lernen gemeinsam in einigen F\u00e4chern z.B. in Sport, Schwimmen, Musik [&hellip;]<\/p>\n","protected":false},"author":1,"featured_media":0,"parent":0,"menu_order":0,"comment_status":"closed","ping_status":"closed","template":"","meta":{"_acf_changed":false,"_et_pb_use_builder":"on","_et_pb_old_content":"","_et_gb_content_width":"","footnotes":""},"class_list":["post-241333","page","type-page","status-publish","hentry"],"acf":[],"yoast_head":"<!-- This site is optimized with the Yoast SEO Premium plugin v26.0 (Yoast SEO v27.0) - https:\/\/yoast.com\/product\/yoast-seo-premium-wordpress\/ -->\n<title>Kooperationsklasse - Grundschule Hude S\u00fcd<\/title>\n<meta name=\"robots\" content=\"index, follow, max-snippet:-1, max-image-preview:large, max-video-preview:-1\" \/>\n<link rel=\"canonical\" href=\"https:\/\/gs-hude-sued.de\/uk\/\u043a\u043b\u0430\u0441-\u0441\u043f\u0456\u0432\u043f\u0440\u0430\u0446\u0456\/\" \/>\n<meta property=\"og:locale\" content=\"uk_UA\" \/>\n<meta property=\"og:type\" content=\"article\" \/>\n<meta property=\"og:title\" content=\"Kooperationsklasse\" \/>\n<meta property=\"og:description\" content=\"Kooperationsklasse F\u00f6rderschwerpunkt Geistige Entwicklung Seit dem Schuljahr 2013 \/ 2014 wird eine Primarstufenklasse des F\u00f6rderschwerpunktes Geistige Entwicklung der Schule Vielstedter Stra\u00dfe an der Grundschule Hude-S\u00fcd als Kooperationsklasse beschult. Im Schuljahr 2021\/22 ist diese Kooperation verstetigt und f\u00fcr die kommenden Jahre festgeschrieben worden. Grundsch\u00fcler und F\u00f6rdersch\u00fcler lernen gemeinsam in einigen F\u00e4chern z.B. in Sport, Schwimmen, Musik [&hellip;]\" \/>\n<meta property=\"og:url\" content=\"https:\/\/gs-hude-sued.de\/uk\/\u043a\u043b\u0430\u0441-\u0441\u043f\u0456\u0432\u043f\u0440\u0430\u0446\u0456\/\" \/>\n<meta property=\"og:site_name\" content=\"Grundschule Hude S\u00fcd\" \/>\n<meta property=\"article:modified_time\" content=\"2026-02-23T11:10:41+00:00\" \/>\n<meta name=\"twitter:card\" content=\"summary_large_image\" \/>\n<script type=\"application\/ld+json\" class=\"yoast-schema-graph\">{\"@context\":\"https:\/\/schema.org\",\"@graph\":[{\"@type\":\"WebPage\",\"@id\":\"https:\/\/gs-hude-sued.de\/kooperationsklasse\/\",\"url\":\"https:\/\/gs-hude-sued.de\/kooperationsklasse\/\",\"name\":\"Kooperationsklasse - Grundschule Hude S\u00fcd\",\"isPartOf\":{\"@id\":\"https:\/\/gs-hude-sued.de\/#website\"},\"datePublished\":\"2026-02-23T11:03:28+00:00\",\"dateModified\":\"2026-02-23T11:10:41+00:00\",\"breadcrumb\":{\"@id\":\"https:\/\/gs-hude-sued.de\/kooperationsklasse\/#breadcrumb\"},\"inLanguage\":\"uk\",\"potentialAction\":[{\"@type\":\"ReadAction\",\"target\":[\"https:\/\/gs-hude-sued.de\/kooperationsklasse\/\"]}]},{\"@type\":\"BreadcrumbList\",\"@id\":\"https:\/\/gs-hude-sued.de\/kooperationsklasse\/#breadcrumb\",\"itemListElement\":[{\"@type\":\"ListItem\",\"position\":1,\"name\":\"Startseite\",\"item\":\"https:\/\/gs-hude-sued.de\/\"},{\"@type\":\"ListItem\",\"position\":2,\"name\":\"Kooperationsklasse\"}]},{\"@type\":\"WebSite\",\"@id\":\"https:\/\/gs-hude-sued.de\/#website\",\"url\":\"https:\/\/gs-hude-sued.de\/\",\"name\":\"Grundschule Hude S\u00fcd\",\"description\":\"Grundschule Hude-S\u00fcd \u2013 Miteinander stark f\u00fcr die Zukunft.\",\"potentialAction\":[{\"@type\":\"SearchAction\",\"target\":{\"@type\":\"EntryPoint\",\"urlTemplate\":\"https:\/\/gs-hude-sued.de\/?s={search_term_string}\"},\"query-input\":{\"@type\":\"PropertyValueSpecification\",\"valueRequired\":true,\"valueName\":\"search_term_string\"}}],\"inLanguage\":\"uk\"}]}<\/script>\n<!-- \/ Yoast SEO Premium plugin. -->","yoast_head_json":{"title":"\u041a\u043b\u0430\u0441 \u0441\u043f\u0456\u0432\u043f\u0440\u0430\u0446\u0456 - \u041f\u043e\u0447\u0430\u0442\u043a\u043e\u0432\u0430 \u0448\u043a\u043e\u043b\u0430 \u0413\u0443\u0434\u0435 \u0421\u0430\u0443\u0442","robots":{"index":"index","follow":"follow","max-snippet":"max-snippet:-1","max-image-preview":"max-image-preview:large","max-video-preview":"max-video-preview:-1"},"canonical":"https:\/\/gs-hude-sued.de\/uk\/\u043a\u043b\u0430\u0441-\u0441\u043f\u0456\u0432\u043f\u0440\u0430\u0446\u0456\/","og_locale":"uk_UA","og_type":"article","og_title":"Kooperationsklasse","og_description":"Kooperationsklasse F\u00f6rderschwerpunkt Geistige Entwicklung Seit dem Schuljahr 2013 \/ 2014 wird eine Primarstufenklasse des F\u00f6rderschwerpunktes Geistige Entwicklung der Schule Vielstedter Stra\u00dfe an der Grundschule Hude-S\u00fcd als Kooperationsklasse beschult. Im Schuljahr 2021\/22 ist diese Kooperation verstetigt und f\u00fcr die kommenden Jahre festgeschrieben worden. Grundsch\u00fcler und F\u00f6rdersch\u00fcler lernen gemeinsam in einigen F\u00e4chern z.B. in Sport, Schwimmen, Musik [&hellip;]","og_url":"https:\/\/gs-hude-sued.de\/uk\/\u043a\u043b\u0430\u0441-\u0441\u043f\u0456\u0432\u043f\u0440\u0430\u0446\u0456\/","og_site_name":"Grundschule Hude S\u00fcd","article_modified_time":"2026-02-23T11:10:41+00:00","twitter_card":"summary_large_image","schema":{"@context":"https:\/\/schema.org","@graph":[{"@type":"WebPage","@id":"https:\/\/gs-hude-sued.de\/kooperationsklasse\/","url":"https:\/\/gs-hude-sued.de\/kooperationsklasse\/","name":"\u041a\u043b\u0430\u0441 \u0441\u043f\u0456\u0432\u043f\u0440\u0430\u0446\u0456 - \u041f\u043e\u0447\u0430\u0442\u043a\u043e\u0432\u0430 \u0448\u043a\u043e\u043b\u0430 \u0413\u0443\u0434\u0435 \u0421\u0430\u0443\u0442","isPartOf":{"@id":"https:\/\/gs-hude-sued.de\/#website"},"datePublished":"2026-02-23T11:03:28+00:00","dateModified":"2026-02-23T11:10:41+00:00","breadcrumb":{"@id":"https:\/\/gs-hude-sued.de\/kooperationsklasse\/#breadcrumb"},"inLanguage":"uk","potentialAction":[{"@type":"ReadAction","target":["https:\/\/gs-hude-sued.de\/kooperationsklasse\/"]}]},{"@type":"BreadcrumbList","@id":"https:\/\/gs-hude-sued.de\/kooperationsklasse\/#breadcrumb","itemListElement":[{"@type":"ListItem","position":1,"name":"Startseite","item":"https:\/\/gs-hude-sued.de\/"},{"@type":"ListItem","position":2,"name":"Kooperationsklasse"}]},{"@type":"WebSite","@id":"https:\/\/gs-hude-sued.de\/#website","url":"https:\/\/gs-hude-sued.de\/","name":"\u041f\u043e\u0447\u0430\u0442\u043a\u043e\u0432\u0430 \u0448\u043a\u043e\u043b\u0430 \u0413\u0443\u0434\u0435 \u0421\u0430\u0443\u0442","description":"\u041f\u043e\u0447\u0430\u0442\u043a\u043e\u0432\u0430 \u0448\u043a\u043e\u043b\u0430 \u0425\u0443\u0434\u0435-\u0417\u044e\u0434 \u2013 \u0421\u0438\u043b\u044c\u043d\u0456 \u0440\u0430\u0437\u043e\u043c \u0437\u0430\u0440\u0430\u0434\u0438 \u043c\u0430\u0439\u0431\u0443\u0442\u043d\u044c\u043e\u0433\u043e.","potentialAction":[{"@type":"SearchAction","target":{"@type":"EntryPoint","urlTemplate":"https:\/\/gs-hude-sued.de\/?s={search_term_string}"},"query-input":{"@type":"PropertyValueSpecification","valueRequired":true,"valueName":"search_term_string"}}],"inLanguage":"uk"}]}},"_links":{"self":[{"href":"https:\/\/gs-hude-sued.de\/uk\/wp-json\/wp\/v2\/pages\/241333","targetHints":{"allow":["GET"]}}],"collection":[{"href":"https:\/\/gs-hude-sued.de\/uk\/wp-json\/wp\/v2\/pages"}],"about":[{"href":"https:\/\/gs-hude-sued.de\/uk\/wp-json\/wp\/v2\/types\/page"}],"author":[{"embeddable":true,"href":"https:\/\/gs-hude-sued.de\/uk\/wp-json\/wp\/v2\/users\/1"}],"replies":[{"embeddable":true,"href":"https:\/\/gs-hude-sued.de\/uk\/wp-json\/wp\/v2\/comments?post=241333"}],"version-history":[{"count":3,"href":"https:\/\/gs-hude-sued.de\/uk\/wp-json\/wp\/v2\/pages\/241333\/revisions"}],"predecessor-version":[{"id":241338,"href":"https:\/\/gs-hude-sued.de\/uk\/wp-json\/wp\/v2\/pages\/241333\/revisions\/241338"}],"wp:attachment":[{"href":"https:\/\/gs-hude-sued.de\/uk\/wp-json\/wp\/v2\/media?parent=241333"}],"curies":[{"name":"\u0412\u041f","href":"https:\/\/api.w.org\/{rel}","templated":true}]}}