{"id":240310,"date":"2025-10-06T14:04:10","date_gmt":"2025-10-06T12:04:10","guid":{"rendered":"https:\/\/gs-hude-sued.de\/?page_id=240310"},"modified":"2026-04-08T08:53:17","modified_gmt":"2026-04-08T06:53:17","slug":"%d1%80%d0%b5%d1%94%d1%81%d1%82%d1%80%d0%b0%d1%86%d1%96%d0%b9-%d1%83-%d1%88%d0%ba%d0%be%d0%bb%d0%b0%d1%85","status":"publish","type":"page","link":"https:\/\/gs-hude-sued.de\/uk\/%d0%bf%d1%80%d0%be%d1%84%d1%96%d0%bb%d1%8c-%d0%bd%d0%b0%d1%88%d0%be%d1%97-%d1%88%d0%ba%d0%be%d0%bb%d0%b8\/%d1%80%d0%b5%d1%94%d1%81%d1%82%d1%80%d0%b0%d1%86%d1%96%d0%b9-%d1%83-%d1%88%d0%ba%d0%be%d0%bb%d0%b0%d1%85\/","title":{"rendered":"\u0420\u0435\u0454\u0441\u0442\u0440\u0430\u0446\u0456\u044f \u0434\u043e \u0448\u043a\u043e\u043b\u0438"},"content":{"rendered":"<p>[et_pb_section fb_built=&#8220;1&#8243; _builder_version=&#8220;4.27.4&#8243; _module_preset=&#8220;default&#8220; global_colors_info=&#8220;{}&#8220;][et_pb_row column_structure=&#8220;1_2,1_2&#8243; _builder_version=&#8220;4.27.6&#8243; _module_preset=&#8220;default&#8220; custom_padding=&#8220;0px||0px||true|false&#8220; custom_css_main_element=&#8220;display: flex;||justify-content: center; ||align-items: center;||&#8220; global_colors_info=&#8220;{}&#8220; custom_css_main_element_last_edited=&#8220;on|phone&#8220; custom_css_main_element_tablet=&#8220;display: flex;||justify-content: center; ||align-items: center;||&#8220; custom_css_main_element_phone=&#8220;display: flex;||justify-content: center; ||align-items: center;||&#8220;][et_pb_column type=&#8220;1_2&#8243; _builder_version=&#8220;4.27.4&#8243; _module_preset=&#8220;default&#8220; global_colors_info=&#8220;{}&#8220;][et_pb_text _builder_version=&#8220;4.27.6&#8243; _module_preset=&#8220;default&#8220; global_colors_info=&#8220;{}&#8220;]<\/p>\n<h1>Schulanmeldung<\/h1>\n<p><strong>Ihr Kind geht noch nicht in unsere Schule, wird es aber bald?<\/strong><br \/>Dann haben wir hier einige Informationen f\u00fcr Sie, die Ihnen vielleicht weiterhelfen.<\/p>\n<p>Der allererste Informationselternabend, an dem Sie \u00fcber die Schulanmeldung informiert und die ersten Informationen \u00fcber die Schule allgemein erhalten, findet f\u00fcr gew\u00f6hnlich im Fr\u00fchjahr des Vorjahres, in dem Ihr Kind schulpflichtig wird, statt.<br \/>Eine Schulanmeldung muss erfolgen, auch wenn Sie von der Flexibilisierungsregelung Gebrauch machen m\u00f6chten.<\/p>\n<p>&nbsp;<\/p>\n<p>[\/et_pb_text][\/et_pb_column][et_pb_column type=&#8220;1_2&#8243; _builder_version=&#8220;4.27.4&#8243; _module_preset=&#8220;default&#8220; global_colors_info=&#8220;{}&#8220;][et_pb_image src=&#8220;https:\/\/gs-hude-sued.de\/wp-content\/uploads\/2026\/04\/Design-ohne-Titel-2.png&#8220; module_class=&#8220;hidden&#8220; _builder_version=&#8220;4.27.6&#8243; _module_preset=&#8220;default&#8220; max_width=&#8220;400px&#8220; hover_enabled=&#8220;0&#8243; global_colors_info=&#8220;{}&#8220; sticky_enabled=&#8220;0&#8243;][\/et_pb_image][\/et_pb_column][\/et_pb_row][et_pb_row column_structure=&#8220;1_2,1_2&#8243; _builder_version=&#8220;4.27.6&#8243; _module_preset=&#8220;default&#8220; global_colors_info=&#8220;{}&#8220;][et_pb_column type=&#8220;1_2&#8243; _builder_version=&#8220;4.27.6&#8243; _module_preset=&#8220;default&#8220; global_colors_info=&#8220;{}&#8220;][et_pb_text _builder_version=&#8220;4.27.6&#8243; _module_preset=&#8220;default&#8220; global_colors_info=&#8220;{}&#8220;]F\u00fcr Kinder, die in dem Zeitraum vom 1. Juli bis zum 30. September eines Jahres das sechste<br \/>\nLebensjahr vollenden, k\u00f6nnen die Erziehungsberechtigten den Schulbesuch durch schriftliche Erkl\u00e4rung gegen\u00fcber der Schule um ein Jahr hinausschieben; die formlose Erkl\u00e4rung ist vor dem Beginn des betreffenden Schuljahres bis zum 1. Mai gegen\u00fcber der Schule abzugeben. Sie muss nicht begr\u00fcndet werden. Hierzu reicht ein kurzes, formloses Schreiben an die Schule.<br \/>\nEs handelt sich um die Kinder, die in dem Zeitraum vom 2. Juli bis zum 1. Oktober ihren sechsten Geburtstag haben (siehe Informationsblatt zur Flexibilisierung des Einschulungstermins).[\/et_pb_text][\/et_pb_column][et_pb_column type=&#8220;1_2&#8243; _builder_version=&#8220;4.27.6&#8243; _module_preset=&#8220;default&#8220; global_colors_info=&#8220;{}&#8220;][et_pb_text _builder_version=&#8220;4.27.6&#8243; _module_preset=&#8220;default&#8220; global_colors_info=&#8220;{}&#8220;]Anbei k\u00f6nnen Sie Formulare und Informationsschreiben einsehen und herunterladen, die f\u00fcr ein zuk\u00fcnftiges Schulkind an unserer Schule relevant sind.<br \/>\nAlle Unterlagen werden Ihnen derzeitig auch nochmal ausgedruckt ca. 3 bis 4 Wochen vor dem Elternabend zugesendet![\/et_pb_text][et_pb_button button_url=&#8220;\/downloads\/&#8220; button_text=&#8220;Downloads&#8220; _builder_version=&#8220;4.27.6&#8243; _module_preset=&#8220;5ee2e0a2-34c9-4d36-a709-5e474dfe9612&#8243; global_colors_info=&#8220;{}&#8220;][\/et_pb_button][\/et_pb_column][\/et_pb_row][\/et_pb_section]<\/p>\n","protected":false},"excerpt":{"rendered":"<p>Schulanmeldung Ihr Kind geht noch nicht in unsere Schule, wird es aber bald?Dann haben wir hier einige Informationen f\u00fcr Sie, die Ihnen vielleicht weiterhelfen. Der allererste Informationselternabend, an dem Sie \u00fcber die Schulanmeldung informiert und die ersten Informationen \u00fcber die Schule allgemein erhalten, findet f\u00fcr gew\u00f6hnlich im Fr\u00fchjahr des Vorjahres, in dem Ihr Kind schulpflichtig [&hellip;]<\/p>\n","protected":false},"author":1,"featured_media":240490,"parent":240302,"menu_order":0,"comment_status":"closed","ping_status":"closed","template":"","meta":{"_acf_changed":false,"_et_pb_use_builder":"on","_et_pb_old_content":"<!-- wp:divi\/placeholder \/-->","_et_gb_content_width":"","footnotes":""},"class_list":["post-240310","page","type-page","status-publish","has-post-thumbnail","hentry"],"acf":[],"yoast_head":"<!-- This site is optimized with the Yoast SEO Premium plugin v26.0 (Yoast SEO v27.0) - https:\/\/yoast.com\/product\/yoast-seo-premium-wordpress\/ -->\n<title>Grundschule Hude-S\u00fcd \u2013 Schulprofil, Alltag &amp; Projekte<\/title>\n<meta name=\"description\" content=\"Die Grundschule Hude-S\u00fcd informiert transparent \u00fcber Schulprofil, Schulalltag, Projekte und Angebote f\u00fcr Eltern und Kinder \u2013 erfahren Sie mehr.\" \/>\n<meta name=\"robots\" content=\"index, follow, max-snippet:-1, max-image-preview:large, max-video-preview:-1\" \/>\n<link rel=\"canonical\" href=\"https:\/\/gs-hude-sued.de\/uk\/\u043f\u0440\u043e\u0444\u0456\u043b\u044c-\u043d\u0430\u0448\u043e\u0457-\u0448\u043a\u043e\u043b\u0438\/\u0440\u0435\u0454\u0441\u0442\u0440\u0430\u0446\u0456\u0439-\u0443-\u0448\u043a\u043e\u043b\u0430\u0445\/\" \/>\n<meta property=\"og:locale\" content=\"uk_UA\" \/>\n<meta property=\"og:type\" content=\"article\" \/>\n<meta property=\"og:title\" content=\"Schulanmeldungen\" \/>\n<meta property=\"og:description\" content=\"Die Grundschule Hude-S\u00fcd informiert transparent \u00fcber Schulprofil, Schulalltag, Projekte und Angebote f\u00fcr Eltern und Kinder \u2013 erfahren Sie mehr.\" \/>\n<meta property=\"og:url\" content=\"https:\/\/gs-hude-sued.de\/uk\/\u043f\u0440\u043e\u0444\u0456\u043b\u044c-\u043d\u0430\u0448\u043e\u0457-\u0448\u043a\u043e\u043b\u0438\/\u0440\u0435\u0454\u0441\u0442\u0440\u0430\u0446\u0456\u0439-\u0443-\u0448\u043a\u043e\u043b\u0430\u0445\/\" \/>\n<meta property=\"og:site_name\" content=\"Grundschule Hude S\u00fcd\" \/>\n<meta property=\"article:modified_time\" content=\"2026-04-08T06:53:17+00:00\" \/>\n<meta property=\"og:image\" content=\"https:\/\/gs-hude-sued.de\/wp-content\/uploads\/2025\/10\/Gemini_Generated_Image_d8xvg2d8xvg2d8xv.png\" \/>\n\t<meta property=\"og:image:width\" content=\"600\" \/>\n\t<meta property=\"og:image:height\" content=\"533\" \/>\n\t<meta property=\"og:image:type\" content=\"image\/png\" \/>\n<meta name=\"twitter:card\" content=\"summary_large_image\" \/>\n<meta name=\"twitter:label1\" content=\"\u041f\u0440\u0438\u0431\u043b. \u0447\u0430\u0441 \u0447\u0438\u0442\u0430\u043d\u043d\u044f\" \/>\n\t<meta name=\"twitter:data1\" content=\"1 \u0445\u0432\u0438\u043b\u0438\u043d\u0430\" \/>\n<script type=\"application\/ld+json\" class=\"yoast-schema-graph\">{\"@context\":\"https:\/\/schema.org\",\"@graph\":[{\"@type\":\"WebPage\",\"@id\":\"https:\/\/gs-hude-sued.de\/unser-schulprofil\/schulanmeldungen\/\",\"url\":\"https:\/\/gs-hude-sued.de\/unser-schulprofil\/schulanmeldungen\/\",\"name\":\"Grundschule Hude-S\u00fcd \u2013 Schulprofil, Alltag & Projekte\",\"isPartOf\":{\"@id\":\"https:\/\/gs-hude-sued.de\/#website\"},\"primaryImageOfPage\":{\"@id\":\"https:\/\/gs-hude-sued.de\/unser-schulprofil\/schulanmeldungen\/#primaryimage\"},\"image\":{\"@id\":\"https:\/\/gs-hude-sued.de\/unser-schulprofil\/schulanmeldungen\/#primaryimage\"},\"thumbnailUrl\":\"https:\/\/gs-hude-sued.de\/wp-content\/uploads\/2025\/10\/Gemini_Generated_Image_d8xvg2d8xvg2d8xv.png\",\"datePublished\":\"2025-10-06T12:04:10+00:00\",\"dateModified\":\"2026-04-08T06:53:17+00:00\",\"description\":\"Die Grundschule Hude-S\u00fcd informiert transparent \u00fcber Schulprofil, Schulalltag, Projekte und Angebote f\u00fcr Eltern und Kinder \u2013 erfahren Sie mehr.\",\"breadcrumb\":{\"@id\":\"https:\/\/gs-hude-sued.de\/unser-schulprofil\/schulanmeldungen\/#breadcrumb\"},\"inLanguage\":\"uk\",\"potentialAction\":[{\"@type\":\"ReadAction\",\"target\":[\"https:\/\/gs-hude-sued.de\/unser-schulprofil\/schulanmeldungen\/\"]}]},{\"@type\":\"ImageObject\",\"inLanguage\":\"uk\",\"@id\":\"https:\/\/gs-hude-sued.de\/unser-schulprofil\/schulanmeldungen\/#primaryimage\",\"url\":\"https:\/\/gs-hude-sued.de\/wp-content\/uploads\/2025\/10\/Gemini_Generated_Image_d8xvg2d8xvg2d8xv.png\",\"contentUrl\":\"https:\/\/gs-hude-sued.de\/wp-content\/uploads\/2025\/10\/Gemini_Generated_Image_d8xvg2d8xvg2d8xv.png\",\"width\":600,\"height\":533,\"caption\":\"Gemeinschaft und Freude am Lernen sind zentrale Werte an der Grundschule Hude-S\u00fcd. Diese Kinder repr\u00e4sentieren das Schul- und Gemeinschaftsgef\u00fchl.\"},{\"@type\":\"BreadcrumbList\",\"@id\":\"https:\/\/gs-hude-sued.de\/unser-schulprofil\/schulanmeldungen\/#breadcrumb\",\"itemListElement\":[{\"@type\":\"ListItem\",\"position\":1,\"name\":\"Startseite\",\"item\":\"https:\/\/gs-hude-sued.de\/\"},{\"@type\":\"ListItem\",\"position\":2,\"name\":\"Unser Schulprofil\",\"item\":\"https:\/\/gs-hude-sued.de\/unser-schulprofil\/\"},{\"@type\":\"ListItem\",\"position\":3,\"name\":\"Schulanmeldungen\"}]},{\"@type\":\"WebSite\",\"@id\":\"https:\/\/gs-hude-sued.de\/#website\",\"url\":\"https:\/\/gs-hude-sued.de\/\",\"name\":\"Grundschule Hude S\u00fcd\",\"description\":\"Grundschule Hude-S\u00fcd \u2013 Miteinander stark f\u00fcr die Zukunft.\",\"potentialAction\":[{\"@type\":\"SearchAction\",\"target\":{\"@type\":\"EntryPoint\",\"urlTemplate\":\"https:\/\/gs-hude-sued.de\/?s={search_term_string}\"},\"query-input\":{\"@type\":\"PropertyValueSpecification\",\"valueRequired\":true,\"valueName\":\"search_term_string\"}}],\"inLanguage\":\"uk\"}]}<\/script>\n<!-- \/ Yoast SEO Premium plugin. -->","yoast_head_json":{"title":"\u041f\u043e\u0447\u0430\u0442\u043a\u043e\u0432\u0430 \u0448\u043a\u043e\u043b\u0430 \u0425\u0443\u0434\u0435-\u0417\u044e\u0434 \u2013 \u043f\u0440\u043e\u0444\u0456\u043b\u044c \u0448\u043a\u043e\u043b\u0438, \u043f\u043e\u0432\u0441\u044f\u043a\u0434\u0435\u043d\u043d\u0435 \u0436\u0438\u0442\u0442\u044f \u0442\u0430 \u043f\u0440\u043e\u0435\u043a\u0442\u0438","description":"\u041f\u043e\u0447\u0430\u0442\u043a\u043e\u0432\u0430 \u0448\u043a\u043e\u043b\u0430 \u0425\u0443\u0434\u0435-\u0417\u044e\u0434 \u043d\u0430\u0434\u0430\u0454 \u043f\u0440\u043e\u0437\u043e\u0440\u0443 \u0456\u043d\u0444\u043e\u0440\u043c\u0430\u0446\u0456\u044e \u043f\u0440\u043e \u043f\u0440\u043e\u0444\u0456\u043b\u044c \u0441\u0432\u043e\u0454\u0457 \u0448\u043a\u043e\u043b\u0438, \u0449\u043e\u0434\u0435\u043d\u043d\u0435 \u0448\u043a\u0456\u043b\u044c\u043d\u0435 \u0436\u0438\u0442\u0442\u044f, \u043f\u0440\u043e\u0435\u043a\u0442\u0438 \u0442\u0430 \u043f\u0440\u043e\u043f\u043e\u0437\u0438\u0446\u0456\u0457 \u0434\u043b\u044f \u0431\u0430\u0442\u044c\u043a\u0456\u0432 \u0442\u0430 \u0434\u0456\u0442\u0435\u0439 \u2013 \u0434\u0456\u0437\u043d\u0430\u0439\u0442\u0435\u0441\u044f \u0431\u0456\u043b\u044c\u0448\u0435.","robots":{"index":"index","follow":"follow","max-snippet":"max-snippet:-1","max-image-preview":"max-image-preview:large","max-video-preview":"max-video-preview:-1"},"canonical":"https:\/\/gs-hude-sued.de\/uk\/\u043f\u0440\u043e\u0444\u0456\u043b\u044c-\u043d\u0430\u0448\u043e\u0457-\u0448\u043a\u043e\u043b\u0438\/\u0440\u0435\u0454\u0441\u0442\u0440\u0430\u0446\u0456\u0439-\u0443-\u0448\u043a\u043e\u043b\u0430\u0445\/","og_locale":"uk_UA","og_type":"article","og_title":"Schulanmeldungen","og_description":"Die Grundschule Hude-S\u00fcd informiert transparent \u00fcber Schulprofil, Schulalltag, Projekte und Angebote f\u00fcr Eltern und Kinder \u2013 erfahren Sie mehr.","og_url":"https:\/\/gs-hude-sued.de\/uk\/\u043f\u0440\u043e\u0444\u0456\u043b\u044c-\u043d\u0430\u0448\u043e\u0457-\u0448\u043a\u043e\u043b\u0438\/\u0440\u0435\u0454\u0441\u0442\u0440\u0430\u0446\u0456\u0439-\u0443-\u0448\u043a\u043e\u043b\u0430\u0445\/","og_site_name":"Grundschule Hude S\u00fcd","article_modified_time":"2026-04-08T06:53:17+00:00","og_image":[{"width":600,"height":533,"url":"https:\/\/gs-hude-sued.de\/wp-content\/uploads\/2025\/10\/Gemini_Generated_Image_d8xvg2d8xvg2d8xv.png","type":"image\/png"}],"twitter_card":"summary_large_image","twitter_misc":{"\u041f\u0440\u0438\u0431\u043b. \u0447\u0430\u0441 \u0447\u0438\u0442\u0430\u043d\u043d\u044f":"1 \u0445\u0432\u0438\u043b\u0438\u043d\u0430"},"schema":{"@context":"https:\/\/schema.org","@graph":[{"@type":"WebPage","@id":"https:\/\/gs-hude-sued.de\/unser-schulprofil\/schulanmeldungen\/","url":"https:\/\/gs-hude-sued.de\/unser-schulprofil\/schulanmeldungen\/","name":"\u041f\u043e\u0447\u0430\u0442\u043a\u043e\u0432\u0430 \u0448\u043a\u043e\u043b\u0430 \u0425\u0443\u0434\u0435-\u0417\u044e\u0434 \u2013 \u043f\u0440\u043e\u0444\u0456\u043b\u044c \u0448\u043a\u043e\u043b\u0438, \u043f\u043e\u0432\u0441\u044f\u043a\u0434\u0435\u043d\u043d\u0435 \u0436\u0438\u0442\u0442\u044f \u0442\u0430 \u043f\u0440\u043e\u0435\u043a\u0442\u0438","isPartOf":{"@id":"https:\/\/gs-hude-sued.de\/#website"},"primaryImageOfPage":{"@id":"https:\/\/gs-hude-sued.de\/unser-schulprofil\/schulanmeldungen\/#primaryimage"},"image":{"@id":"https:\/\/gs-hude-sued.de\/unser-schulprofil\/schulanmeldungen\/#primaryimage"},"thumbnailUrl":"https:\/\/gs-hude-sued.de\/wp-content\/uploads\/2025\/10\/Gemini_Generated_Image_d8xvg2d8xvg2d8xv.png","datePublished":"2025-10-06T12:04:10+00:00","dateModified":"2026-04-08T06:53:17+00:00","description":"\u041f\u043e\u0447\u0430\u0442\u043a\u043e\u0432\u0430 \u0448\u043a\u043e\u043b\u0430 \u0425\u0443\u0434\u0435-\u0417\u044e\u0434 \u043d\u0430\u0434\u0430\u0454 \u043f\u0440\u043e\u0437\u043e\u0440\u0443 \u0456\u043d\u0444\u043e\u0440\u043c\u0430\u0446\u0456\u044e \u043f\u0440\u043e \u043f\u0440\u043e\u0444\u0456\u043b\u044c \u0441\u0432\u043e\u0454\u0457 \u0448\u043a\u043e\u043b\u0438, \u0449\u043e\u0434\u0435\u043d\u043d\u0435 \u0448\u043a\u0456\u043b\u044c\u043d\u0435 \u0436\u0438\u0442\u0442\u044f, \u043f\u0440\u043e\u0435\u043a\u0442\u0438 \u0442\u0430 \u043f\u0440\u043e\u043f\u043e\u0437\u0438\u0446\u0456\u0457 \u0434\u043b\u044f \u0431\u0430\u0442\u044c\u043a\u0456\u0432 \u0442\u0430 \u0434\u0456\u0442\u0435\u0439 \u2013 \u0434\u0456\u0437\u043d\u0430\u0439\u0442\u0435\u0441\u044f \u0431\u0456\u043b\u044c\u0448\u0435.","breadcrumb":{"@id":"https:\/\/gs-hude-sued.de\/unser-schulprofil\/schulanmeldungen\/#breadcrumb"},"inLanguage":"uk","potentialAction":[{"@type":"ReadAction","target":["https:\/\/gs-hude-sued.de\/unser-schulprofil\/schulanmeldungen\/"]}]},{"@type":"ImageObject","inLanguage":"uk","@id":"https:\/\/gs-hude-sued.de\/unser-schulprofil\/schulanmeldungen\/#primaryimage","url":"https:\/\/gs-hude-sued.de\/wp-content\/uploads\/2025\/10\/Gemini_Generated_Image_d8xvg2d8xvg2d8xv.png","contentUrl":"https:\/\/gs-hude-sued.de\/wp-content\/uploads\/2025\/10\/Gemini_Generated_Image_d8xvg2d8xvg2d8xv.png","width":600,"height":533,"caption":"Gemeinschaft und Freude am Lernen sind zentrale Werte an der Grundschule Hude-S\u00fcd. Diese Kinder repr\u00e4sentieren das Schul- und Gemeinschaftsgef\u00fchl."},{"@type":"BreadcrumbList","@id":"https:\/\/gs-hude-sued.de\/unser-schulprofil\/schulanmeldungen\/#breadcrumb","itemListElement":[{"@type":"ListItem","position":1,"name":"Startseite","item":"https:\/\/gs-hude-sued.de\/"},{"@type":"ListItem","position":2,"name":"Unser Schulprofil","item":"https:\/\/gs-hude-sued.de\/unser-schulprofil\/"},{"@type":"ListItem","position":3,"name":"Schulanmeldungen"}]},{"@type":"WebSite","@id":"https:\/\/gs-hude-sued.de\/#website","url":"https:\/\/gs-hude-sued.de\/","name":"\u041f\u043e\u0447\u0430\u0442\u043a\u043e\u0432\u0430 \u0448\u043a\u043e\u043b\u0430 \u0413\u0443\u0434\u0435 \u0421\u0430\u0443\u0442","description":"\u041f\u043e\u0447\u0430\u0442\u043a\u043e\u0432\u0430 \u0448\u043a\u043e\u043b\u0430 \u0425\u0443\u0434\u0435-\u0417\u044e\u0434 \u2013 \u0421\u0438\u043b\u044c\u043d\u0456 \u0440\u0430\u0437\u043e\u043c \u0437\u0430\u0440\u0430\u0434\u0438 \u043c\u0430\u0439\u0431\u0443\u0442\u043d\u044c\u043e\u0433\u043e.","potentialAction":[{"@type":"SearchAction","target":{"@type":"EntryPoint","urlTemplate":"https:\/\/gs-hude-sued.de\/?s={search_term_string}"},"query-input":{"@type":"PropertyValueSpecification","valueRequired":true,"valueName":"search_term_string"}}],"inLanguage":"uk"}]}},"_links":{"self":[{"href":"https:\/\/gs-hude-sued.de\/uk\/wp-json\/wp\/v2\/pages\/240310","targetHints":{"allow":["GET"]}}],"collection":[{"href":"https:\/\/gs-hude-sued.de\/uk\/wp-json\/wp\/v2\/pages"}],"about":[{"href":"https:\/\/gs-hude-sued.de\/uk\/wp-json\/wp\/v2\/types\/page"}],"author":[{"embeddable":true,"href":"https:\/\/gs-hude-sued.de\/uk\/wp-json\/wp\/v2\/users\/1"}],"replies":[{"embeddable":true,"href":"https:\/\/gs-hude-sued.de\/uk\/wp-json\/wp\/v2\/comments?post=240310"}],"version-history":[{"count":9,"href":"https:\/\/gs-hude-sued.de\/uk\/wp-json\/wp\/v2\/pages\/240310\/revisions"}],"predecessor-version":[{"id":241489,"href":"https:\/\/gs-hude-sued.de\/uk\/wp-json\/wp\/v2\/pages\/240310\/revisions\/241489"}],"up":[{"embeddable":true,"href":"https:\/\/gs-hude-sued.de\/uk\/wp-json\/wp\/v2\/pages\/240302"}],"wp:featuredmedia":[{"embeddable":true,"href":"https:\/\/gs-hude-sued.de\/uk\/wp-json\/wp\/v2\/media\/240490"}],"wp:attachment":[{"href":"https:\/\/gs-hude-sued.de\/uk\/wp-json\/wp\/v2\/media?parent=240310"}],"curies":[{"name":"\u0412\u041f","href":"https:\/\/api.w.org\/{rel}","templated":true}]}}