{"id":240302,"date":"2025-10-06T14:00:35","date_gmt":"2025-10-06T12:00:35","guid":{"rendered":"https:\/\/gs-hude-sued.de\/?page_id=240302"},"modified":"2025-10-15T15:28:29","modified_gmt":"2025-10-15T13:28:29","slug":"%d0%bf%d1%80%d0%be%d1%84%d1%96%d0%bb%d1%8c-%d0%bd%d0%b0%d1%88%d0%be%d1%97-%d1%88%d0%ba%d0%be%d0%bb%d0%b8","status":"publish","type":"page","link":"https:\/\/gs-hude-sued.de\/uk\/%d0%bf%d1%80%d0%be%d1%84%d1%96%d0%bb%d1%8c-%d0%bd%d0%b0%d1%88%d0%be%d1%97-%d1%88%d0%ba%d0%be%d0%bb%d0%b8\/","title":{"rendered":"\u041f\u0440\u043e\u0444\u0456\u043b\u044c \u043d\u0430\u0448\u043e\u0457 \u0448\u043a\u043e\u043b\u0438"},"content":{"rendered":"","protected":false},"excerpt":{"rendered":"","protected":false},"author":1,"featured_media":240592,"parent":0,"menu_order":0,"comment_status":"closed","ping_status":"closed","template":"","meta":{"_acf_changed":false,"_et_pb_use_builder":"on","_et_pb_old_content":"","_et_gb_content_width":"","footnotes":""},"class_list":["post-240302","page","type-page","status-publish","has-post-thumbnail","hentry"],"acf":[],"yoast_head":"<!-- This site is optimized with the Yoast SEO Premium plugin v26.0 (Yoast SEO v27.0) - https:\/\/yoast.com\/product\/yoast-seo-premium-wordpress\/ -->\n<title>Unser Schulprofil - Grundschule Hude S\u00fcd<\/title>\n<meta name=\"robots\" content=\"index, follow, max-snippet:-1, max-image-preview:large, max-video-preview:-1\" \/>\n<link rel=\"canonical\" href=\"https:\/\/gs-hude-sued.de\/uk\/\u043f\u0440\u043e\u0444\u0456\u043b\u044c-\u043d\u0430\u0448\u043e\u0457-\u0448\u043a\u043e\u043b\u0438\/\" \/>\n<meta property=\"og:locale\" content=\"uk_UA\" \/>\n<meta property=\"og:type\" content=\"article\" \/>\n<meta property=\"og:title\" content=\"Unser Schulprofil\" \/>\n<meta property=\"og:url\" content=\"https:\/\/gs-hude-sued.de\/uk\/\u043f\u0440\u043e\u0444\u0456\u043b\u044c-\u043d\u0430\u0448\u043e\u0457-\u0448\u043a\u043e\u043b\u0438\/\" \/>\n<meta property=\"og:site_name\" content=\"Grundschule Hude S\u00fcd\" \/>\n<meta property=\"article:modified_time\" content=\"2025-10-15T13:28:29+00:00\" \/>\n<meta property=\"og:image\" content=\"https:\/\/gs-hude-sued.de\/wp-content\/uploads\/2025\/10\/Gemini_Generated_Image_ouiedzouiedzouie.png\" \/>\n\t<meta property=\"og:image:width\" content=\"500\" \/>\n\t<meta property=\"og:image:height\" content=\"441\" \/>\n\t<meta property=\"og:image:type\" content=\"image\/png\" \/>\n<meta name=\"twitter:card\" content=\"summary_large_image\" \/>\n<script type=\"application\/ld+json\" class=\"yoast-schema-graph\">{\"@context\":\"https:\/\/schema.org\",\"@graph\":[{\"@type\":\"WebPage\",\"@id\":\"https:\/\/gs-hude-sued.de\/unser-schulprofil\/\",\"url\":\"https:\/\/gs-hude-sued.de\/unser-schulprofil\/\",\"name\":\"Unser Schulprofil - Grundschule Hude S\u00fcd\",\"isPartOf\":{\"@id\":\"https:\/\/gs-hude-sued.de\/#website\"},\"primaryImageOfPage\":{\"@id\":\"https:\/\/gs-hude-sued.de\/unser-schulprofil\/#primaryimage\"},\"image\":{\"@id\":\"https:\/\/gs-hude-sued.de\/unser-schulprofil\/#primaryimage\"},\"thumbnailUrl\":\"https:\/\/gs-hude-sued.de\/wp-content\/uploads\/2025\/10\/Gemini_Generated_Image_ouiedzouiedzouie.png\",\"datePublished\":\"2025-10-06T12:00:35+00:00\",\"dateModified\":\"2025-10-15T13:28:29+00:00\",\"breadcrumb\":{\"@id\":\"https:\/\/gs-hude-sued.de\/unser-schulprofil\/#breadcrumb\"},\"inLanguage\":\"uk\",\"potentialAction\":[{\"@type\":\"ReadAction\",\"target\":[\"https:\/\/gs-hude-sued.de\/unser-schulprofil\/\"]}]},{\"@type\":\"ImageObject\",\"inLanguage\":\"uk\",\"@id\":\"https:\/\/gs-hude-sued.de\/unser-schulprofil\/#primaryimage\",\"url\":\"https:\/\/gs-hude-sued.de\/wp-content\/uploads\/2025\/10\/Gemini_Generated_Image_ouiedzouiedzouie.png\",\"contentUrl\":\"https:\/\/gs-hude-sued.de\/wp-content\/uploads\/2025\/10\/Gemini_Generated_Image_ouiedzouiedzouie.png\",\"width\":500,\"height\":441,\"caption\":\"Die Kinder repr\u00e4sentieren ein wertsch\u00e4tzendes Miteinander und zeichnen ein positives Bild der Inklusion. Ihre Haltung l\u00e4dt zu einer gemeinsamen Lernumgebung ein.\"},{\"@type\":\"BreadcrumbList\",\"@id\":\"https:\/\/gs-hude-sued.de\/unser-schulprofil\/#breadcrumb\",\"itemListElement\":[{\"@type\":\"ListItem\",\"position\":1,\"name\":\"Startseite\",\"item\":\"https:\/\/gs-hude-sued.de\/\"},{\"@type\":\"ListItem\",\"position\":2,\"name\":\"Unser Schulprofil\"}]},{\"@type\":\"WebSite\",\"@id\":\"https:\/\/gs-hude-sued.de\/#website\",\"url\":\"https:\/\/gs-hude-sued.de\/\",\"name\":\"Grundschule Hude S\u00fcd\",\"description\":\"Grundschule Hude-S\u00fcd \u2013 Miteinander stark f\u00fcr die Zukunft.\",\"potentialAction\":[{\"@type\":\"SearchAction\",\"target\":{\"@type\":\"EntryPoint\",\"urlTemplate\":\"https:\/\/gs-hude-sued.de\/?s={search_term_string}\"},\"query-input\":{\"@type\":\"PropertyValueSpecification\",\"valueRequired\":true,\"valueName\":\"search_term_string\"}}],\"inLanguage\":\"uk\"}]}<\/script>\n<!-- \/ Yoast SEO Premium plugin. -->","yoast_head_json":{"title":"\u041f\u0440\u043e\u0444\u0456\u043b\u044c \u043d\u0430\u0448\u043e\u0457 \u0448\u043a\u043e\u043b\u0438 - \u041f\u043e\u0447\u0430\u0442\u043a\u043e\u0432\u0430 \u0448\u043a\u043e\u043b\u0430 \u0425\u0443\u0434\u0435 \u0417\u044e\u0434","robots":{"index":"index","follow":"follow","max-snippet":"max-snippet:-1","max-image-preview":"max-image-preview:large","max-video-preview":"max-video-preview:-1"},"canonical":"https:\/\/gs-hude-sued.de\/uk\/\u043f\u0440\u043e\u0444\u0456\u043b\u044c-\u043d\u0430\u0448\u043e\u0457-\u0448\u043a\u043e\u043b\u0438\/","og_locale":"uk_UA","og_type":"article","og_title":"Unser Schulprofil","og_url":"https:\/\/gs-hude-sued.de\/uk\/\u043f\u0440\u043e\u0444\u0456\u043b\u044c-\u043d\u0430\u0448\u043e\u0457-\u0448\u043a\u043e\u043b\u0438\/","og_site_name":"Grundschule Hude S\u00fcd","article_modified_time":"2025-10-15T13:28:29+00:00","og_image":[{"width":500,"height":441,"url":"https:\/\/gs-hude-sued.de\/wp-content\/uploads\/2025\/10\/Gemini_Generated_Image_ouiedzouiedzouie.png","type":"image\/png"}],"twitter_card":"summary_large_image","schema":{"@context":"https:\/\/schema.org","@graph":[{"@type":"WebPage","@id":"https:\/\/gs-hude-sued.de\/unser-schulprofil\/","url":"https:\/\/gs-hude-sued.de\/unser-schulprofil\/","name":"\u041f\u0440\u043e\u0444\u0456\u043b\u044c \u043d\u0430\u0448\u043e\u0457 \u0448\u043a\u043e\u043b\u0438 - \u041f\u043e\u0447\u0430\u0442\u043a\u043e\u0432\u0430 \u0448\u043a\u043e\u043b\u0430 \u0425\u0443\u0434\u0435 \u0417\u044e\u0434","isPartOf":{"@id":"https:\/\/gs-hude-sued.de\/#website"},"primaryImageOfPage":{"@id":"https:\/\/gs-hude-sued.de\/unser-schulprofil\/#primaryimage"},"image":{"@id":"https:\/\/gs-hude-sued.de\/unser-schulprofil\/#primaryimage"},"thumbnailUrl":"https:\/\/gs-hude-sued.de\/wp-content\/uploads\/2025\/10\/Gemini_Generated_Image_ouiedzouiedzouie.png","datePublished":"2025-10-06T12:00:35+00:00","dateModified":"2025-10-15T13:28:29+00:00","breadcrumb":{"@id":"https:\/\/gs-hude-sued.de\/unser-schulprofil\/#breadcrumb"},"inLanguage":"uk","potentialAction":[{"@type":"ReadAction","target":["https:\/\/gs-hude-sued.de\/unser-schulprofil\/"]}]},{"@type":"ImageObject","inLanguage":"uk","@id":"https:\/\/gs-hude-sued.de\/unser-schulprofil\/#primaryimage","url":"https:\/\/gs-hude-sued.de\/wp-content\/uploads\/2025\/10\/Gemini_Generated_Image_ouiedzouiedzouie.png","contentUrl":"https:\/\/gs-hude-sued.de\/wp-content\/uploads\/2025\/10\/Gemini_Generated_Image_ouiedzouiedzouie.png","width":500,"height":441,"caption":"Die Kinder repr\u00e4sentieren ein wertsch\u00e4tzendes Miteinander und zeichnen ein positives Bild der Inklusion. Ihre Haltung l\u00e4dt zu einer gemeinsamen Lernumgebung ein."},{"@type":"BreadcrumbList","@id":"https:\/\/gs-hude-sued.de\/unser-schulprofil\/#breadcrumb","itemListElement":[{"@type":"ListItem","position":1,"name":"Startseite","item":"https:\/\/gs-hude-sued.de\/"},{"@type":"ListItem","position":2,"name":"Unser Schulprofil"}]},{"@type":"WebSite","@id":"https:\/\/gs-hude-sued.de\/#website","url":"https:\/\/gs-hude-sued.de\/","name":"\u041f\u043e\u0447\u0430\u0442\u043a\u043e\u0432\u0430 \u0448\u043a\u043e\u043b\u0430 \u0413\u0443\u0434\u0435 \u0421\u0430\u0443\u0442","description":"\u041f\u043e\u0447\u0430\u0442\u043a\u043e\u0432\u0430 \u0448\u043a\u043e\u043b\u0430 \u0425\u0443\u0434\u0435-\u0417\u044e\u0434 \u2013 \u0421\u0438\u043b\u044c\u043d\u0456 \u0440\u0430\u0437\u043e\u043c \u0437\u0430\u0440\u0430\u0434\u0438 \u043c\u0430\u0439\u0431\u0443\u0442\u043d\u044c\u043e\u0433\u043e.","potentialAction":[{"@type":"SearchAction","target":{"@type":"EntryPoint","urlTemplate":"https:\/\/gs-hude-sued.de\/?s={search_term_string}"},"query-input":{"@type":"PropertyValueSpecification","valueRequired":true,"valueName":"search_term_string"}}],"inLanguage":"uk"}]}},"_links":{"self":[{"href":"https:\/\/gs-hude-sued.de\/uk\/wp-json\/wp\/v2\/pages\/240302","targetHints":{"allow":["GET"]}}],"collection":[{"href":"https:\/\/gs-hude-sued.de\/uk\/wp-json\/wp\/v2\/pages"}],"about":[{"href":"https:\/\/gs-hude-sued.de\/uk\/wp-json\/wp\/v2\/types\/page"}],"author":[{"embeddable":true,"href":"https:\/\/gs-hude-sued.de\/uk\/wp-json\/wp\/v2\/users\/1"}],"replies":[{"embeddable":true,"href":"https:\/\/gs-hude-sued.de\/uk\/wp-json\/wp\/v2\/comments?post=240302"}],"version-history":[{"count":2,"href":"https:\/\/gs-hude-sued.de\/uk\/wp-json\/wp\/v2\/pages\/240302\/revisions"}],"predecessor-version":[{"id":240653,"href":"https:\/\/gs-hude-sued.de\/uk\/wp-json\/wp\/v2\/pages\/240302\/revisions\/240653"}],"wp:featuredmedia":[{"embeddable":true,"href":"https:\/\/gs-hude-sued.de\/uk\/wp-json\/wp\/v2\/media\/240592"}],"wp:attachment":[{"href":"https:\/\/gs-hude-sued.de\/uk\/wp-json\/wp\/v2\/media?parent=240302"}],"curies":[{"name":"\u0412\u041f","href":"https:\/\/api.w.org\/{rel}","templated":true}]}}