{"id":240261,"date":"2025-10-06T12:23:30","date_gmt":"2025-10-06T10:23:30","guid":{"rendered":"https:\/\/gs-hude-sued.de\/?page_id=240261"},"modified":"2026-02-24T11:13:32","modified_gmt":"2026-02-24T10:13:32","slug":"%d0%bd%d0%b0%d0%b3%d0%be%d1%80%d0%be%d0%b4%d0%b8-%d0%ba%d0%be%d0%bd%d0%ba%d1%83%d1%80%d1%81%d1%96%d0%b2","status":"publish","type":"page","link":"https:\/\/gs-hude-sued.de\/uk\/%d1%86%d0%b5-%d0%bc%d0%b8\/%d0%bd%d0%b0%d0%b3%d0%be%d1%80%d0%be%d0%b4%d0%b8-%d0%ba%d0%be%d0%bd%d0%ba%d1%83%d1%80%d1%81%d1%96%d0%b2\/","title":{"rendered":"\u041a\u043e\u043d\u043a\u0443\u0440\u0441\u0438 \u0442\u0430 \u043d\u0430\u0433\u043e\u0440\u043e\u0434\u0438"},"content":{"rendered":"<p>[et_pb_section fb_built=&#8220;1&#8243; _builder_version=&#8220;4.27.4&#8243; _module_preset=&#8220;default&#8220; custom_padding=&#8220;10px||||false|false&#8220; global_colors_info=&#8220;{}&#8220;][et_pb_row _builder_version=&#8220;4.27.4&#8243; _module_preset=&#8220;default&#8220; global_colors_info=&#8220;{}&#8220;][et_pb_column type=&#8220;4_4&#8243; _builder_version=&#8220;4.27.4&#8243; _module_preset=&#8220;default&#8220; global_colors_info=&#8220;{}&#8220;][et_pb_text _builder_version=&#8220;4.27.4&#8243; _module_preset=&#8220;default&#8220; custom_margin=&#8220;||0px||false|false&#8220; custom_padding=&#8220;||10px||false|false&#8220; global_colors_info=&#8220;{}&#8220;]<\/p>\n<h1>Wettbewerbe &amp; Auszeichnungen<\/h1>\n<p>[\/et_pb_text][et_pb_divider color=&#8220;#A9C835&#8243; divider_weight=&#8220;4px&#8220; _builder_version=&#8220;4.27.4&#8243; _module_preset=&#8220;default&#8220; max_width=&#8220;60px&#8220; custom_margin=&#8220;||10px||false|false&#8220; custom_padding=&#8220;0px||0px||false|false&#8220; global_colors_info=&#8220;{}&#8220;][\/et_pb_divider][et_pb_text _builder_version=&#8220;4.27.4&#8243; _module_preset=&#8220;default&#8220; custom_margin=&#8220;||||false|false&#8220; custom_padding=&#8220;||||false|false&#8220; global_colors_info=&#8220;{}&#8220;]<\/p>\n<p>Unsere Sch\u00fclerinnen und Sch\u00fcler zeigen regelm\u00e4\u00dfig, was in ihnen steckt! \ud83d\udcaa Ob beim <strong>Vorlesewettbewerb<\/strong>, den <strong>Bundesjugendspielen<\/strong> oder bei <strong>kreativen Schulprojekten<\/strong> \u2013 mit Begeisterung und Teamgeist stellen sie ihr K\u00f6nnen unter Beweis. Hier berichten wir \u00fcber besondere <strong>Leistungen, Erfolge und Auszeichnungen<\/strong>, auf die wir als Schulgemeinschaft besonders stolz sind. \ud83c\udf89<\/p>\n<p>[\/et_pb_text][\/et_pb_column][\/et_pb_row][et_pb_row column_structure=&#8220;1_2,1_2&#8243; _builder_version=&#8220;4.27.4&#8243; _module_preset=&#8220;default&#8220; custom_css_main_element=&#8220;display: flex;||justify-content: center; ||align-items: center;||&#8220; global_colors_info=&#8220;{}&#8220; custom_css_main_element_last_edited=&#8220;on|tablet&#8220; custom_css_main_element_tablet=&#8220;display: block;&#8220; custom_css_main_element_phone=&#8220;display: block;&#8220;][et_pb_column type=&#8220;1_2&#8243; _builder_version=&#8220;4.27.4&#8243; _module_preset=&#8220;default&#8220; global_colors_info=&#8220;{}&#8220;][et_pb_text module_class=&#8220;et_pb_default_text&#8220; _builder_version=&#8220;4.27.4&#8243; _module_preset=&#8220;default&#8220; global_colors_info=&#8220;{}&#8220;]<\/p>\n<h2>Mathematikolympiade<\/h2>\n<p>Jedes Jahr nehmen einige unserer Sch\u00fclerinnen und Sch\u00fcler des 3. und 4. Jahrgangs an der Mathematikolympiade teil. Dabei geht es nicht nur um richtiges Rechnen, sondern vor allem um logisches Denken, Kreativit\u00e4t und Freude am Knobeln.<\/p>\n<p>In drei Runden k\u00f6nnen die Kinder zeigen, wie gut sie schwierige Aufgaben selbstst\u00e4ndig l\u00f6sen k\u00f6nnen:<\/p>\n<ol>\n<li><strong>Erste Runde:<\/strong> Die Aufgaben werden zuhause bearbeitet.<\/li>\n<li><strong>Zweite Runde:<\/strong> Besonders erfolgreiche Kinder aus Runde\u00a01 qualifizieren sich weiter.<\/li>\n<li><strong>Dritte Runde:<\/strong> Die besten 7.500 Grundsch\u00fclerinnen und Grundsch\u00fcler Niedersachsens treten an.<\/li>\n<\/ol>\n<p>Die teilnehmenden Kinder der zweiten und dritten Runde werden in einer Feierstunde geehrt, erhalten eine Urkunde und haben die Chance auf kleine Preise.<\/p>\n<p>Wir freuen uns jedes Jahr \u00fcber die Begeisterung, mit der die Kinder dabei sind \u2013 und sind stolz auf ihre Erfolge!<\/p>\n<div id=\"simple-translate\" class=\"simple-translate-system-theme\">\n<div>\n<div style=\"background-image: url('moz-extension:\/\/913da4f3-d38a-4f21-bff9-d18a485fb4ad\/icons\/512.png'); height: 22px; width: 22px; top: 25px; left: -13px;\" class=\"simple-translate-button isShow\"><\/div>\n<div class=\"simple-translate-panel \" style=\"width: 300px; height: 200px; top: 0px; left: 0px; font-size: 13px;\">\n<div class=\"simple-translate-result-wrapper\" style=\"overflow: hidden;\">\n<div class=\"simple-translate-move\" draggable=\"true\"><\/div>\n<div class=\"simple-translate-result-contents\">\n<p class=\"simple-translate-candidate\" dir=\"auto\">\n<\/div>\n<\/div>\n<\/div>\n<\/div>\n<\/div>\n<p>[\/et_pb_text][et_pb_text module_class=&#8220;et_pb_alternative_text&#8220; _builder_version=&#8220;4.27.4&#8243; _module_preset=&#8220;default&#8220; global_colors_info=&#8220;{}&#8220;]<\/p>\n<h2>Mathematikolympiade<\/h2>\n<p>Jedes Jahr nehmen einige Kinder aus dem <strong>3. und 4. Jahrgang<\/strong> unserer Schule an der <strong>Mathematikolympiade<\/strong> teil.<br \/>\nDabei geht es nicht nur ums Rechnen, sondern vor allem um <strong>logisches Denken<\/strong>, <strong>Kreativit\u00e4t<\/strong> und <strong>Spa\u00df am Knobeln<\/strong>.<\/p>\n<p>Die Mathematikolympiade besteht aus <strong>drei Runden<\/strong>, in denen die Kinder zeigen k\u00f6nnen, wie gut sie schwierige Aufgaben selbstst\u00e4ndig l\u00f6sen:<\/p>\n<ol>\n<li><strong>Erste Runde:<\/strong> Die Kinder bearbeiten die Aufgaben zu Hause.<\/li>\n<li><strong>Zweite Runde:<\/strong> Wer in der ersten Runde besonders erfolgreich war, darf weiter teilnehmen.<\/li>\n<li><strong>Dritte Runde:<\/strong> Die besten <strong>7.500 Grundsch\u00fclerinnen und Grundsch\u00fcler<\/strong> aus ganz Niedersachsen treten gegeneinander an.<\/li>\n<\/ol>\n<p>Alle Kinder, die an der zweiten oder dritten Runde teilnehmen, werden in einer <strong>Feierstunde<\/strong> geehrt.<br \/>\nSie bekommen eine <strong>Urkunde<\/strong> und k\u00f6nnen kleine <strong>Preise<\/strong> gewinnen.<\/p>\n<p>Wir freuen uns jedes Jahr \u00fcber die gro\u00dfe <strong>Begeisterung<\/strong> und sind sehr <strong>stolz<\/strong> auf die tollen Leistungen unserer Sch\u00fclerinnen und Sch\u00fcler!<\/p>\n<p>[\/et_pb_text][\/et_pb_column][et_pb_column type=&#8220;1_2&#8243; _builder_version=&#8220;4.27.4&#8243; _module_preset=&#8220;default&#8220; global_colors_info=&#8220;{}&#8220;][et_pb_image src=&#8220;https:\/\/gs-hude-sued.de\/wp-content\/uploads\/2025\/10\/Gemini_Generated_Image_lx9645lx9645lx96.png&#8220; alt=&#8220;Zwei Kinder, ein M\u00e4dchen und ein Junge, sitzen an einem Tisch und l\u00f6sen Aufgaben. Das M\u00e4dchen hat einen Bleistift und einen Ausdruck mit Mathematikaufgaben.&#8220; title_text=&#8220;Mathematikolympiade \u2013 Sch\u00fclergruppe&#8220; _builder_version=&#8220;4.27.4&#8243; _module_preset=&#8220;default&#8220; global_colors_info=&#8220;{}&#8220;][\/et_pb_image][\/et_pb_column][\/et_pb_row][et_pb_row _builder_version=&#8220;4.27.5&#8243; _module_preset=&#8220;default&#8220; hover_enabled=&#8220;0&#8243; global_colors_info=&#8220;{}&#8220; disabled_on=&#8220;on|on|on&#8220; disabled=&#8220;on&#8220; sticky_enabled=&#8220;0&#8243;][et_pb_column type=&#8220;4_4&#8243; _builder_version=&#8220;4.27.4&#8243; _module_preset=&#8220;default&#8220; global_colors_info=&#8220;{}&#8220;][et_pb_blog fullwidth=&#8220;off&#8220; posts_number=&#8220;6&#8243; include_categories=&#8220;14&#8243; show_categories=&#8220;off&#8220; _builder_version=&#8220;4.27.4&#8243; _module_preset=&#8220;default&#8220; border_radii=&#8220;on|15px|15px|15px|15px&#8220; border_width_all=&#8220;0px&#8220; box_shadow_style=&#8220;preset2&#8243; box_shadow_color=&#8220;rgba(0,0,0,0.06)&#8220; global_colors_info=&#8220;{}&#8220;][\/et_pb_blog][\/et_pb_column][\/et_pb_row][\/et_pb_section]<\/p>\n","protected":false},"excerpt":{"rendered":"<p>Wettbewerbe &amp; AuszeichnungenUnsere Sch\u00fclerinnen und Sch\u00fcler zeigen regelm\u00e4\u00dfig, was in ihnen steckt! \ud83d\udcaa Ob beim Vorlesewettbewerb, den Bundesjugendspielen oder bei kreativen Schulprojekten \u2013 mit Begeisterung und Teamgeist stellen sie ihr K\u00f6nnen unter Beweis. Hier berichten wir \u00fcber besondere Leistungen, Erfolge und Auszeichnungen, auf die wir als Schulgemeinschaft besonders stolz sind. \ud83c\udf89Mathematikolympiade Jedes Jahr nehmen einige [&hellip;]<\/p>\n","protected":false},"author":1,"featured_media":240469,"parent":240090,"menu_order":0,"comment_status":"closed","ping_status":"closed","template":"","meta":{"_acf_changed":false,"_et_pb_use_builder":"on","_et_pb_old_content":"","_et_gb_content_width":"","footnotes":""},"class_list":["post-240261","page","type-page","status-publish","has-post-thumbnail","hentry"],"acf":[],"yoast_head":"<!-- This site is optimized with the Yoast SEO Premium plugin v26.0 (Yoast SEO v27.0) - https:\/\/yoast.com\/product\/yoast-seo-premium-wordpress\/ -->\n<title>Mathematikolympiade &amp; Schulwettbewerbe \u2013 Sch\u00fclerfolge<\/title>\n<meta name=\"description\" content=\"Berichte \u00fcber Leistungen und Auszeichnungen unserer Sch\u00fclerinnen und Sch\u00fcler bei Wettbewerben wie der Mathematikolympiade. Informativ und motivierend.\" \/>\n<meta name=\"robots\" content=\"index, follow, max-snippet:-1, max-image-preview:large, max-video-preview:-1\" \/>\n<link rel=\"canonical\" href=\"https:\/\/gs-hude-sued.de\/uk\/\u0446\u0435-\u043c\u0438\/\u043d\u0430\u0433\u043e\u0440\u043e\u0434\u0438-\u043a\u043e\u043d\u043a\u0443\u0440\u0441\u0456\u0432\/\" \/>\n<meta property=\"og:locale\" content=\"uk_UA\" \/>\n<meta property=\"og:type\" content=\"article\" \/>\n<meta property=\"og:title\" content=\"Wettbewerbe &amp; Auszeichnungen\" \/>\n<meta property=\"og:description\" content=\"Berichte \u00fcber Leistungen und Auszeichnungen unserer Sch\u00fclerinnen und Sch\u00fcler bei Wettbewerben wie der Mathematikolympiade. Informativ und motivierend.\" \/>\n<meta property=\"og:url\" content=\"https:\/\/gs-hude-sued.de\/uk\/\u0446\u0435-\u043c\u0438\/\u043d\u0430\u0433\u043e\u0440\u043e\u0434\u0438-\u043a\u043e\u043d\u043a\u0443\u0440\u0441\u0456\u0432\/\" \/>\n<meta property=\"og:site_name\" content=\"Grundschule Hude S\u00fcd\" \/>\n<meta property=\"article:modified_time\" content=\"2026-02-24T10:13:32+00:00\" \/>\n<meta property=\"og:image\" content=\"https:\/\/gs-hude-sued.de\/wp-content\/uploads\/2025\/10\/GS-Hude1.png\" \/>\n\t<meta property=\"og:image:width\" content=\"800\" \/>\n\t<meta property=\"og:image:height\" content=\"522\" \/>\n\t<meta property=\"og:image:type\" content=\"image\/png\" \/>\n<meta name=\"twitter:card\" content=\"summary_large_image\" \/>\n<meta name=\"twitter:label1\" content=\"\u041f\u0440\u0438\u0431\u043b. \u0447\u0430\u0441 \u0447\u0438\u0442\u0430\u043d\u043d\u044f\" \/>\n\t<meta name=\"twitter:data1\" content=\"3 \u0445\u0432\u0438\u043b\u0438\u043d\u0438\" \/>\n<script type=\"application\/ld+json\" class=\"yoast-schema-graph\">{\"@context\":\"https:\/\/schema.org\",\"@graph\":[{\"@type\":\"WebPage\",\"@id\":\"https:\/\/gs-hude-sued.de\/das-sind-wir\/wettbewerbe-auszeichnungen\/\",\"url\":\"https:\/\/gs-hude-sued.de\/das-sind-wir\/wettbewerbe-auszeichnungen\/\",\"name\":\"Mathematikolympiade & Schulwettbewerbe \u2013 Sch\u00fclerfolge\",\"isPartOf\":{\"@id\":\"https:\/\/gs-hude-sued.de\/#website\"},\"primaryImageOfPage\":{\"@id\":\"https:\/\/gs-hude-sued.de\/das-sind-wir\/wettbewerbe-auszeichnungen\/#primaryimage\"},\"image\":{\"@id\":\"https:\/\/gs-hude-sued.de\/das-sind-wir\/wettbewerbe-auszeichnungen\/#primaryimage\"},\"thumbnailUrl\":\"https:\/\/gs-hude-sued.de\/wp-content\/uploads\/2025\/10\/GS-Hude1.png\",\"datePublished\":\"2025-10-06T10:23:30+00:00\",\"dateModified\":\"2026-02-24T10:13:32+00:00\",\"description\":\"Berichte \u00fcber Leistungen und Auszeichnungen unserer Sch\u00fclerinnen und Sch\u00fcler bei Wettbewerben wie der Mathematikolympiade. Informativ und motivierend.\",\"breadcrumb\":{\"@id\":\"https:\/\/gs-hude-sued.de\/das-sind-wir\/wettbewerbe-auszeichnungen\/#breadcrumb\"},\"inLanguage\":\"uk\",\"potentialAction\":[{\"@type\":\"ReadAction\",\"target\":[\"https:\/\/gs-hude-sued.de\/das-sind-wir\/wettbewerbe-auszeichnungen\/\"]}]},{\"@type\":\"ImageObject\",\"inLanguage\":\"uk\",\"@id\":\"https:\/\/gs-hude-sued.de\/das-sind-wir\/wettbewerbe-auszeichnungen\/#primaryimage\",\"url\":\"https:\/\/gs-hude-sued.de\/wp-content\/uploads\/2025\/10\/GS-Hude1.png\",\"contentUrl\":\"https:\/\/gs-hude-sued.de\/wp-content\/uploads\/2025\/10\/GS-Hude1.png\",\"width\":800,\"height\":522,\"caption\":\"Die leidenschaftlichen jungen Fu\u00dfballspieler zeigen Freude und Teamgeist auf dem Spielfeld. Gemeinsames Spiel st\u00e4rkt soziale F\u00e4higkeiten und Kooperation.\"},{\"@type\":\"BreadcrumbList\",\"@id\":\"https:\/\/gs-hude-sued.de\/das-sind-wir\/wettbewerbe-auszeichnungen\/#breadcrumb\",\"itemListElement\":[{\"@type\":\"ListItem\",\"position\":1,\"name\":\"Startseite\",\"item\":\"https:\/\/gs-hude-sued.de\/\"},{\"@type\":\"ListItem\",\"position\":2,\"name\":\"Unser Schulleben\",\"item\":\"https:\/\/gs-hude-sued.de\/das-sind-wir\/\"},{\"@type\":\"ListItem\",\"position\":3,\"name\":\"Wettbewerbe &amp; Auszeichnungen\"}]},{\"@type\":\"WebSite\",\"@id\":\"https:\/\/gs-hude-sued.de\/#website\",\"url\":\"https:\/\/gs-hude-sued.de\/\",\"name\":\"Grundschule Hude S\u00fcd\",\"description\":\"Grundschule Hude-S\u00fcd \u2013 Miteinander stark f\u00fcr die Zukunft.\",\"potentialAction\":[{\"@type\":\"SearchAction\",\"target\":{\"@type\":\"EntryPoint\",\"urlTemplate\":\"https:\/\/gs-hude-sued.de\/?s={search_term_string}\"},\"query-input\":{\"@type\":\"PropertyValueSpecification\",\"valueRequired\":true,\"valueName\":\"search_term_string\"}}],\"inLanguage\":\"uk\"}]}<\/script>\n<!-- \/ Yoast SEO Premium plugin. -->","yoast_head_json":{"title":"\u041c\u0430\u0442\u0435\u043c\u0430\u0442\u0438\u0447\u043d\u0430 \u043e\u043b\u0456\u043c\u043f\u0456\u0430\u0434\u0430 \u0442\u0430 \u0448\u043a\u0456\u043b\u044c\u043d\u0456 \u0437\u043c\u0430\u0433\u0430\u043d\u043d\u044f \u2013 \u0443\u0441\u043f\u0456\u0445 \u0443\u0447\u043d\u0456\u0432","description":"\u0417\u0432\u0456\u0442\u0438 \u043f\u0440\u043e \u0434\u043e\u0441\u044f\u0433\u043d\u0435\u043d\u043d\u044f \u0442\u0430 \u043d\u0430\u0433\u043e\u0440\u043e\u0434\u0438 \u043d\u0430\u0448\u0438\u0445 \u0443\u0447\u043d\u0456\u0432 \u0443 \u0437\u043c\u0430\u0433\u0430\u043d\u043d\u044f\u0445, \u0442\u0430\u043a\u0438\u0445 \u044f\u043a \u043c\u0430\u0442\u0435\u043c\u0430\u0442\u0438\u0447\u043d\u0430 \u043e\u043b\u0456\u043c\u043f\u0456\u0430\u0434\u0430. \u0406\u043d\u0444\u043e\u0440\u043c\u0430\u0442\u0438\u0432\u043d\u0456 \u0442\u0430 \u043c\u043e\u0442\u0438\u0432\u0443\u044e\u0447\u0456.","robots":{"index":"index","follow":"follow","max-snippet":"max-snippet:-1","max-image-preview":"max-image-preview:large","max-video-preview":"max-video-preview:-1"},"canonical":"https:\/\/gs-hude-sued.de\/uk\/\u0446\u0435-\u043c\u0438\/\u043d\u0430\u0433\u043e\u0440\u043e\u0434\u0438-\u043a\u043e\u043d\u043a\u0443\u0440\u0441\u0456\u0432\/","og_locale":"uk_UA","og_type":"article","og_title":"Wettbewerbe &amp; Auszeichnungen","og_description":"Berichte \u00fcber Leistungen und Auszeichnungen unserer Sch\u00fclerinnen und Sch\u00fcler bei Wettbewerben wie der Mathematikolympiade. Informativ und motivierend.","og_url":"https:\/\/gs-hude-sued.de\/uk\/\u0446\u0435-\u043c\u0438\/\u043d\u0430\u0433\u043e\u0440\u043e\u0434\u0438-\u043a\u043e\u043d\u043a\u0443\u0440\u0441\u0456\u0432\/","og_site_name":"Grundschule Hude S\u00fcd","article_modified_time":"2026-02-24T10:13:32+00:00","og_image":[{"width":800,"height":522,"url":"https:\/\/gs-hude-sued.de\/wp-content\/uploads\/2025\/10\/GS-Hude1.png","type":"image\/png"}],"twitter_card":"summary_large_image","twitter_misc":{"\u041f\u0440\u0438\u0431\u043b. \u0447\u0430\u0441 \u0447\u0438\u0442\u0430\u043d\u043d\u044f":"3 \u0445\u0432\u0438\u043b\u0438\u043d\u0438"},"schema":{"@context":"https:\/\/schema.org","@graph":[{"@type":"WebPage","@id":"https:\/\/gs-hude-sued.de\/das-sind-wir\/wettbewerbe-auszeichnungen\/","url":"https:\/\/gs-hude-sued.de\/das-sind-wir\/wettbewerbe-auszeichnungen\/","name":"\u041c\u0430\u0442\u0435\u043c\u0430\u0442\u0438\u0447\u043d\u0430 \u043e\u043b\u0456\u043c\u043f\u0456\u0430\u0434\u0430 \u0442\u0430 \u0448\u043a\u0456\u043b\u044c\u043d\u0456 \u0437\u043c\u0430\u0433\u0430\u043d\u043d\u044f \u2013 \u0443\u0441\u043f\u0456\u0445 \u0443\u0447\u043d\u0456\u0432","isPartOf":{"@id":"https:\/\/gs-hude-sued.de\/#website"},"primaryImageOfPage":{"@id":"https:\/\/gs-hude-sued.de\/das-sind-wir\/wettbewerbe-auszeichnungen\/#primaryimage"},"image":{"@id":"https:\/\/gs-hude-sued.de\/das-sind-wir\/wettbewerbe-auszeichnungen\/#primaryimage"},"thumbnailUrl":"https:\/\/gs-hude-sued.de\/wp-content\/uploads\/2025\/10\/GS-Hude1.png","datePublished":"2025-10-06T10:23:30+00:00","dateModified":"2026-02-24T10:13:32+00:00","description":"\u0417\u0432\u0456\u0442\u0438 \u043f\u0440\u043e \u0434\u043e\u0441\u044f\u0433\u043d\u0435\u043d\u043d\u044f \u0442\u0430 \u043d\u0430\u0433\u043e\u0440\u043e\u0434\u0438 \u043d\u0430\u0448\u0438\u0445 \u0443\u0447\u043d\u0456\u0432 \u0443 \u0437\u043c\u0430\u0433\u0430\u043d\u043d\u044f\u0445, \u0442\u0430\u043a\u0438\u0445 \u044f\u043a \u043c\u0430\u0442\u0435\u043c\u0430\u0442\u0438\u0447\u043d\u0430 \u043e\u043b\u0456\u043c\u043f\u0456\u0430\u0434\u0430. \u0406\u043d\u0444\u043e\u0440\u043c\u0430\u0442\u0438\u0432\u043d\u0456 \u0442\u0430 \u043c\u043e\u0442\u0438\u0432\u0443\u044e\u0447\u0456.","breadcrumb":{"@id":"https:\/\/gs-hude-sued.de\/das-sind-wir\/wettbewerbe-auszeichnungen\/#breadcrumb"},"inLanguage":"uk","potentialAction":[{"@type":"ReadAction","target":["https:\/\/gs-hude-sued.de\/das-sind-wir\/wettbewerbe-auszeichnungen\/"]}]},{"@type":"ImageObject","inLanguage":"uk","@id":"https:\/\/gs-hude-sued.de\/das-sind-wir\/wettbewerbe-auszeichnungen\/#primaryimage","url":"https:\/\/gs-hude-sued.de\/wp-content\/uploads\/2025\/10\/GS-Hude1.png","contentUrl":"https:\/\/gs-hude-sued.de\/wp-content\/uploads\/2025\/10\/GS-Hude1.png","width":800,"height":522,"caption":"Die leidenschaftlichen jungen Fu\u00dfballspieler zeigen Freude und Teamgeist auf dem Spielfeld. Gemeinsames Spiel st\u00e4rkt soziale F\u00e4higkeiten und Kooperation."},{"@type":"BreadcrumbList","@id":"https:\/\/gs-hude-sued.de\/das-sind-wir\/wettbewerbe-auszeichnungen\/#breadcrumb","itemListElement":[{"@type":"ListItem","position":1,"name":"Startseite","item":"https:\/\/gs-hude-sued.de\/"},{"@type":"ListItem","position":2,"name":"Unser Schulleben","item":"https:\/\/gs-hude-sued.de\/das-sind-wir\/"},{"@type":"ListItem","position":3,"name":"Wettbewerbe &amp; Auszeichnungen"}]},{"@type":"WebSite","@id":"https:\/\/gs-hude-sued.de\/#website","url":"https:\/\/gs-hude-sued.de\/","name":"\u041f\u043e\u0447\u0430\u0442\u043a\u043e\u0432\u0430 \u0448\u043a\u043e\u043b\u0430 \u0413\u0443\u0434\u0435 \u0421\u0430\u0443\u0442","description":"\u041f\u043e\u0447\u0430\u0442\u043a\u043e\u0432\u0430 \u0448\u043a\u043e\u043b\u0430 \u0425\u0443\u0434\u0435-\u0417\u044e\u0434 \u2013 \u0421\u0438\u043b\u044c\u043d\u0456 \u0440\u0430\u0437\u043e\u043c \u0437\u0430\u0440\u0430\u0434\u0438 \u043c\u0430\u0439\u0431\u0443\u0442\u043d\u044c\u043e\u0433\u043e.","potentialAction":[{"@type":"SearchAction","target":{"@type":"EntryPoint","urlTemplate":"https:\/\/gs-hude-sued.de\/?s={search_term_string}"},"query-input":{"@type":"PropertyValueSpecification","valueRequired":true,"valueName":"search_term_string"}}],"inLanguage":"uk"}]}},"_links":{"self":[{"href":"https:\/\/gs-hude-sued.de\/uk\/wp-json\/wp\/v2\/pages\/240261","targetHints":{"allow":["GET"]}}],"collection":[{"href":"https:\/\/gs-hude-sued.de\/uk\/wp-json\/wp\/v2\/pages"}],"about":[{"href":"https:\/\/gs-hude-sued.de\/uk\/wp-json\/wp\/v2\/types\/page"}],"author":[{"embeddable":true,"href":"https:\/\/gs-hude-sued.de\/uk\/wp-json\/wp\/v2\/users\/1"}],"replies":[{"embeddable":true,"href":"https:\/\/gs-hude-sued.de\/uk\/wp-json\/wp\/v2\/comments?post=240261"}],"version-history":[{"count":9,"href":"https:\/\/gs-hude-sued.de\/uk\/wp-json\/wp\/v2\/pages\/240261\/revisions"}],"predecessor-version":[{"id":241422,"href":"https:\/\/gs-hude-sued.de\/uk\/wp-json\/wp\/v2\/pages\/240261\/revisions\/241422"}],"up":[{"embeddable":true,"href":"https:\/\/gs-hude-sued.de\/uk\/wp-json\/wp\/v2\/pages\/240090"}],"wp:featuredmedia":[{"embeddable":true,"href":"https:\/\/gs-hude-sued.de\/uk\/wp-json\/wp\/v2\/media\/240469"}],"wp:attachment":[{"href":"https:\/\/gs-hude-sued.de\/uk\/wp-json\/wp\/v2\/media?parent=240261"}],"curies":[{"name":"\u0412\u041f","href":"https:\/\/api.w.org\/{rel}","templated":true}]}}