{"id":240233,"date":"2025-10-06T11:55:50","date_gmt":"2025-10-06T09:55:50","guid":{"rendered":"https:\/\/gs-hude-sued.de\/?page_id=240233"},"modified":"2025-12-05T08:47:22","modified_gmt":"2025-12-05T07:47:22","slug":"%d0%b7-%d1%80%d0%be%d0%ba%d1%96%d0%b2","status":"publish","type":"page","link":"https:\/\/gs-hude-sued.de\/uk\/%d1%86%d0%b5-%d0%bc%d0%b8\/%d0%b7-%d1%80%d0%be%d0%ba%d1%96%d0%b2\/","title":{"rendered":"\u0417 \u0440\u043e\u043a\u0456\u0432"},"content":{"rendered":"<p>[et_pb_section fb_built=&#8220;1&#8243; _builder_version=&#8220;4.27.4&#8243; _module_preset=&#8220;default&#8220; custom_padding=&#8220;10px||||false|false&#8220; global_colors_info=&#8220;{}&#8220;][et_pb_row _builder_version=&#8220;4.27.4&#8243; _module_preset=&#8220;default&#8220; global_colors_info=&#8220;{}&#8220;][et_pb_column type=&#8220;4_4&#8243; _builder_version=&#8220;4.27.4&#8243; _module_preset=&#8220;default&#8220; global_colors_info=&#8220;{}&#8220;][et_pb_text _builder_version=&#8220;4.27.4&#8243; _module_preset=&#8220;default&#8220; custom_margin=&#8220;||0px||false|false&#8220; custom_padding=&#8220;||10px||false|false&#8220; global_colors_info=&#8220;{}&#8220;]<\/p>\n<h1>Beitr\u00e4ge aus den Jahrg\u00e4ngen<\/h1>\n<p>[\/et_pb_text][et_pb_divider color=&#8220;#A9C835&#8243; divider_weight=&#8220;4px&#8220; _builder_version=&#8220;4.27.4&#8243; _module_preset=&#8220;default&#8220; max_width=&#8220;60px&#8220; custom_margin=&#8220;||10px||false|false&#8220; custom_padding=&#8220;0px||0px||false|false&#8220; global_colors_info=&#8220;{}&#8220;][\/et_pb_divider][et_pb_text _builder_version=&#8220;4.27.4&#8243; _module_preset=&#8220;default&#8220; custom_margin=&#8220;||||false|false&#8220; custom_padding=&#8220;||50px||false|false&#8220; global_colors_info=&#8220;{}&#8220;]<\/p>\n<p>In unseren <strong>Jahrg\u00e4ngen 1 bis 4<\/strong> ist immer etwas los! Hier berichten die Klassen von ihren <strong>spannenden Projekten, Ausfl\u00fcgen und besonderen Erlebnissen<\/strong> im Schulalltag. \u2728 So k\u00f6nnt ihr miterleben, was in den einzelnen Jahrg\u00e4ngen gerade gelernt, entdeckt und gestaltet wird \u2013 direkt aus dem Klassenzimmer!<\/p>\n<p>[\/et_pb_text][et_pb_blog fullwidth=&#8220;off&#8220; posts_number=&#8220;6&#8243; include_categories=&#8220;12&#8243; show_categories=&#8220;off&#8220; _builder_version=&#8220;4.27.4&#8243; _module_preset=&#8220;default&#8220; border_radii=&#8220;on|15px|15px|15px|15px&#8220; border_width_all=&#8220;0px&#8220; box_shadow_style=&#8220;preset2&#8243; box_shadow_color=&#8220;rgba(0,0,0,0.06)&#8220; global_colors_info=&#8220;{}&#8220;][\/et_pb_blog][\/et_pb_column][\/et_pb_row][\/et_pb_section]<\/p>\n","protected":false},"excerpt":{"rendered":"<p>Beitr\u00e4ge aus den Jahrg\u00e4ngenIn unseren Jahrg\u00e4ngen 1 bis 4 ist immer etwas los! Hier berichten die Klassen von ihren spannenden Projekten, Ausfl\u00fcgen und besonderen Erlebnissen im Schulalltag. \u2728 So k\u00f6nnt ihr miterleben, was in den einzelnen Jahrg\u00e4ngen gerade gelernt, entdeckt und gestaltet wird \u2013 direkt aus dem Klassenzimmer!<\/p>","protected":false},"author":1,"featured_media":240281,"parent":240090,"menu_order":0,"comment_status":"closed","ping_status":"closed","template":"","meta":{"_acf_changed":false,"_et_pb_use_builder":"on","_et_pb_old_content":"","_et_gb_content_width":"","footnotes":""},"class_list":["post-240233","page","type-page","status-publish","has-post-thumbnail","hentry"],"acf":[],"yoast_head":"<!-- This site is optimized with the Yoast SEO Premium plugin v26.0 (Yoast SEO v27.0) - https:\/\/yoast.com\/product\/yoast-seo-premium-wordpress\/ -->\n<title>Beitr\u00e4ge 1\u20134: Schulalltag &amp; Projekte \u2013 Grundschule Hude-S\u00fcd<\/title>\n<meta name=\"description\" content=\"Einblicke in den Schulalltag der Jahrg\u00e4nge 1\u20134: Projekte, Ausfl\u00fcge und Erlebnisse aus dem Klassenzimmer. Jetzt Beitr\u00e4ge entdecken \u2013 Grundschule Hude-S\u00fcd\" \/>\n<meta name=\"robots\" content=\"index, follow, max-snippet:-1, max-image-preview:large, max-video-preview:-1\" \/>\n<link rel=\"canonical\" href=\"https:\/\/gs-hude-sued.de\/uk\/\u0446\u0435-\u043c\u0438\/\u0437-\u0440\u043e\u043a\u0456\u0432\/\" \/>\n<meta property=\"og:locale\" content=\"uk_UA\" \/>\n<meta property=\"og:type\" content=\"article\" \/>\n<meta property=\"og:title\" content=\"Aus den Jahrg\u00e4ngen\" \/>\n<meta property=\"og:description\" content=\"Einblicke in den Schulalltag der Jahrg\u00e4nge 1\u20134: Projekte, Ausfl\u00fcge und Erlebnisse aus dem Klassenzimmer. Jetzt Beitr\u00e4ge entdecken \u2013 Grundschule Hude-S\u00fcd\" \/>\n<meta property=\"og:url\" content=\"https:\/\/gs-hude-sued.de\/uk\/\u0446\u0435-\u043c\u0438\/\u0437-\u0440\u043e\u043a\u0456\u0432\/\" \/>\n<meta property=\"og:site_name\" content=\"Grundschule Hude S\u00fcd\" \/>\n<meta property=\"article:modified_time\" content=\"2025-12-05T07:47:22+00:00\" \/>\n<meta property=\"og:image\" content=\"https:\/\/gs-hude-sued.de\/wp-content\/uploads\/2025\/10\/3-4.png\" \/>\n\t<meta property=\"og:image:width\" content=\"800\" \/>\n\t<meta property=\"og:image:height\" content=\"1000\" \/>\n\t<meta property=\"og:image:type\" content=\"image\/png\" \/>\n<meta name=\"twitter:card\" content=\"summary_large_image\" \/>\n<script type=\"application\/ld+json\" class=\"yoast-schema-graph\">{\"@context\":\"https:\/\/schema.org\",\"@graph\":[{\"@type\":\"WebPage\",\"@id\":\"https:\/\/gs-hude-sued.de\/das-sind-wir\/aus-den-jahrgaengen\/\",\"url\":\"https:\/\/gs-hude-sued.de\/das-sind-wir\/aus-den-jahrgaengen\/\",\"name\":\"Beitr\u00e4ge 1\u20134: Schulalltag & Projekte \u2013 Grundschule Hude-S\u00fcd\",\"isPartOf\":{\"@id\":\"https:\/\/gs-hude-sued.de\/#website\"},\"primaryImageOfPage\":{\"@id\":\"https:\/\/gs-hude-sued.de\/das-sind-wir\/aus-den-jahrgaengen\/#primaryimage\"},\"image\":{\"@id\":\"https:\/\/gs-hude-sued.de\/das-sind-wir\/aus-den-jahrgaengen\/#primaryimage\"},\"thumbnailUrl\":\"https:\/\/gs-hude-sued.de\/wp-content\/uploads\/2025\/10\/3-4.png\",\"datePublished\":\"2025-10-06T09:55:50+00:00\",\"dateModified\":\"2025-12-05T07:47:22+00:00\",\"description\":\"Einblicke in den Schulalltag der Jahrg\u00e4nge 1\u20134: Projekte, Ausfl\u00fcge und Erlebnisse aus dem Klassenzimmer. Jetzt Beitr\u00e4ge entdecken \u2013 Grundschule Hude-S\u00fcd\",\"breadcrumb\":{\"@id\":\"https:\/\/gs-hude-sued.de\/das-sind-wir\/aus-den-jahrgaengen\/#breadcrumb\"},\"inLanguage\":\"uk\",\"potentialAction\":[{\"@type\":\"ReadAction\",\"target\":[\"https:\/\/gs-hude-sued.de\/das-sind-wir\/aus-den-jahrgaengen\/\"]}]},{\"@type\":\"ImageObject\",\"inLanguage\":\"uk\",\"@id\":\"https:\/\/gs-hude-sued.de\/das-sind-wir\/aus-den-jahrgaengen\/#primaryimage\",\"url\":\"https:\/\/gs-hude-sued.de\/wp-content\/uploads\/2025\/10\/3-4.png\",\"contentUrl\":\"https:\/\/gs-hude-sued.de\/wp-content\/uploads\/2025\/10\/3-4.png\",\"width\":800,\"height\":1000,\"caption\":\"Der Flur der Grundschule Hude-S\u00fcd zeigt engagierte Sch\u00fcler im Austausch. Der freundliche Umgang und die Vielfalt sind sichtbar.\"},{\"@type\":\"BreadcrumbList\",\"@id\":\"https:\/\/gs-hude-sued.de\/das-sind-wir\/aus-den-jahrgaengen\/#breadcrumb\",\"itemListElement\":[{\"@type\":\"ListItem\",\"position\":1,\"name\":\"Startseite\",\"item\":\"https:\/\/gs-hude-sued.de\/\"},{\"@type\":\"ListItem\",\"position\":2,\"name\":\"Unser Schulleben\",\"item\":\"https:\/\/gs-hude-sued.de\/das-sind-wir\/\"},{\"@type\":\"ListItem\",\"position\":3,\"name\":\"Aus den Jahrg\u00e4ngen\"}]},{\"@type\":\"WebSite\",\"@id\":\"https:\/\/gs-hude-sued.de\/#website\",\"url\":\"https:\/\/gs-hude-sued.de\/\",\"name\":\"Grundschule Hude S\u00fcd\",\"description\":\"Grundschule Hude-S\u00fcd \u2013 Miteinander stark f\u00fcr die Zukunft.\",\"potentialAction\":[{\"@type\":\"SearchAction\",\"target\":{\"@type\":\"EntryPoint\",\"urlTemplate\":\"https:\/\/gs-hude-sued.de\/?s={search_term_string}\"},\"query-input\":{\"@type\":\"PropertyValueSpecification\",\"valueRequired\":true,\"valueName\":\"search_term_string\"}}],\"inLanguage\":\"uk\"}]}<\/script>\n<!-- \/ Yoast SEO Premium plugin. -->","yoast_head_json":{"title":"\u0421\u0442\u0430\u0442\u0442\u0456 1\u20134: \u0428\u043a\u0456\u043b\u044c\u043d\u0435 \u0436\u0438\u0442\u0442\u044f \u0442\u0430 \u043f\u0440\u043e\u0435\u043a\u0442\u0438 \u2013 \u041f\u043e\u0447\u0430\u0442\u043a\u043e\u0432\u0430 \u0448\u043a\u043e\u043b\u0430 \u0425\u0443\u0434\u0435-\u0417\u044e\u0434","description":"\u041e\u0433\u043b\u044f\u0434\u0438 \u043f\u043e\u0432\u0441\u044f\u043a\u0434\u0435\u043d\u043d\u043e\u0433\u043e \u0448\u043a\u0456\u043b\u044c\u043d\u043e\u0433\u043e \u0436\u0438\u0442\u0442\u044f 1\u20134 \u043a\u043b\u0430\u0441\u0456\u0432: \u043f\u0440\u043e\u0435\u043a\u0442\u0438, \u0435\u043a\u0441\u043a\u0443\u0440\u0441\u0456\u0457 \u0442\u0430 \u043a\u043b\u0430\u0441\u043d\u0438\u0439 \u0434\u043e\u0441\u0432\u0456\u0434. \u0414\u0456\u0437\u043d\u0430\u0439\u0442\u0435\u0441\u044f \u0431\u0456\u043b\u044c\u0448\u0435 \u043f\u0440\u043e \u043f\u0443\u0431\u043b\u0456\u043a\u0430\u0446\u0456\u0457 \u0437\u0430\u0440\u0430\u0437 \u2013 \u041f\u043e\u0447\u0430\u0442\u043a\u043e\u0432\u0430 \u0448\u043a\u043e\u043b\u0430 \u0425\u0443\u0434\u0435-\u0417\u044e\u0434","robots":{"index":"index","follow":"follow","max-snippet":"max-snippet:-1","max-image-preview":"max-image-preview:large","max-video-preview":"max-video-preview:-1"},"canonical":"https:\/\/gs-hude-sued.de\/uk\/\u0446\u0435-\u043c\u0438\/\u0437-\u0440\u043e\u043a\u0456\u0432\/","og_locale":"uk_UA","og_type":"article","og_title":"Aus den Jahrg\u00e4ngen","og_description":"Einblicke in den Schulalltag der Jahrg\u00e4nge 1\u20134: Projekte, Ausfl\u00fcge und Erlebnisse aus dem Klassenzimmer. Jetzt Beitr\u00e4ge entdecken \u2013 Grundschule Hude-S\u00fcd","og_url":"https:\/\/gs-hude-sued.de\/uk\/\u0446\u0435-\u043c\u0438\/\u0437-\u0440\u043e\u043a\u0456\u0432\/","og_site_name":"Grundschule Hude S\u00fcd","article_modified_time":"2025-12-05T07:47:22+00:00","og_image":[{"width":800,"height":1000,"url":"https:\/\/gs-hude-sued.de\/wp-content\/uploads\/2025\/10\/3-4.png","type":"image\/png"}],"twitter_card":"summary_large_image","schema":{"@context":"https:\/\/schema.org","@graph":[{"@type":"WebPage","@id":"https:\/\/gs-hude-sued.de\/das-sind-wir\/aus-den-jahrgaengen\/","url":"https:\/\/gs-hude-sued.de\/das-sind-wir\/aus-den-jahrgaengen\/","name":"\u0421\u0442\u0430\u0442\u0442\u0456 1\u20134: \u0428\u043a\u0456\u043b\u044c\u043d\u0435 \u0436\u0438\u0442\u0442\u044f \u0442\u0430 \u043f\u0440\u043e\u0435\u043a\u0442\u0438 \u2013 \u041f\u043e\u0447\u0430\u0442\u043a\u043e\u0432\u0430 \u0448\u043a\u043e\u043b\u0430 \u0425\u0443\u0434\u0435-\u0417\u044e\u0434","isPartOf":{"@id":"https:\/\/gs-hude-sued.de\/#website"},"primaryImageOfPage":{"@id":"https:\/\/gs-hude-sued.de\/das-sind-wir\/aus-den-jahrgaengen\/#primaryimage"},"image":{"@id":"https:\/\/gs-hude-sued.de\/das-sind-wir\/aus-den-jahrgaengen\/#primaryimage"},"thumbnailUrl":"https:\/\/gs-hude-sued.de\/wp-content\/uploads\/2025\/10\/3-4.png","datePublished":"2025-10-06T09:55:50+00:00","dateModified":"2025-12-05T07:47:22+00:00","description":"\u041e\u0433\u043b\u044f\u0434\u0438 \u043f\u043e\u0432\u0441\u044f\u043a\u0434\u0435\u043d\u043d\u043e\u0433\u043e \u0448\u043a\u0456\u043b\u044c\u043d\u043e\u0433\u043e \u0436\u0438\u0442\u0442\u044f 1\u20134 \u043a\u043b\u0430\u0441\u0456\u0432: \u043f\u0440\u043e\u0435\u043a\u0442\u0438, \u0435\u043a\u0441\u043a\u0443\u0440\u0441\u0456\u0457 \u0442\u0430 \u043a\u043b\u0430\u0441\u043d\u0438\u0439 \u0434\u043e\u0441\u0432\u0456\u0434. \u0414\u0456\u0437\u043d\u0430\u0439\u0442\u0435\u0441\u044f \u0431\u0456\u043b\u044c\u0448\u0435 \u043f\u0440\u043e \u043f\u0443\u0431\u043b\u0456\u043a\u0430\u0446\u0456\u0457 \u0437\u0430\u0440\u0430\u0437 \u2013 \u041f\u043e\u0447\u0430\u0442\u043a\u043e\u0432\u0430 \u0448\u043a\u043e\u043b\u0430 \u0425\u0443\u0434\u0435-\u0417\u044e\u0434","breadcrumb":{"@id":"https:\/\/gs-hude-sued.de\/das-sind-wir\/aus-den-jahrgaengen\/#breadcrumb"},"inLanguage":"uk","potentialAction":[{"@type":"ReadAction","target":["https:\/\/gs-hude-sued.de\/das-sind-wir\/aus-den-jahrgaengen\/"]}]},{"@type":"ImageObject","inLanguage":"uk","@id":"https:\/\/gs-hude-sued.de\/das-sind-wir\/aus-den-jahrgaengen\/#primaryimage","url":"https:\/\/gs-hude-sued.de\/wp-content\/uploads\/2025\/10\/3-4.png","contentUrl":"https:\/\/gs-hude-sued.de\/wp-content\/uploads\/2025\/10\/3-4.png","width":800,"height":1000,"caption":"Der Flur der Grundschule Hude-S\u00fcd zeigt engagierte Sch\u00fcler im Austausch. Der freundliche Umgang und die Vielfalt sind sichtbar."},{"@type":"BreadcrumbList","@id":"https:\/\/gs-hude-sued.de\/das-sind-wir\/aus-den-jahrgaengen\/#breadcrumb","itemListElement":[{"@type":"ListItem","position":1,"name":"Startseite","item":"https:\/\/gs-hude-sued.de\/"},{"@type":"ListItem","position":2,"name":"Unser Schulleben","item":"https:\/\/gs-hude-sued.de\/das-sind-wir\/"},{"@type":"ListItem","position":3,"name":"Aus den Jahrg\u00e4ngen"}]},{"@type":"WebSite","@id":"https:\/\/gs-hude-sued.de\/#website","url":"https:\/\/gs-hude-sued.de\/","name":"\u041f\u043e\u0447\u0430\u0442\u043a\u043e\u0432\u0430 \u0448\u043a\u043e\u043b\u0430 \u0413\u0443\u0434\u0435 \u0421\u0430\u0443\u0442","description":"\u041f\u043e\u0447\u0430\u0442\u043a\u043e\u0432\u0430 \u0448\u043a\u043e\u043b\u0430 \u0425\u0443\u0434\u0435-\u0417\u044e\u0434 \u2013 \u0421\u0438\u043b\u044c\u043d\u0456 \u0440\u0430\u0437\u043e\u043c \u0437\u0430\u0440\u0430\u0434\u0438 \u043c\u0430\u0439\u0431\u0443\u0442\u043d\u044c\u043e\u0433\u043e.","potentialAction":[{"@type":"SearchAction","target":{"@type":"EntryPoint","urlTemplate":"https:\/\/gs-hude-sued.de\/?s={search_term_string}"},"query-input":{"@type":"PropertyValueSpecification","valueRequired":true,"valueName":"search_term_string"}}],"inLanguage":"uk"}]}},"_links":{"self":[{"href":"https:\/\/gs-hude-sued.de\/uk\/wp-json\/wp\/v2\/pages\/240233","targetHints":{"allow":["GET"]}}],"collection":[{"href":"https:\/\/gs-hude-sued.de\/uk\/wp-json\/wp\/v2\/pages"}],"about":[{"href":"https:\/\/gs-hude-sued.de\/uk\/wp-json\/wp\/v2\/types\/page"}],"author":[{"embeddable":true,"href":"https:\/\/gs-hude-sued.de\/uk\/wp-json\/wp\/v2\/users\/1"}],"replies":[{"embeddable":true,"href":"https:\/\/gs-hude-sued.de\/uk\/wp-json\/wp\/v2\/comments?post=240233"}],"version-history":[{"count":5,"href":"https:\/\/gs-hude-sued.de\/uk\/wp-json\/wp\/v2\/pages\/240233\/revisions"}],"predecessor-version":[{"id":241141,"href":"https:\/\/gs-hude-sued.de\/uk\/wp-json\/wp\/v2\/pages\/240233\/revisions\/241141"}],"up":[{"embeddable":true,"href":"https:\/\/gs-hude-sued.de\/uk\/wp-json\/wp\/v2\/pages\/240090"}],"wp:featuredmedia":[{"embeddable":true,"href":"https:\/\/gs-hude-sued.de\/uk\/wp-json\/wp\/v2\/media\/240281"}],"wp:attachment":[{"href":"https:\/\/gs-hude-sued.de\/uk\/wp-json\/wp\/v2\/media?parent=240233"}],"curies":[{"name":"\u0412\u041f","href":"https:\/\/api.w.org\/{rel}","templated":true}]}}