{"id":240090,"date":"2025-10-05T12:10:40","date_gmt":"2025-10-05T10:10:40","guid":{"rendered":"https:\/\/gs-hude-sued.de\/?page_id=240090"},"modified":"2025-10-15T15:20:23","modified_gmt":"2025-10-15T13:20:23","slug":"%d1%86%d0%b5-%d0%bc%d0%b8","status":"publish","type":"page","link":"https:\/\/gs-hude-sued.de\/uk\/%d1%86%d0%b5-%d0%bc%d0%b8\/","title":{"rendered":"\u041d\u0430\u0448\u0435 \u0448\u043a\u0456\u043b\u044c\u043d\u0435 \u0436\u0438\u0442\u0442\u044f"},"content":{"rendered":"","protected":false},"excerpt":{"rendered":"","protected":false},"author":1,"featured_media":240158,"parent":0,"menu_order":0,"comment_status":"closed","ping_status":"closed","template":"","meta":{"_acf_changed":false,"_et_pb_use_builder":"on","_et_pb_old_content":"","_et_gb_content_width":"","footnotes":""},"class_list":["post-240090","page","type-page","status-publish","has-post-thumbnail","hentry"],"acf":[],"yoast_head":"<!-- This site is optimized with the Yoast SEO Premium plugin v26.0 (Yoast SEO v27.0) - https:\/\/yoast.com\/product\/yoast-seo-premium-wordpress\/ -->\n<title>Unser Schulleben - Grundschule Hude S\u00fcd<\/title>\n<meta name=\"robots\" content=\"index, follow, max-snippet:-1, max-image-preview:large, max-video-preview:-1\" \/>\n<link rel=\"canonical\" href=\"https:\/\/gs-hude-sued.de\/uk\/\u0446\u0435-\u043c\u0438\/\" \/>\n<meta property=\"og:locale\" content=\"uk_UA\" \/>\n<meta property=\"og:type\" content=\"article\" \/>\n<meta property=\"og:title\" content=\"Unser Schulleben\" \/>\n<meta property=\"og:url\" content=\"https:\/\/gs-hude-sued.de\/uk\/\u0446\u0435-\u043c\u0438\/\" \/>\n<meta property=\"og:site_name\" content=\"Grundschule Hude S\u00fcd\" \/>\n<meta property=\"article:modified_time\" content=\"2025-10-15T13:20:23+00:00\" \/>\n<meta property=\"og:image\" content=\"https:\/\/gs-hude-sued.de\/wp-content\/uploads\/2025\/10\/3-3.png\" \/>\n\t<meta property=\"og:image:width\" content=\"1000\" \/>\n\t<meta property=\"og:image:height\" content=\"1000\" \/>\n\t<meta property=\"og:image:type\" content=\"image\/png\" \/>\n<meta name=\"twitter:card\" content=\"summary_large_image\" \/>\n<meta name=\"twitter:label1\" content=\"\u041f\u0440\u0438\u0431\u043b. \u0447\u0430\u0441 \u0447\u0438\u0442\u0430\u043d\u043d\u044f\" \/>\n\t<meta name=\"twitter:data1\" content=\"1 \u0445\u0432\u0438\u043b\u0438\u043d\u0430\" \/>\n<script type=\"application\/ld+json\" class=\"yoast-schema-graph\">{\"@context\":\"https:\/\/schema.org\",\"@graph\":[{\"@type\":\"WebPage\",\"@id\":\"https:\/\/gs-hude-sued.de\/das-sind-wir\/\",\"url\":\"https:\/\/gs-hude-sued.de\/das-sind-wir\/\",\"name\":\"Unser Schulleben - Grundschule Hude S\u00fcd\",\"isPartOf\":{\"@id\":\"https:\/\/gs-hude-sued.de\/#website\"},\"primaryImageOfPage\":{\"@id\":\"https:\/\/gs-hude-sued.de\/das-sind-wir\/#primaryimage\"},\"image\":{\"@id\":\"https:\/\/gs-hude-sued.de\/das-sind-wir\/#primaryimage\"},\"thumbnailUrl\":\"https:\/\/gs-hude-sued.de\/wp-content\/uploads\/2025\/10\/3-3.png\",\"datePublished\":\"2025-10-05T10:10:40+00:00\",\"dateModified\":\"2025-10-15T13:20:23+00:00\",\"breadcrumb\":{\"@id\":\"https:\/\/gs-hude-sued.de\/das-sind-wir\/#breadcrumb\"},\"inLanguage\":\"uk\",\"potentialAction\":[{\"@type\":\"ReadAction\",\"target\":[\"https:\/\/gs-hude-sued.de\/das-sind-wir\/\"]}]},{\"@type\":\"ImageObject\",\"inLanguage\":\"uk\",\"@id\":\"https:\/\/gs-hude-sued.de\/das-sind-wir\/#primaryimage\",\"url\":\"https:\/\/gs-hude-sued.de\/wp-content\/uploads\/2025\/10\/3-3.png\",\"contentUrl\":\"https:\/\/gs-hude-sued.de\/wp-content\/uploads\/2025\/10\/3-3.png\",\"width\":1000,\"height\":1000,\"caption\":\"Eine lebendige Lernatmosph\u00e4re pr\u00e4gt den Schulalltag der Grundschule Hude-S\u00fcd. Sch\u00fcler arbeiten zusammen und f\u00f6rdern gegenseitiges Verst\u00e4ndnis.\"},{\"@type\":\"BreadcrumbList\",\"@id\":\"https:\/\/gs-hude-sued.de\/das-sind-wir\/#breadcrumb\",\"itemListElement\":[{\"@type\":\"ListItem\",\"position\":1,\"name\":\"Startseite\",\"item\":\"https:\/\/gs-hude-sued.de\/\"},{\"@type\":\"ListItem\",\"position\":2,\"name\":\"Unser Schulleben\"}]},{\"@type\":\"WebSite\",\"@id\":\"https:\/\/gs-hude-sued.de\/#website\",\"url\":\"https:\/\/gs-hude-sued.de\/\",\"name\":\"Grundschule Hude S\u00fcd\",\"description\":\"Grundschule Hude-S\u00fcd \u2013 Miteinander stark f\u00fcr die Zukunft.\",\"potentialAction\":[{\"@type\":\"SearchAction\",\"target\":{\"@type\":\"EntryPoint\",\"urlTemplate\":\"https:\/\/gs-hude-sued.de\/?s={search_term_string}\"},\"query-input\":{\"@type\":\"PropertyValueSpecification\",\"valueRequired\":true,\"valueName\":\"search_term_string\"}}],\"inLanguage\":\"uk\"}]}<\/script>\n<!-- \/ Yoast SEO Premium plugin. -->","yoast_head_json":{"title":"\u041d\u0430\u0448\u0435 \u0448\u043a\u0456\u043b\u044c\u043d\u0435 \u0436\u0438\u0442\u0442\u044f - \u041f\u043e\u0447\u0430\u0442\u043a\u043e\u0432\u0430 \u0448\u043a\u043e\u043b\u0430 \u0413\u0443\u0434\u0435 \u0421\u0430\u0443\u0442","robots":{"index":"index","follow":"follow","max-snippet":"max-snippet:-1","max-image-preview":"max-image-preview:large","max-video-preview":"max-video-preview:-1"},"canonical":"https:\/\/gs-hude-sued.de\/uk\/\u0446\u0435-\u043c\u0438\/","og_locale":"uk_UA","og_type":"article","og_title":"Unser Schulleben","og_url":"https:\/\/gs-hude-sued.de\/uk\/\u0446\u0435-\u043c\u0438\/","og_site_name":"Grundschule Hude S\u00fcd","article_modified_time":"2025-10-15T13:20:23+00:00","og_image":[{"width":1000,"height":1000,"url":"https:\/\/gs-hude-sued.de\/wp-content\/uploads\/2025\/10\/3-3.png","type":"image\/png"}],"twitter_card":"summary_large_image","twitter_misc":{"\u041f\u0440\u0438\u0431\u043b. \u0447\u0430\u0441 \u0447\u0438\u0442\u0430\u043d\u043d\u044f":"1 \u0445\u0432\u0438\u043b\u0438\u043d\u0430"},"schema":{"@context":"https:\/\/schema.org","@graph":[{"@type":"WebPage","@id":"https:\/\/gs-hude-sued.de\/das-sind-wir\/","url":"https:\/\/gs-hude-sued.de\/das-sind-wir\/","name":"\u041d\u0430\u0448\u0435 \u0448\u043a\u0456\u043b\u044c\u043d\u0435 \u0436\u0438\u0442\u0442\u044f - \u041f\u043e\u0447\u0430\u0442\u043a\u043e\u0432\u0430 \u0448\u043a\u043e\u043b\u0430 \u0413\u0443\u0434\u0435 \u0421\u0430\u0443\u0442","isPartOf":{"@id":"https:\/\/gs-hude-sued.de\/#website"},"primaryImageOfPage":{"@id":"https:\/\/gs-hude-sued.de\/das-sind-wir\/#primaryimage"},"image":{"@id":"https:\/\/gs-hude-sued.de\/das-sind-wir\/#primaryimage"},"thumbnailUrl":"https:\/\/gs-hude-sued.de\/wp-content\/uploads\/2025\/10\/3-3.png","datePublished":"2025-10-05T10:10:40+00:00","dateModified":"2025-10-15T13:20:23+00:00","breadcrumb":{"@id":"https:\/\/gs-hude-sued.de\/das-sind-wir\/#breadcrumb"},"inLanguage":"uk","potentialAction":[{"@type":"ReadAction","target":["https:\/\/gs-hude-sued.de\/das-sind-wir\/"]}]},{"@type":"ImageObject","inLanguage":"uk","@id":"https:\/\/gs-hude-sued.de\/das-sind-wir\/#primaryimage","url":"https:\/\/gs-hude-sued.de\/wp-content\/uploads\/2025\/10\/3-3.png","contentUrl":"https:\/\/gs-hude-sued.de\/wp-content\/uploads\/2025\/10\/3-3.png","width":1000,"height":1000,"caption":"Eine lebendige Lernatmosph\u00e4re pr\u00e4gt den Schulalltag der Grundschule Hude-S\u00fcd. Sch\u00fcler arbeiten zusammen und f\u00f6rdern gegenseitiges Verst\u00e4ndnis."},{"@type":"BreadcrumbList","@id":"https:\/\/gs-hude-sued.de\/das-sind-wir\/#breadcrumb","itemListElement":[{"@type":"ListItem","position":1,"name":"Startseite","item":"https:\/\/gs-hude-sued.de\/"},{"@type":"ListItem","position":2,"name":"Unser Schulleben"}]},{"@type":"WebSite","@id":"https:\/\/gs-hude-sued.de\/#website","url":"https:\/\/gs-hude-sued.de\/","name":"\u041f\u043e\u0447\u0430\u0442\u043a\u043e\u0432\u0430 \u0448\u043a\u043e\u043b\u0430 \u0413\u0443\u0434\u0435 \u0421\u0430\u0443\u0442","description":"\u041f\u043e\u0447\u0430\u0442\u043a\u043e\u0432\u0430 \u0448\u043a\u043e\u043b\u0430 \u0425\u0443\u0434\u0435-\u0417\u044e\u0434 \u2013 \u0421\u0438\u043b\u044c\u043d\u0456 \u0440\u0430\u0437\u043e\u043c \u0437\u0430\u0440\u0430\u0434\u0438 \u043c\u0430\u0439\u0431\u0443\u0442\u043d\u044c\u043e\u0433\u043e.","potentialAction":[{"@type":"SearchAction","target":{"@type":"EntryPoint","urlTemplate":"https:\/\/gs-hude-sued.de\/?s={search_term_string}"},"query-input":{"@type":"PropertyValueSpecification","valueRequired":true,"valueName":"search_term_string"}}],"inLanguage":"uk"}]}},"_links":{"self":[{"href":"https:\/\/gs-hude-sued.de\/uk\/wp-json\/wp\/v2\/pages\/240090","targetHints":{"allow":["GET"]}}],"collection":[{"href":"https:\/\/gs-hude-sued.de\/uk\/wp-json\/wp\/v2\/pages"}],"about":[{"href":"https:\/\/gs-hude-sued.de\/uk\/wp-json\/wp\/v2\/types\/page"}],"author":[{"embeddable":true,"href":"https:\/\/gs-hude-sued.de\/uk\/wp-json\/wp\/v2\/users\/1"}],"replies":[{"embeddable":true,"href":"https:\/\/gs-hude-sued.de\/uk\/wp-json\/wp\/v2\/comments?post=240090"}],"version-history":[{"count":3,"href":"https:\/\/gs-hude-sued.de\/uk\/wp-json\/wp\/v2\/pages\/240090\/revisions"}],"predecessor-version":[{"id":240292,"href":"https:\/\/gs-hude-sued.de\/uk\/wp-json\/wp\/v2\/pages\/240090\/revisions\/240292"}],"wp:featuredmedia":[{"embeddable":true,"href":"https:\/\/gs-hude-sued.de\/uk\/wp-json\/wp\/v2\/media\/240158"}],"wp:attachment":[{"href":"https:\/\/gs-hude-sued.de\/uk\/wp-json\/wp\/v2\/media?parent=240090"}],"curies":[{"name":"\u0412\u041f","href":"https:\/\/api.w.org\/{rel}","templated":true}]}}