{"id":240267,"date":"2025-10-06T12:26:53","date_gmt":"2025-10-06T10:26:53","guid":{"rendered":"https:\/\/gs-hude-sued.de\/?page_id=240267"},"modified":"2025-12-05T08:47:55","modified_gmt":"2025-12-05T07:47:55","slug":"kutlamak","status":"publish","type":"page","link":"https:\/\/gs-hude-sued.de\/tr\/bu-biziz\/kutlamak\/","title":{"rendered":"Festivaller ve Kutlamalar"},"content":{"rendered":"<p>[et_pb_section fb_built=&#8220;1&#8243; _builder_version=&#8220;4.27.4&#8243; _module_preset=&#8220;default&#8220; custom_padding=&#8220;10px||||false|false&#8220; global_colors_info=&#8220;{}&#8220;][et_pb_row _builder_version=&#8220;4.27.4&#8243; _module_preset=&#8220;default&#8220; global_colors_info=&#8220;{}&#8220;][et_pb_column type=&#8220;4_4&#8243; _builder_version=&#8220;4.27.4&#8243; _module_preset=&#8220;default&#8220; global_colors_info=&#8220;{}&#8220;][et_pb_text _builder_version=&#8220;4.27.4&#8243; _module_preset=&#8220;default&#8220; custom_margin=&#8220;||0px||false|false&#8220; custom_padding=&#8220;||10px||false|false&#8220; global_colors_info=&#8220;{}&#8220;]<\/p>\n<h1>Feste &#038; Feiern<\/h1>\n<p>[\/et_pb_text][et_pb_divider color=&#8220;#A9C835&#8243; divider_weight=&#8220;4px&#8220; _builder_version=&#8220;4.27.4&#8243; _module_preset=&#8220;default&#8220; max_width=&#8220;60px&#8220; custom_margin=&#8220;||10px||false|false&#8220; custom_padding=&#8220;0px||0px||false|false&#8220; global_colors_info=&#8220;{}&#8220;][\/et_pb_divider][et_pb_text _builder_version=&#8220;4.27.4&#8243; _module_preset=&#8220;default&#8220; custom_margin=&#8220;||||false|false&#8220; custom_padding=&#8220;||50px||false|false&#8220; global_colors_info=&#8220;{}&#8220;]<\/p>\n<p>Gemeinsam feiern macht Schule noch sch\u00f6ner! \ud83c\udf89 An der <strong>Grundschule Hude-S\u00fcd<\/strong> gibt es im Laufe des Jahres viele <strong>besondere Anl\u00e4sse<\/strong>, bei denen die ganze Schulgemeinschaft zusammenkommt \u2013 von fr\u00f6hlichen <strong>Sommerfesten<\/strong> \u00fcber <strong>Einschulungsfeiern<\/strong> bis hin zu <strong>jahreszeitlichen Aktionen<\/strong>. Hier zeigen wir euch, wie wir diese Momente gemeinsam erleben, gestalten und genie\u00dfen. \ud83d\udcab<\/p>\n<p>[\/et_pb_text][et_pb_blog fullwidth=&#8220;off&#8220; posts_number=&#8220;6&#8243; include_categories=&#8220;15&#8243; show_categories=&#8220;off&#8220; _builder_version=&#8220;4.27.4&#8243; _module_preset=&#8220;default&#8220; border_radii=&#8220;on|15px|15px|15px|15px&#8220; border_width_all=&#8220;0px&#8220; box_shadow_style=&#8220;preset2&#8243; box_shadow_color=&#8220;rgba(0,0,0,0.06)&#8220; global_colors_info=&#8220;{}&#8220;][\/et_pb_blog][\/et_pb_column][\/et_pb_row][\/et_pb_section]<\/p>\n","protected":false},"excerpt":{"rendered":"<p>Feste &#038; FeiernGemeinsam feiern macht Schule noch sch\u00f6ner! \ud83c\udf89 An der Grundschule Hude-S\u00fcd gibt es im Laufe des Jahres viele besondere Anl\u00e4sse, bei denen die ganze Schulgemeinschaft zusammenkommt \u2013 von fr\u00f6hlichen Sommerfesten \u00fcber Einschulungsfeiern bis hin zu jahreszeitlichen Aktionen. Hier zeigen wir euch, wie wir diese Momente gemeinsam erleben, gestalten und genie\u00dfen. \ud83d\udcab<\/p>","protected":false},"author":1,"featured_media":240501,"parent":240090,"menu_order":0,"comment_status":"closed","ping_status":"closed","template":"","meta":{"_acf_changed":false,"_et_pb_use_builder":"on","_et_pb_old_content":"","_et_gb_content_width":"","footnotes":""},"class_list":["post-240267","page","type-page","status-publish","has-post-thumbnail","hentry"],"acf":[],"yoast_head":"<!-- This site is optimized with the Yoast SEO Premium plugin v26.0 (Yoast SEO v27.0) - https:\/\/yoast.com\/product\/yoast-seo-premium-wordpress\/ -->\n<title>Grundschule Hude-S\u00fcd: Feste und Feiern gemeinsam erleben<\/title>\n<meta name=\"description\" content=\"Gemeinsam feiern macht Schule sch\u00f6ner: Entdecke, wie an der Grundschule Hude-S\u00fcd Festlichkeiten den Schulalltag bereichern und Gemeinschaft st\u00e4rken.\" \/>\n<meta name=\"robots\" content=\"index, follow, max-snippet:-1, max-image-preview:large, max-video-preview:-1\" \/>\n<link rel=\"canonical\" href=\"https:\/\/gs-hude-sued.de\/tr\/bu-biziz\/kutlamak\/\" \/>\n<meta property=\"og:locale\" content=\"tr_TR\" \/>\n<meta property=\"og:type\" content=\"article\" \/>\n<meta property=\"og:title\" content=\"Feste &amp; Feiern\" \/>\n<meta property=\"og:description\" content=\"Gemeinsam feiern macht Schule sch\u00f6ner: Entdecke, wie an der Grundschule Hude-S\u00fcd Festlichkeiten den Schulalltag bereichern und Gemeinschaft st\u00e4rken.\" \/>\n<meta property=\"og:url\" content=\"https:\/\/gs-hude-sued.de\/tr\/bu-biziz\/kutlamak\/\" \/>\n<meta property=\"og:site_name\" content=\"Grundschule Hude S\u00fcd\" \/>\n<meta property=\"article:modified_time\" content=\"2025-12-05T07:47:55+00:00\" \/>\n<meta property=\"og:image\" content=\"https:\/\/gs-hude-sued.de\/wp-content\/uploads\/2025\/10\/Gemini_Generated_Image_el1qv7el1qv7el1q-e1762538937106.png\" \/>\n\t<meta property=\"og:image:width\" content=\"800\" \/>\n\t<meta property=\"og:image:height\" content=\"832\" \/>\n\t<meta property=\"og:image:type\" content=\"image\/png\" \/>\n<meta name=\"twitter:card\" content=\"summary_large_image\" \/>\n<script type=\"application\/ld+json\" class=\"yoast-schema-graph\">{\"@context\":\"https:\/\/schema.org\",\"@graph\":[{\"@type\":\"WebPage\",\"@id\":\"https:\/\/gs-hude-sued.de\/das-sind-wir\/feste-feiern\/\",\"url\":\"https:\/\/gs-hude-sued.de\/das-sind-wir\/feste-feiern\/\",\"name\":\"Grundschule Hude-S\u00fcd: Feste und Feiern gemeinsam erleben\",\"isPartOf\":{\"@id\":\"https:\/\/gs-hude-sued.de\/#website\"},\"primaryImageOfPage\":{\"@id\":\"https:\/\/gs-hude-sued.de\/das-sind-wir\/feste-feiern\/#primaryimage\"},\"image\":{\"@id\":\"https:\/\/gs-hude-sued.de\/das-sind-wir\/feste-feiern\/#primaryimage\"},\"thumbnailUrl\":\"https:\/\/gs-hude-sued.de\/wp-content\/uploads\/2025\/10\/Gemini_Generated_Image_el1qv7el1qv7el1q-e1762538937106.png\",\"datePublished\":\"2025-10-06T10:26:53+00:00\",\"dateModified\":\"2025-12-05T07:47:55+00:00\",\"description\":\"Gemeinsam feiern macht Schule sch\u00f6ner: Entdecke, wie an der Grundschule Hude-S\u00fcd Festlichkeiten den Schulalltag bereichern und Gemeinschaft st\u00e4rken.\",\"breadcrumb\":{\"@id\":\"https:\/\/gs-hude-sued.de\/das-sind-wir\/feste-feiern\/#breadcrumb\"},\"inLanguage\":\"tr\",\"potentialAction\":[{\"@type\":\"ReadAction\",\"target\":[\"https:\/\/gs-hude-sued.de\/das-sind-wir\/feste-feiern\/\"]}]},{\"@type\":\"ImageObject\",\"inLanguage\":\"tr\",\"@id\":\"https:\/\/gs-hude-sued.de\/das-sind-wir\/feste-feiern\/#primaryimage\",\"url\":\"https:\/\/gs-hude-sued.de\/wp-content\/uploads\/2025\/10\/Gemini_Generated_Image_el1qv7el1qv7el1q-e1762538937106.png\",\"contentUrl\":\"https:\/\/gs-hude-sued.de\/wp-content\/uploads\/2025\/10\/Gemini_Generated_Image_el1qv7el1qv7el1q-e1762538937106.png\",\"width\":800,\"height\":832,\"caption\":\"Die Sch\u00fcler pr\u00e4sentieren gemeinsam ihre Stimmen bei einem fr\u00f6hlichen Gesangsevent. Musik und Gemeinschaft stehen im Vordergrund.\"},{\"@type\":\"BreadcrumbList\",\"@id\":\"https:\/\/gs-hude-sued.de\/das-sind-wir\/feste-feiern\/#breadcrumb\",\"itemListElement\":[{\"@type\":\"ListItem\",\"position\":1,\"name\":\"Startseite\",\"item\":\"https:\/\/gs-hude-sued.de\/\"},{\"@type\":\"ListItem\",\"position\":2,\"name\":\"Unser Schulleben\",\"item\":\"https:\/\/gs-hude-sued.de\/das-sind-wir\/\"},{\"@type\":\"ListItem\",\"position\":3,\"name\":\"Feste &amp; Feiern\"}]},{\"@type\":\"WebSite\",\"@id\":\"https:\/\/gs-hude-sued.de\/#website\",\"url\":\"https:\/\/gs-hude-sued.de\/\",\"name\":\"Grundschule Hude S\u00fcd\",\"description\":\"Grundschule Hude-S\u00fcd \u2013 Miteinander stark f\u00fcr die Zukunft.\",\"potentialAction\":[{\"@type\":\"SearchAction\",\"target\":{\"@type\":\"EntryPoint\",\"urlTemplate\":\"https:\/\/gs-hude-sued.de\/?s={search_term_string}\"},\"query-input\":{\"@type\":\"PropertyValueSpecification\",\"valueRequired\":true,\"valueName\":\"search_term_string\"}}],\"inLanguage\":\"tr\"}]}<\/script>\n<!-- \/ Yoast SEO Premium plugin. -->","yoast_head_json":{"title":"Hude-S\u00fcd \u0130lkokulu: Festivalleri ve kutlamalar\u0131 birlikte deneyimliyoruz","description":"Birlikte kutlamak okulu daha keyifli hale getiriyor: Hude-S\u00fcd \u0130lkokulu&#039;nda kutlamalar\u0131n g\u00fcnl\u00fck okul hayat\u0131n\u0131 nas\u0131l zenginle\u015ftirdi\u011fini ve toplulu\u011fu nas\u0131l g\u00fc\u00e7lendirdi\u011fini ke\u015ffedin.","robots":{"index":"index","follow":"follow","max-snippet":"max-snippet:-1","max-image-preview":"max-image-preview:large","max-video-preview":"max-video-preview:-1"},"canonical":"https:\/\/gs-hude-sued.de\/tr\/bu-biziz\/kutlamak\/","og_locale":"tr_TR","og_type":"article","og_title":"Feste &amp; Feiern","og_description":"Gemeinsam feiern macht Schule sch\u00f6ner: Entdecke, wie an der Grundschule Hude-S\u00fcd Festlichkeiten den Schulalltag bereichern und Gemeinschaft st\u00e4rken.","og_url":"https:\/\/gs-hude-sued.de\/tr\/bu-biziz\/kutlamak\/","og_site_name":"Grundschule Hude S\u00fcd","article_modified_time":"2025-12-05T07:47:55+00:00","og_image":[{"width":800,"height":832,"url":"https:\/\/gs-hude-sued.de\/wp-content\/uploads\/2025\/10\/Gemini_Generated_Image_el1qv7el1qv7el1q-e1762538937106.png","type":"image\/png"}],"twitter_card":"summary_large_image","schema":{"@context":"https:\/\/schema.org","@graph":[{"@type":"WebPage","@id":"https:\/\/gs-hude-sued.de\/das-sind-wir\/feste-feiern\/","url":"https:\/\/gs-hude-sued.de\/das-sind-wir\/feste-feiern\/","name":"Hude-S\u00fcd \u0130lkokulu: Festivalleri ve kutlamalar\u0131 birlikte deneyimliyoruz","isPartOf":{"@id":"https:\/\/gs-hude-sued.de\/#website"},"primaryImageOfPage":{"@id":"https:\/\/gs-hude-sued.de\/das-sind-wir\/feste-feiern\/#primaryimage"},"image":{"@id":"https:\/\/gs-hude-sued.de\/das-sind-wir\/feste-feiern\/#primaryimage"},"thumbnailUrl":"https:\/\/gs-hude-sued.de\/wp-content\/uploads\/2025\/10\/Gemini_Generated_Image_el1qv7el1qv7el1q-e1762538937106.png","datePublished":"2025-10-06T10:26:53+00:00","dateModified":"2025-12-05T07:47:55+00:00","description":"Birlikte kutlamak okulu daha keyifli hale getiriyor: Hude-S\u00fcd \u0130lkokulu&#039;nda kutlamalar\u0131n g\u00fcnl\u00fck okul hayat\u0131n\u0131 nas\u0131l zenginle\u015ftirdi\u011fini ve toplulu\u011fu nas\u0131l g\u00fc\u00e7lendirdi\u011fini ke\u015ffedin.","breadcrumb":{"@id":"https:\/\/gs-hude-sued.de\/das-sind-wir\/feste-feiern\/#breadcrumb"},"inLanguage":"tr","potentialAction":[{"@type":"ReadAction","target":["https:\/\/gs-hude-sued.de\/das-sind-wir\/feste-feiern\/"]}]},{"@type":"ImageObject","inLanguage":"tr","@id":"https:\/\/gs-hude-sued.de\/das-sind-wir\/feste-feiern\/#primaryimage","url":"https:\/\/gs-hude-sued.de\/wp-content\/uploads\/2025\/10\/Gemini_Generated_Image_el1qv7el1qv7el1q-e1762538937106.png","contentUrl":"https:\/\/gs-hude-sued.de\/wp-content\/uploads\/2025\/10\/Gemini_Generated_Image_el1qv7el1qv7el1q-e1762538937106.png","width":800,"height":832,"caption":"Die Sch\u00fcler pr\u00e4sentieren gemeinsam ihre Stimmen bei einem fr\u00f6hlichen Gesangsevent. Musik und Gemeinschaft stehen im Vordergrund."},{"@type":"BreadcrumbList","@id":"https:\/\/gs-hude-sued.de\/das-sind-wir\/feste-feiern\/#breadcrumb","itemListElement":[{"@type":"ListItem","position":1,"name":"Startseite","item":"https:\/\/gs-hude-sued.de\/"},{"@type":"ListItem","position":2,"name":"Unser Schulleben","item":"https:\/\/gs-hude-sued.de\/das-sind-wir\/"},{"@type":"ListItem","position":3,"name":"Feste &amp; Feiern"}]},{"@type":"WebSite","@id":"https:\/\/gs-hude-sued.de\/#website","url":"https:\/\/gs-hude-sued.de\/","name":"Hude G\u00fcney \u0130lkokulu","description":"Hude-S\u00fcd \u0130lkokulu \u2013 Gelecek i\u00e7in birlikte g\u00fc\u00e7l\u00fcy\u00fcz.","potentialAction":[{"@type":"SearchAction","target":{"@type":"EntryPoint","urlTemplate":"https:\/\/gs-hude-sued.de\/?s={search_term_string}"},"query-input":{"@type":"PropertyValueSpecification","valueRequired":true,"valueName":"search_term_string"}}],"inLanguage":"tr"}]}},"_links":{"self":[{"href":"https:\/\/gs-hude-sued.de\/tr\/wp-json\/wp\/v2\/pages\/240267","targetHints":{"allow":["GET"]}}],"collection":[{"href":"https:\/\/gs-hude-sued.de\/tr\/wp-json\/wp\/v2\/pages"}],"about":[{"href":"https:\/\/gs-hude-sued.de\/tr\/wp-json\/wp\/v2\/types\/page"}],"author":[{"embeddable":true,"href":"https:\/\/gs-hude-sued.de\/tr\/wp-json\/wp\/v2\/users\/1"}],"replies":[{"embeddable":true,"href":"https:\/\/gs-hude-sued.de\/tr\/wp-json\/wp\/v2\/comments?post=240267"}],"version-history":[{"count":6,"href":"https:\/\/gs-hude-sued.de\/tr\/wp-json\/wp\/v2\/pages\/240267\/revisions"}],"predecessor-version":[{"id":241143,"href":"https:\/\/gs-hude-sued.de\/tr\/wp-json\/wp\/v2\/pages\/240267\/revisions\/241143"}],"up":[{"embeddable":true,"href":"https:\/\/gs-hude-sued.de\/tr\/wp-json\/wp\/v2\/pages\/240090"}],"wp:featuredmedia":[{"embeddable":true,"href":"https:\/\/gs-hude-sued.de\/tr\/wp-json\/wp\/v2\/media\/240501"}],"wp:attachment":[{"href":"https:\/\/gs-hude-sued.de\/tr\/wp-json\/wp\/v2\/media?parent=240267"}],"curies":[{"name":"wp","href":"https:\/\/api.w.org\/{rel}","templated":true}]}}