{"id":240094,"date":"2025-10-05T12:12:42","date_gmt":"2025-10-05T10:12:42","guid":{"rendered":"https:\/\/gs-hude-sued.de\/?page_id=240094"},"modified":"2025-12-05T08:40:00","modified_gmt":"2025-12-05T07:40:00","slug":"okul-sosyal-calismasi","status":"publish","type":"page","link":"https:\/\/gs-hude-sued.de\/tr\/okulumuz-2\/okul-sosyal-calismasi\/","title":{"rendered":"okul sosyal \u00e7al\u0131\u015fmas\u0131"},"content":{"rendered":"<p>[et_pb_section fb_built=&#8220;1&#8243; _builder_version=&#8220;4.27.4&#8243; _module_preset=&#8220;default&#8220; custom_padding=&#8220;10px||10px||true|false&#8220; global_colors_info=&#8220;{}&#8220;][et_pb_row custom_padding_last_edited=&#8220;off|desktop&#8220; _builder_version=&#8220;4.27.4&#8243; _module_preset=&#8220;default&#8220; custom_padding=&#8220;0px||0px||true|false&#8220; custom_css_main_element=&#8220;display: flex;||justify-content: center; ||align-items: center;||&#8220; global_colors_info=&#8220;{}&#8220; custom_css_main_element_last_edited=&#8220;on|tablet&#8220; custom_css_main_element_tablet=&#8220;display: block;||&#8220; custom_css_main_element_phone=&#8220;display: block;||&#8220;][et_pb_column type=&#8220;4_4&#8243; _builder_version=&#8220;4.27.4&#8243; _module_preset=&#8220;default&#8220; global_colors_info=&#8220;{}&#8220;][et_pb_text _builder_version=&#8220;4.27.4&#8243; _module_preset=&#8220;default&#8220; header_2_font_size=&#8220;28px&#8220; header_2_font_size_phone=&#8220;27px&#8220; global_colors_info=&#8220;{}&#8220;]<\/p>\n<h1>Schulsozialarbeit an der Grundschule Hude-S\u00fcd<\/h1>\n<h2 class=\"p1\">Was ist Schulsozialarbeit?<\/h2>\n<p class=\"p1\">Die Schulsozialarbeit orientiert sich an den individuellen Lebenslagen und bietet im Umfeld der Schule ein zus\u00e4tzliches Beratungs- und Unterst\u00fctzungsangebot f\u00fcr Kinder, Eltern und Erziehungsberechtigte sowie f\u00fcr Lehrkr\u00e4fte und Bezugspersonen.<\/p>\n<p>[\/et_pb_text][\/et_pb_column][\/et_pb_row][et_pb_row _builder_version=&#8220;4.27.4&#8243; _module_preset=&#8220;default&#8220; global_colors_info=&#8220;{}&#8220;][et_pb_column type=&#8220;4_4&#8243; _builder_version=&#8220;4.27.4&#8243; _module_preset=&#8220;default&#8220; global_colors_info=&#8220;{}&#8220;][et_pb_text _builder_version=&#8220;4.27.4&#8243; _module_preset=&#8220;default&#8220; header_2_font_size=&#8220;28px&#8220; header_2_font_size_phone=&#8220;27px&#8220; global_colors_info=&#8220;{}&#8220;]<\/p>\n<h2>Was machen wir konkret?<\/h2>\n<ul>\n<li>Einzel- und Gruppengespr\u00e4che bei schulischen und pers\u00f6nlichen Sorgen<\/li>\n<li>Streitschlichtung<\/li>\n<li>Elterngespr\u00e4che\/ Elternarbeit<\/li>\n<li>Sozial-\/Teamtrainings zur St\u00e4rkung des kooperativen Miteinanders<\/li>\n<li>Begleitung im Unterricht<\/li>\n<li>Mittagsbetreuung in der freien Spielzeit<\/li>\n<li>Unterst\u00fctzung bei der Hausaufgabenbetreuung und im AG Bereich<\/li>\n<li>Ansprechpartner f\u00fcr die Fl\u00fcchtlingskinder, deren Eltern sowie ehrenamtlichen Betreuern der Familien<br \/>Zusammenarbeit und Vernetzung mit Tr\u00e4gern der Kinder- und Jugendhilfe<\/li>\n<li>\u00d6ffnung in den Sozialraum<\/li>\n<\/ul>\n<p class=\"p1\"><strong>Vertraulichkeit und Freiwilligkeit sind Grundprinzipien der Beratung!<\/strong><\/p>\n<p>[\/et_pb_text][\/et_pb_column][\/et_pb_row][\/et_pb_section][et_pb_section fb_built=&#8220;1&#8243; _builder_version=&#8220;4.27.4&#8243; _module_preset=&#8220;default&#8220; custom_padding=&#8220;10px||10px||true|false&#8220; global_colors_info=&#8220;{}&#8220;][et_pb_row column_structure=&#8220;1_2,1_2&#8243; _builder_version=&#8220;4.27.4&#8243; _module_preset=&#8220;default&#8220; global_colors_info=&#8220;{}&#8220;][et_pb_column type=&#8220;1_2&#8243; _builder_version=&#8220;4.27.4&#8243; _module_preset=&#8220;default&#8220; global_colors_info=&#8220;{}&#8220;][et_pb_blurb title=&#8220;Insa Coordes&#8220; image=&#8220;https:\/\/gs-hude-sued.de\/wp-content\/uploads\/2025\/10\/Design-ohne-Titel7.png&#8220; alt=&#8220;Bild von Insa Coordes&#8220; image_icon_width=&#8220;54%&#8220; _builder_version=&#8220;4.27.4&#8243; _module_preset=&#8220;default&#8220; header_level=&#8220;h3&#8243; header_text_align=&#8220;center&#8220; body_text_align=&#8220;center&#8220; global_colors_info=&#8220;{}&#8220;]<\/p>\n<p>Dipl. P\u00e4dagogin<\/p>\n<p>montags und donnerstags<br \/>\nB\u00fcro 1. OG im ersten Container<br \/>\nauf dem Schulhof<br \/>\nTel.: 04408\/ 8090992<br \/>\nEmail: insa.coordes@gs-hude-sued.de[\/et_pb_blurb][\/et_pb_column][et_pb_column type=&#8220;1_2&#8243; _builder_version=&#8220;4.27.4&#8243; _module_preset=&#8220;default&#8220; global_colors_info=&#8220;{}&#8220;][et_pb_blurb title=&#8220;Carina Lintelmann&#8220; image=&#8220;https:\/\/gs-hude-sued.de\/wp-content\/uploads\/2025\/11\/Design-ohne-Titel.png&#8220; alt=&#8220;Bild von Carina Lintelmann&#8220; image_icon_width=&#8220;54%&#8220; _builder_version=&#8220;4.27.4&#8243; _module_preset=&#8220;default&#8220; header_level=&#8220;h3&#8243; header_text_align=&#8220;center&#8220; body_text_align=&#8220;center&#8220; global_colors_info=&#8220;{}&#8220;]<\/p>\n<p class=\"p1\">M.A. Erziehungs- und Bildungswissenschaften<\/p>\n<p>montags bis donnerstags<br \/>\nB\u00fcro 1. OG im ersten Container<br \/>\nauf dem Schulhof<br \/>\nTel.: 04408\/ 8090992<br \/>\nEmail: carina.lintelmann@gs-hude-sued-de[\/et_pb_blurb][\/et_pb_column][\/et_pb_row][\/et_pb_section]<\/p>\n","protected":false},"excerpt":{"rendered":"<p>Schulsozialarbeit an der Grundschule Hude-S\u00fcd Was ist Schulsozialarbeit? Die Schulsozialarbeit orientiert sich an den individuellen Lebenslagen und bietet im Umfeld der Schule ein zus\u00e4tzliches Beratungs- und Unterst\u00fctzungsangebot f\u00fcr Kinder, Eltern und Erziehungsberechtigte sowie f\u00fcr Lehrkr\u00e4fte und Bezugspersonen.Was machen wir konkret? Einzel- und Gruppengespr\u00e4che bei schulischen und pers\u00f6nlichen Sorgen Streitschlichtung Elterngespr\u00e4che\/ Elternarbeit Sozial-\/Teamtrainings zur St\u00e4rkung des [&hellip;]<\/p>\n","protected":false},"author":1,"featured_media":0,"parent":240293,"menu_order":0,"comment_status":"closed","ping_status":"closed","template":"","meta":{"_acf_changed":false,"_et_pb_use_builder":"on","_et_pb_old_content":"","_et_gb_content_width":"","footnotes":""},"class_list":["post-240094","page","type-page","status-publish","hentry"],"acf":[],"yoast_head":"<!-- This site is optimized with the Yoast SEO Premium plugin v26.0 (Yoast SEO v27.0) - https:\/\/yoast.com\/product\/yoast-seo-premium-wordpress\/ -->\n<title>Schulsozialarbeit an der Grundschule Hude-S\u00fcd \u2013 Insa Coordes<\/title>\n<meta name=\"description\" content=\"Schulsozialarbeit an der Grundschule Hude-S\u00fcd: individuelle Beratung und Streitschlichtung f\u00fcr Sch\u00fcler, Eltern und Lehrkr\u00e4fte. Kontakt \u00fcber Insa Coordes.\" \/>\n<meta name=\"robots\" content=\"index, follow, max-snippet:-1, max-image-preview:large, max-video-preview:-1\" \/>\n<link rel=\"canonical\" href=\"https:\/\/gs-hude-sued.de\/tr\/okulumuz-2\/okul-sosyal-calismasi\/\" \/>\n<meta property=\"og:locale\" content=\"tr_TR\" \/>\n<meta property=\"og:type\" content=\"article\" \/>\n<meta property=\"og:title\" content=\"schulsozialarbeit\" \/>\n<meta property=\"og:description\" content=\"Schulsozialarbeit an der Grundschule Hude-S\u00fcd: individuelle Beratung und Streitschlichtung f\u00fcr Sch\u00fcler, Eltern und Lehrkr\u00e4fte. Kontakt \u00fcber Insa Coordes.\" \/>\n<meta property=\"og:url\" content=\"https:\/\/gs-hude-sued.de\/tr\/okulumuz-2\/okul-sosyal-calismasi\/\" \/>\n<meta property=\"og:site_name\" content=\"Grundschule Hude S\u00fcd\" \/>\n<meta property=\"article:modified_time\" content=\"2025-12-05T07:40:00+00:00\" \/>\n<meta name=\"twitter:card\" content=\"summary_large_image\" \/>\n<script type=\"application\/ld+json\" class=\"yoast-schema-graph\">{\"@context\":\"https:\/\/schema.org\",\"@graph\":[{\"@type\":\"WebPage\",\"@id\":\"https:\/\/gs-hude-sued.de\/unsere-schule-2\/schulsozialarbeit\/\",\"url\":\"https:\/\/gs-hude-sued.de\/unsere-schule-2\/schulsozialarbeit\/\",\"name\":\"Schulsozialarbeit an der Grundschule Hude-S\u00fcd \u2013 Insa Coordes\",\"isPartOf\":{\"@id\":\"https:\/\/gs-hude-sued.de\/#website\"},\"datePublished\":\"2025-10-05T10:12:42+00:00\",\"dateModified\":\"2025-12-05T07:40:00+00:00\",\"description\":\"Schulsozialarbeit an der Grundschule Hude-S\u00fcd: individuelle Beratung und Streitschlichtung f\u00fcr Sch\u00fcler, Eltern und Lehrkr\u00e4fte. Kontakt \u00fcber Insa Coordes.\",\"breadcrumb\":{\"@id\":\"https:\/\/gs-hude-sued.de\/unsere-schule-2\/schulsozialarbeit\/#breadcrumb\"},\"inLanguage\":\"tr\",\"potentialAction\":[{\"@type\":\"ReadAction\",\"target\":[\"https:\/\/gs-hude-sued.de\/unsere-schule-2\/schulsozialarbeit\/\"]}]},{\"@type\":\"BreadcrumbList\",\"@id\":\"https:\/\/gs-hude-sued.de\/unsere-schule-2\/schulsozialarbeit\/#breadcrumb\",\"itemListElement\":[{\"@type\":\"ListItem\",\"position\":1,\"name\":\"Startseite\",\"item\":\"https:\/\/gs-hude-sued.de\/\"},{\"@type\":\"ListItem\",\"position\":2,\"name\":\"Unsere Schule\",\"item\":\"https:\/\/gs-hude-sued.de\/unsere-schule-2\/\"},{\"@type\":\"ListItem\",\"position\":3,\"name\":\"schulsozialarbeit\"}]},{\"@type\":\"WebSite\",\"@id\":\"https:\/\/gs-hude-sued.de\/#website\",\"url\":\"https:\/\/gs-hude-sued.de\/\",\"name\":\"Grundschule Hude S\u00fcd\",\"description\":\"Grundschule Hude-S\u00fcd \u2013 Miteinander stark f\u00fcr die Zukunft.\",\"potentialAction\":[{\"@type\":\"SearchAction\",\"target\":{\"@type\":\"EntryPoint\",\"urlTemplate\":\"https:\/\/gs-hude-sued.de\/?s={search_term_string}\"},\"query-input\":{\"@type\":\"PropertyValueSpecification\",\"valueRequired\":true,\"valueName\":\"search_term_string\"}}],\"inLanguage\":\"tr\"}]}<\/script>\n<!-- \/ Yoast SEO Premium plugin. -->","yoast_head_json":{"title":"Hude-S\u00fcd \u0130lkokulu&#039;nda okul sosyal \u00e7al\u0131\u015fmas\u0131 \u2013 Insa Coordes","description":"Hude-S\u00fcd \u0130lkokulu&#039;nda okul sosyal \u00e7al\u0131\u015fmas\u0131: \u00d6\u011frenciler, veliler ve \u00f6\u011fretmenler i\u00e7in bireysel dan\u0131\u015fmanl\u0131k ve \u00e7at\u0131\u015fma \u00e7\u00f6z\u00fcm\u00fc. Insa Coordes ile ileti\u015fime ge\u00e7in.","robots":{"index":"index","follow":"follow","max-snippet":"max-snippet:-1","max-image-preview":"max-image-preview:large","max-video-preview":"max-video-preview:-1"},"canonical":"https:\/\/gs-hude-sued.de\/tr\/okulumuz-2\/okul-sosyal-calismasi\/","og_locale":"tr_TR","og_type":"article","og_title":"schulsozialarbeit","og_description":"Schulsozialarbeit an der Grundschule Hude-S\u00fcd: individuelle Beratung und Streitschlichtung f\u00fcr Sch\u00fcler, Eltern und Lehrkr\u00e4fte. Kontakt \u00fcber Insa Coordes.","og_url":"https:\/\/gs-hude-sued.de\/tr\/okulumuz-2\/okul-sosyal-calismasi\/","og_site_name":"Grundschule Hude S\u00fcd","article_modified_time":"2025-12-05T07:40:00+00:00","twitter_card":"summary_large_image","schema":{"@context":"https:\/\/schema.org","@graph":[{"@type":"WebPage","@id":"https:\/\/gs-hude-sued.de\/unsere-schule-2\/schulsozialarbeit\/","url":"https:\/\/gs-hude-sued.de\/unsere-schule-2\/schulsozialarbeit\/","name":"Hude-S\u00fcd \u0130lkokulu&#039;nda okul sosyal \u00e7al\u0131\u015fmas\u0131 \u2013 Insa Coordes","isPartOf":{"@id":"https:\/\/gs-hude-sued.de\/#website"},"datePublished":"2025-10-05T10:12:42+00:00","dateModified":"2025-12-05T07:40:00+00:00","description":"Hude-S\u00fcd \u0130lkokulu&#039;nda okul sosyal \u00e7al\u0131\u015fmas\u0131: \u00d6\u011frenciler, veliler ve \u00f6\u011fretmenler i\u00e7in bireysel dan\u0131\u015fmanl\u0131k ve \u00e7at\u0131\u015fma \u00e7\u00f6z\u00fcm\u00fc. Insa Coordes ile ileti\u015fime ge\u00e7in.","breadcrumb":{"@id":"https:\/\/gs-hude-sued.de\/unsere-schule-2\/schulsozialarbeit\/#breadcrumb"},"inLanguage":"tr","potentialAction":[{"@type":"ReadAction","target":["https:\/\/gs-hude-sued.de\/unsere-schule-2\/schulsozialarbeit\/"]}]},{"@type":"BreadcrumbList","@id":"https:\/\/gs-hude-sued.de\/unsere-schule-2\/schulsozialarbeit\/#breadcrumb","itemListElement":[{"@type":"ListItem","position":1,"name":"Startseite","item":"https:\/\/gs-hude-sued.de\/"},{"@type":"ListItem","position":2,"name":"Unsere Schule","item":"https:\/\/gs-hude-sued.de\/unsere-schule-2\/"},{"@type":"ListItem","position":3,"name":"schulsozialarbeit"}]},{"@type":"WebSite","@id":"https:\/\/gs-hude-sued.de\/#website","url":"https:\/\/gs-hude-sued.de\/","name":"Hude G\u00fcney \u0130lkokulu","description":"Hude-S\u00fcd \u0130lkokulu \u2013 Gelecek i\u00e7in birlikte g\u00fc\u00e7l\u00fcy\u00fcz.","potentialAction":[{"@type":"SearchAction","target":{"@type":"EntryPoint","urlTemplate":"https:\/\/gs-hude-sued.de\/?s={search_term_string}"},"query-input":{"@type":"PropertyValueSpecification","valueRequired":true,"valueName":"search_term_string"}}],"inLanguage":"tr"}]}},"_links":{"self":[{"href":"https:\/\/gs-hude-sued.de\/tr\/wp-json\/wp\/v2\/pages\/240094","targetHints":{"allow":["GET"]}}],"collection":[{"href":"https:\/\/gs-hude-sued.de\/tr\/wp-json\/wp\/v2\/pages"}],"about":[{"href":"https:\/\/gs-hude-sued.de\/tr\/wp-json\/wp\/v2\/types\/page"}],"author":[{"embeddable":true,"href":"https:\/\/gs-hude-sued.de\/tr\/wp-json\/wp\/v2\/users\/1"}],"replies":[{"embeddable":true,"href":"https:\/\/gs-hude-sued.de\/tr\/wp-json\/wp\/v2\/comments?post=240094"}],"version-history":[{"count":10,"href":"https:\/\/gs-hude-sued.de\/tr\/wp-json\/wp\/v2\/pages\/240094\/revisions"}],"predecessor-version":[{"id":241134,"href":"https:\/\/gs-hude-sued.de\/tr\/wp-json\/wp\/v2\/pages\/240094\/revisions\/241134"}],"up":[{"embeddable":true,"href":"https:\/\/gs-hude-sued.de\/tr\/wp-json\/wp\/v2\/pages\/240293"}],"wp:attachment":[{"href":"https:\/\/gs-hude-sued.de\/tr\/wp-json\/wp\/v2\/media?parent=240094"}],"curies":[{"name":"wp","href":"https:\/\/api.w.org\/{rel}","templated":true}]}}