{"id":241339,"date":"2026-02-24T05:07:44","date_gmt":"2026-02-24T04:07:44","guid":{"rendered":"https:\/\/gs-hude-sued.de\/?page_id=241339"},"modified":"2026-02-24T06:22:41","modified_gmt":"2026-02-24T05:22:41","slug":"environmental-school","status":"publish","type":"page","link":"https:\/\/gs-hude-sued.de\/en\/environmental-school\/","title":{"rendered":"Environmental school"},"content":{"rendered":"<p>[et_pb_section fb_built=&#8220;1&#8243; _builder_version=&#8220;4.27.5&#8243; _module_preset=&#8220;default&#8220; hover_enabled=&#8220;0&#8243; global_colors_info=&#8220;{}&#8220; custom_padding_last_edited=&#8220;off|desktop&#8220; custom_padding=&#8220;0px||0px||true|false&#8220; sticky_enabled=&#8220;0&#8243;][et_pb_row column_structure=&#8220;3_5,2_5&#8243; custom_padding_last_edited=&#8220;on|phone&#8220; _builder_version=&#8220;4.27.4&#8243; _module_preset=&#8220;default&#8220; custom_padding=&#8220;||||true|false&#8220; custom_padding_tablet=&#8220;||||true|false&#8220; custom_padding_phone=&#8220;0px||0px||true|false&#8220; custom_css_main_element=&#8220;||  display: flex;||  justify-content: center; \/* horizontale Zentrierung *\/||  align-items: center;     \/* vertikale Zentrierung *\/||&#8220; global_colors_info=&#8220;{}&#8220; custom_css_main_element_last_edited=&#8220;on|tablet&#8220; custom_css_main_element_tablet=&#8220;||  display: block;&#8220; custom_css_main_element_phone=&#8220;||  display: block;&#8220;][et_pb_column type=&#8220;3_5&#8243; _builder_version=&#8220;4.27.4&#8243; _module_preset=&#8220;default&#8220; animation_style=&#8220;slide&#8220; animation_direction=&#8220;bottom&#8220; global_colors_info=&#8220;{}&#8220;][et_pb_text module_class=&#8220;et_pb_default_text&#8220; _builder_version=&#8220;4.27.5&#8243; _module_preset=&#8220;default&#8220; header_font=&#8220;|600|||||||&#8220; header_text_color=&#8220;#333333&#8243; header_font_size=&#8220;34px&#8220; header_line_height=&#8220;1.7em&#8220; header_2_font=&#8220;||||||||&#8220; header_3_font=&#8220;Varelaround||||||||&#8220; header_2_font_size_tablet=&#8220;41px&#8220; header_2_font_size_phone=&#8220;35px&#8220; global_colors_info=&#8220;{}&#8220;]<\/p>\n<h1>\ud83c\udf3f Umweltschule in Europa<\/h1>\n<p>Als ausgezeichnete Umweltschule in Europa legen wir besonderen Wert auf nachhaltiges Lernen und umweltbewusstes Handeln im Schulalltag. Durch vielf\u00e4ltige Projekte f\u00f6rdern wir das Verantwortungsbewusstsein der Sch\u00fclerinnen und Sch\u00fcler f\u00fcr Natur, Umwelt und Klima. Ziel ist die F\u00f6rderung einer Bildung f\u00fcr nachhaltige Entwicklung (BNE). Dabei konzentrieren wir uns auf die Handlungsfelder \u201eBiodiversit\u00e4t\/Biologische Vielfalt erhalten\u201c und \u201eUmgang mit Rohstoffen\/Abfall und Recycling\u201c. Nachfolgend stellen wir aktuelle und vergangene Umweltprojekte unserer Schule vor.<span class=\"Apple-converted-space\">\u00a0<\/span><\/p>\n<p>[\/et_pb_text][et_pb_text module_class=&#8220;et_pb_alternative_text&#8220; _builder_version=&#8220;4.27.5&#8243; _module_preset=&#8220;default&#8220; header_font=&#8220;|600|||||||&#8220; header_text_color=&#8220;#333333&#8243; header_font_size=&#8220;34px&#8220; header_line_height=&#8220;1.7em&#8220; header_2_font=&#8220;||||||||&#8220; header_3_font=&#8220;Varelaround||||||||&#8220; header_2_font_size_tablet=&#8220;41px&#8220; header_2_font_size_phone=&#8220;35px&#8220; global_colors_info=&#8220;{}&#8220;]<\/p>\n<h1>\ud83c\udf3f Umweltschule in Europa<\/h1>\n<p data-start=\"303\" data-end=\"353\">Unsere Schule ist eine <strong data-start=\"326\" data-end=\"352\">Umweltschule in Europa<\/strong>.<\/p>\n<p data-start=\"355\" data-end=\"443\">Wir lernen, wie wir die Umwelt sch\u00fctzen k\u00f6nnen.<br data-start=\"402\" data-end=\"405\" \/>Und wie wir gut mit der Natur umgehen.<\/p>\n<p data-start=\"445\" data-end=\"499\">Die Kinder arbeiten an Umwelt-Projekten.<br data-start=\"485\" data-end=\"488\" \/>Sie lernen:<\/p>\n<ul data-start=\"501\" data-end=\"600\">\n<li data-start=\"501\" data-end=\"532\">\n<p data-start=\"503\" data-end=\"532\">Pflanzen und Tiere sch\u00fctzen<\/p>\n<\/li>\n<li data-start=\"533\" data-end=\"571\">\n<p data-start=\"535\" data-end=\"571\">M\u00fcll vermeiden und richtig trennen<\/p>\n<\/li>\n<li data-start=\"572\" data-end=\"600\">\n<p data-start=\"574\" data-end=\"600\">Rohstoffe sparsam nutzen<\/p>\n<\/li>\n<\/ul>\n<p data-start=\"602\" data-end=\"724\">Unser Ziel ist:<br data-start=\"617\" data-end=\"620\" \/>Die Kinder sollen nachhaltig leben lernen.<br data-start=\"662\" data-end=\"665\" \/>Das bedeutet:<br data-start=\"678\" data-end=\"681\" \/>Auch in Zukunft soll es Menschen gut gehen.<\/p>\n<p data-start=\"726\" data-end=\"765\">Hier zeigen wir unsere Umwelt-Projekte.<\/p>\n<p>[\/et_pb_text][\/et_pb_column][et_pb_column type=&#8220;2_5&#8243; _builder_version=&#8220;4.27.4&#8243; _module_preset=&#8220;default&#8220; animation_style=&#8220;slide&#8220; animation_direction=&#8220;right&#8220; global_colors_info=&#8220;{}&#8220;][et_pb_image src=&#8220;https:\/\/gs-hude-sued.de\/wp-content\/uploads\/2025\/10\/USE_INS_LOGO_2018_medium.jpg&#8220; alt=&#8220;Das Logo der Grundschule Hude-S\u00fcd zeigt Symbole f\u00fcr Umwelt- und Bildungsthemen. Es verdeutlicht das Engagement f\u00fcr nachhaltiges Lernen und Gemeinschaft.&#8220; title_text=&#8220;Umweltschule in Europa&#8220; align=&#8220;center&#8220; _builder_version=&#8220;4.27.4&#8243; _module_preset=&#8220;default&#8220; max_width=&#8220;350px&#8220; global_colors_info=&#8220;{}&#8220;][\/et_pb_image][\/et_pb_column][\/et_pb_row][\/et_pb_section][et_pb_section fb_built=&#8220;1&#8243; _builder_version=&#8220;4.27.5&#8243; _module_preset=&#8220;default&#8220; hover_enabled=&#8220;0&#8243; global_colors_info=&#8220;{}&#8220; custom_padding_last_edited=&#8220;off|desktop&#8220; custom_padding=&#8220;0px||80px||false|false&#8220; sticky_enabled=&#8220;0&#8243;][et_pb_row _builder_version=&#8220;4.27.5&#8243; _module_preset=&#8220;default&#8220; hover_enabled=&#8220;0&#8243; global_colors_info=&#8220;{}&#8220; sticky_enabled=&#8220;0&#8243; animation_style=&#8220;fade&#8220;][et_pb_column type=&#8220;4_4&#8243; _builder_version=&#8220;4.27.5&#8243; _module_preset=&#8220;default&#8220; global_colors_info=&#8220;{}&#8220;][et_pb_text _builder_version=&#8220;4.27.5&#8243; _module_preset=&#8220;default&#8220; header_2_text_align=&#8220;center&#8220; header_2_font_size=&#8220;31px&#8220; header_2_font_size_phone=&#8220;26px&#8220; global_colors_info=&#8220;{}&#8220;]<\/p>\n<h2><span>Aktuelle Projekte, Ak<strong>tionen und Einblicke<\/strong><\/span><\/h2>\n<p style=\"text-align: center;\">In diesem Bereich finden Sie unsere neuesten Blogbeitr\u00e4ge rund um die Umweltschule. Wir berichten \u00fcber Projekte, Aktionen und Unterrichtsideen, mit denen unsere Sch\u00fclerinnen und Sch\u00fcler Natur, Nachhaltigkeit und Klimaschutz aktiv erleben. So erhalten Sie regelm\u00e4\u00dfig Einblicke in unsere Arbeit und sehen, wie Umweltbildung an unserer Schule konkret umgesetzt wird.<\/p>\n<p>[\/et_pb_text][et_pb_blog fullwidth=&#8220;off&#8220; posts_number=&#8220;9&#8243; include_categories=&#8220;21&#8243; show_author=&#8220;off&#8220; _builder_version=&#8220;4.27.5&#8243; _module_preset=&#8220;default&#8220; global_colors_info=&#8220;{}&#8220;][\/et_pb_blog][\/et_pb_column][\/et_pb_row][\/et_pb_section]<\/p>\n","protected":false},"excerpt":{"rendered":"<p>\ud83c\udf3f Umweltschule in Europa Als ausgezeichnete Umweltschule in Europa legen wir besonderen Wert auf nachhaltiges Lernen und umweltbewusstes Handeln im Schulalltag. Durch vielf\u00e4ltige Projekte f\u00f6rdern wir das Verantwortungsbewusstsein der Sch\u00fclerinnen und Sch\u00fcler f\u00fcr Natur, Umwelt und Klima. Ziel ist die F\u00f6rderung einer Bildung f\u00fcr nachhaltige Entwicklung (BNE). Dabei konzentrieren wir uns auf die Handlungsfelder \u201eBiodiversit\u00e4t\/Biologische [&hellip;]<\/p>\n","protected":false},"author":1,"featured_media":0,"parent":0,"menu_order":0,"comment_status":"closed","ping_status":"closed","template":"","meta":{"_acf_changed":false,"_et_pb_use_builder":"on","_et_pb_old_content":"","_et_gb_content_width":"","footnotes":""},"class_list":["post-241339","page","type-page","status-publish","hentry"],"acf":[],"yoast_head":"<!-- This site is optimized with the Yoast SEO Premium plugin v26.0 (Yoast SEO v27.0) - https:\/\/yoast.com\/product\/yoast-seo-premium-wordpress\/ -->\n<title>Umweltschule - Grundschule Hude S\u00fcd<\/title>\n<meta name=\"robots\" content=\"index, follow, max-snippet:-1, max-image-preview:large, max-video-preview:-1\" \/>\n<link rel=\"canonical\" href=\"https:\/\/gs-hude-sued.de\/en\/environmental-school\/\" \/>\n<meta property=\"og:locale\" content=\"en_GB\" \/>\n<meta property=\"og:type\" content=\"article\" \/>\n<meta property=\"og:title\" content=\"Umweltschule\" \/>\n<meta property=\"og:description\" content=\"\ud83c\udf3f Umweltschule in Europa Als ausgezeichnete Umweltschule in Europa legen wir besonderen Wert auf nachhaltiges Lernen und umweltbewusstes Handeln im Schulalltag. Durch vielf\u00e4ltige Projekte f\u00f6rdern wir das Verantwortungsbewusstsein der Sch\u00fclerinnen und Sch\u00fcler f\u00fcr Natur, Umwelt und Klima. Ziel ist die F\u00f6rderung einer Bildung f\u00fcr nachhaltige Entwicklung (BNE). Dabei konzentrieren wir uns auf die Handlungsfelder \u201eBiodiversit\u00e4t\/Biologische [&hellip;]\" \/>\n<meta property=\"og:url\" content=\"https:\/\/gs-hude-sued.de\/en\/environmental-school\/\" \/>\n<meta property=\"og:site_name\" content=\"Grundschule Hude S\u00fcd\" \/>\n<meta property=\"article:modified_time\" content=\"2026-02-24T05:22:41+00:00\" \/>\n<meta name=\"twitter:card\" content=\"summary_large_image\" \/>\n<script type=\"application\/ld+json\" class=\"yoast-schema-graph\">{\"@context\":\"https:\/\/schema.org\",\"@graph\":[{\"@type\":\"WebPage\",\"@id\":\"https:\/\/gs-hude-sued.de\/umweltschule\/\",\"url\":\"https:\/\/gs-hude-sued.de\/umweltschule\/\",\"name\":\"Umweltschule - Grundschule Hude S\u00fcd\",\"isPartOf\":{\"@id\":\"https:\/\/gs-hude-sued.de\/#website\"},\"datePublished\":\"2026-02-24T04:07:44+00:00\",\"dateModified\":\"2026-02-24T05:22:41+00:00\",\"breadcrumb\":{\"@id\":\"https:\/\/gs-hude-sued.de\/umweltschule\/#breadcrumb\"},\"inLanguage\":\"en-GB\",\"potentialAction\":[{\"@type\":\"ReadAction\",\"target\":[\"https:\/\/gs-hude-sued.de\/umweltschule\/\"]}]},{\"@type\":\"BreadcrumbList\",\"@id\":\"https:\/\/gs-hude-sued.de\/umweltschule\/#breadcrumb\",\"itemListElement\":[{\"@type\":\"ListItem\",\"position\":1,\"name\":\"Startseite\",\"item\":\"https:\/\/gs-hude-sued.de\/\"},{\"@type\":\"ListItem\",\"position\":2,\"name\":\"Umweltschule\"}]},{\"@type\":\"WebSite\",\"@id\":\"https:\/\/gs-hude-sued.de\/#website\",\"url\":\"https:\/\/gs-hude-sued.de\/\",\"name\":\"Grundschule Hude S\u00fcd\",\"description\":\"Grundschule Hude-S\u00fcd \u2013 Miteinander stark f\u00fcr die Zukunft.\",\"potentialAction\":[{\"@type\":\"SearchAction\",\"target\":{\"@type\":\"EntryPoint\",\"urlTemplate\":\"https:\/\/gs-hude-sued.de\/?s={search_term_string}\"},\"query-input\":{\"@type\":\"PropertyValueSpecification\",\"valueRequired\":true,\"valueName\":\"search_term_string\"}}],\"inLanguage\":\"en-GB\"}]}<\/script>\n<!-- \/ Yoast SEO Premium plugin. -->","yoast_head_json":{"title":"Environmental School - Hude South Primary School","robots":{"index":"index","follow":"follow","max-snippet":"max-snippet:-1","max-image-preview":"max-image-preview:large","max-video-preview":"max-video-preview:-1"},"canonical":"https:\/\/gs-hude-sued.de\/en\/environmental-school\/","og_locale":"en_GB","og_type":"article","og_title":"Umweltschule","og_description":"\ud83c\udf3f Umweltschule in Europa Als ausgezeichnete Umweltschule in Europa legen wir besonderen Wert auf nachhaltiges Lernen und umweltbewusstes Handeln im Schulalltag. Durch vielf\u00e4ltige Projekte f\u00f6rdern wir das Verantwortungsbewusstsein der Sch\u00fclerinnen und Sch\u00fcler f\u00fcr Natur, Umwelt und Klima. Ziel ist die F\u00f6rderung einer Bildung f\u00fcr nachhaltige Entwicklung (BNE). Dabei konzentrieren wir uns auf die Handlungsfelder \u201eBiodiversit\u00e4t\/Biologische [&hellip;]","og_url":"https:\/\/gs-hude-sued.de\/en\/environmental-school\/","og_site_name":"Grundschule Hude S\u00fcd","article_modified_time":"2026-02-24T05:22:41+00:00","twitter_card":"summary_large_image","schema":{"@context":"https:\/\/schema.org","@graph":[{"@type":"WebPage","@id":"https:\/\/gs-hude-sued.de\/umweltschule\/","url":"https:\/\/gs-hude-sued.de\/umweltschule\/","name":"Environmental School - Hude South Primary School","isPartOf":{"@id":"https:\/\/gs-hude-sued.de\/#website"},"datePublished":"2026-02-24T04:07:44+00:00","dateModified":"2026-02-24T05:22:41+00:00","breadcrumb":{"@id":"https:\/\/gs-hude-sued.de\/umweltschule\/#breadcrumb"},"inLanguage":"en-GB","potentialAction":[{"@type":"ReadAction","target":["https:\/\/gs-hude-sued.de\/umweltschule\/"]}]},{"@type":"BreadcrumbList","@id":"https:\/\/gs-hude-sued.de\/umweltschule\/#breadcrumb","itemListElement":[{"@type":"ListItem","position":1,"name":"Startseite","item":"https:\/\/gs-hude-sued.de\/"},{"@type":"ListItem","position":2,"name":"Umweltschule"}]},{"@type":"WebSite","@id":"https:\/\/gs-hude-sued.de\/#website","url":"https:\/\/gs-hude-sued.de\/","name":"Hude South Primary School","description":"Hude-S\u00fcd Primary School \u2013 Strong together for the future.","potentialAction":[{"@type":"SearchAction","target":{"@type":"EntryPoint","urlTemplate":"https:\/\/gs-hude-sued.de\/?s={search_term_string}"},"query-input":{"@type":"PropertyValueSpecification","valueRequired":true,"valueName":"search_term_string"}}],"inLanguage":"en-GB"}]}},"_links":{"self":[{"href":"https:\/\/gs-hude-sued.de\/en\/wp-json\/wp\/v2\/pages\/241339","targetHints":{"allow":["GET"]}}],"collection":[{"href":"https:\/\/gs-hude-sued.de\/en\/wp-json\/wp\/v2\/pages"}],"about":[{"href":"https:\/\/gs-hude-sued.de\/en\/wp-json\/wp\/v2\/types\/page"}],"author":[{"embeddable":true,"href":"https:\/\/gs-hude-sued.de\/en\/wp-json\/wp\/v2\/users\/1"}],"replies":[{"embeddable":true,"href":"https:\/\/gs-hude-sued.de\/en\/wp-json\/wp\/v2\/comments?post=241339"}],"version-history":[{"count":9,"href":"https:\/\/gs-hude-sued.de\/en\/wp-json\/wp\/v2\/pages\/241339\/revisions"}],"predecessor-version":[{"id":241377,"href":"https:\/\/gs-hude-sued.de\/en\/wp-json\/wp\/v2\/pages\/241339\/revisions\/241377"}],"wp:attachment":[{"href":"https:\/\/gs-hude-sued.de\/en\/wp-json\/wp\/v2\/media?parent=241339"}],"curies":[{"name":"wp","href":"https:\/\/api.w.org\/{rel}","templated":true}]}}