{"id":240318,"date":"2025-10-06T14:08:33","date_gmt":"2025-10-06T12:08:33","guid":{"rendered":"https:\/\/gs-hude-sued.de\/?page_id=240318"},"modified":"2025-12-06T06:27:22","modified_gmt":"2025-12-06T05:27:22","slug":"parental-work","status":"publish","type":"page","link":"https:\/\/gs-hude-sued.de\/en\/our-school-2\/parental-work\/","title":{"rendered":"Parental work"},"content":{"rendered":"<p>[et_pb_section fb_built=&#8220;1&#8243; _builder_version=&#8220;4.27.4&#8243; _module_preset=&#8220;default&#8220; global_colors_info=&#8220;{}&#8220;][et_pb_row custom_padding_last_edited=&#8220;on|desktop&#8220; _builder_version=&#8220;4.27.4&#8243; _module_preset=&#8220;default&#8220; custom_padding=&#8220;0px||0px||false|false&#8220; custom_padding_tablet=&#8220;0px||0px||false|false&#8220; custom_padding_phone=&#8220;0px||0px||false|false&#8220; global_colors_info=&#8220;{}&#8220;][et_pb_column type=&#8220;4_4&#8243; _builder_version=&#8220;4.27.4&#8243; _module_preset=&#8220;default&#8220; global_colors_info=&#8220;{}&#8220;][et_pb_text _builder_version=&#8220;4.27.4&#8243; _module_preset=&#8220;default&#8220; header_3_font_size=&#8220;29px&#8220; global_colors_info=&#8220;{}&#8220;]<\/p>\n<h1>\ud83e\udd1d Gemeinsam f\u00fcr unsere Schule \u2013 Elternmitwirkung an der Grundschule Hude-S\u00fcd<\/h1>\n<p>Eine gute Schule lebt von der Zusammenarbeit aller: Kinder, Lehrkr\u00e4fte und Eltern. Das Engagement der Eltern ist ein wichtiger Teil unseres Schullebens. Durch Elternvertretungen, den Schulelternrat und den Schulvorstand gestalten Eltern aktiv das Miteinander und die Weiterentwicklung unserer Schule mit. Sie bringen Ideen ein, unterst\u00fctzen Projekte und tragen dazu bei, dass Schule ein Ort bleibt, an dem sich alle wohlf\u00fchlen.<\/p>\n<p>[\/et_pb_text][\/et_pb_column][\/et_pb_row][et_pb_row column_structure=&#8220;1_2,1_2&#8243; _builder_version=&#8220;4.27.4&#8243; _module_preset=&#8220;default&#8220; custom_padding=&#8220;||0px||false|false&#8220; custom_css_main_element=&#8220;display: flex;||justify-content: center; ||align-items: center;||&#8220; global_colors_info=&#8220;{}&#8220; custom_css_main_element_last_edited=&#8220;on|tablet&#8220; custom_css_main_element_tablet=&#8220;display: block;&#8220; custom_css_main_element_phone=&#8220;display: block;&#8220;][et_pb_column type=&#8220;1_2&#8243; _builder_version=&#8220;4.27.4&#8243; _module_preset=&#8220;default&#8220; global_colors_info=&#8220;{}&#8220;][et_pb_text _builder_version=&#8220;4.27.4&#8243; _module_preset=&#8220;default&#8220; header_3_font_size=&#8220;29px&#8220; global_colors_info=&#8220;{}&#8220;]<\/p>\n<h2>Elternvertreter und Schulelternrat<\/h2>\n<p>[\/et_pb_text][\/et_pb_column][et_pb_column type=&#8220;1_2&#8243; _builder_version=&#8220;4.27.4&#8243; _module_preset=&#8220;default&#8220; global_colors_info=&#8220;{}&#8220;][et_pb_image src=&#8220;https:\/\/gs-hude-sued.de\/wp-content\/uploads\/2025\/10\/Gemini_Generated_Image_91keoi91keoi91ke.png&#8220; _builder_version=&#8220;4.27.4&#8243; _module_preset=&#8220;default&#8220; global_colors_info=&#8220;{}&#8220;][\/et_pb_image][\/et_pb_column][\/et_pb_row][\/et_pb_section][et_pb_section fb_built=&#8220;1&#8243; _builder_version=&#8220;4.27.4&#8243; _module_preset=&#8220;default&#8220; custom_padding=&#8220;10px||10px||true|false&#8220; global_colors_info=&#8220;{}&#8220;][et_pb_row column_structure=&#8220;1_2,1_2&#8243; _builder_version=&#8220;4.27.4&#8243; _module_preset=&#8220;default&#8220; global_colors_info=&#8220;{}&#8220;][et_pb_column type=&#8220;1_2&#8243; _builder_version=&#8220;4.27.4&#8243; _module_preset=&#8220;default&#8220; global_colors_info=&#8220;{}&#8220;][et_pb_text _builder_version=&#8220;4.27.4&#8243; _module_preset=&#8220;default&#8220; header_3_font_size=&#8220;29px&#8220; global_colors_info=&#8220;{}&#8220;]<\/p>\n<h3>Die Elternvertreter<\/h3>\n<p>Die Elternvertretung ist ein Mitwirkungsorgan f\u00fcr Eltern an Schulen, Kindertagesst\u00e4tten und anderen p\u00e4dagogischen Einrichtungen.<\/p>\n<h4>Aufgaben:<\/h4>\n<p>Die Elternvertretung ist die Vertretung der Erziehungsberechtigten der Sch\u00fcler einer Schule und wirkt in Angelegenheiten,<br \/>die f\u00fcr die Schule von allgemeiner Bedeutung sind, beratend mit.<br \/>Somit stellt sie neben anderen m\u00f6glichen Formen der Elternbeteiligung ein demokratisches Gremium dar,<br \/>das gemeinsame Verantwortung f\u00fcr die Gestaltung des Lebens der Kinder und Sch\u00fcler \u00fcbernimmt.<br \/>Die Elternvertreter arbeiten ehrenamtlich und unentgeltlich.<\/p>\n<p>[\/et_pb_text][\/et_pb_column][et_pb_column type=&#8220;1_2&#8243; _builder_version=&#8220;4.27.4&#8243; _module_preset=&#8220;default&#8220; global_colors_info=&#8220;{}&#8220;][et_pb_text _builder_version=&#8220;4.27.4&#8243; _module_preset=&#8220;default&#8220; header_3_font_size=&#8220;29px&#8220; global_colors_info=&#8220;{}&#8220;]<\/p>\n<p><strong>Zu den Aufgaben der Elternvertretung geh\u00f6ren unter anderem:<\/strong><\/p>\n<ul>\n<li>die Interessen der Elternschaft zu wahren<\/li>\n<li>W\u00fcnsche und Vorschl\u00e4ge der Eltern zu b\u00fcndeln und diese an die Schulleitung weiterzugeben<\/li>\n<li>an den Beratungen der Schulkonferenz teilzunehmen<\/li>\n<\/ul>\n<p>Schultr\u00e4ger und Schulleitung unterrichten die Elternvertretung \u00fcber alle Angelegenheiten,<br \/>die f\u00fcr die Schule von allgemeiner Bedeutung sind, und erteilen alle notwendigen Ausk\u00fcnfte.<br \/>Zu bestimmten Angelegenheiten muss die Elternvertretung geh\u00f6rt werden.<\/p>\n<p>[\/et_pb_text][\/et_pb_column][\/et_pb_row][\/et_pb_section][et_pb_section fb_built=&#8220;1&#8243; _builder_version=&#8220;4.27.4&#8243; _module_preset=&#8220;default&#8220; custom_padding=&#8220;10px||10px||true|false&#8220; global_colors_info=&#8220;{}&#8220;][et_pb_row _builder_version=&#8220;4.27.4&#8243; _module_preset=&#8220;default&#8220; global_colors_info=&#8220;{}&#8220;][et_pb_column type=&#8220;4_4&#8243; _builder_version=&#8220;4.27.4&#8243; _module_preset=&#8220;default&#8220; global_colors_info=&#8220;{}&#8220;][et_pb_text _builder_version=&#8220;4.27.4&#8243; _module_preset=&#8220;default&#8220; header_3_font_size=&#8220;29px&#8220; global_colors_info=&#8220;{}&#8220;]<\/p>\n<h3>Der Schulelternrat<\/h3>\n<h4>Aufgaben:<\/h4>\n<ul>\n<li>gestaltet das Schulleben aktiv mit<\/li>\n<li>ist Ansprechpartner f\u00fcr Eltern bei Fragen und Problemen<\/li>\n<li>arbeitet an den L\u00f6sungen von Problemen mit<\/li>\n<li>informiert die Eltern \u00fcber das aktuelle Geschehen<\/li>\n<li>aktiviert die Elternschaft zur Teilnahme an Projekten und Schulveranstaltungen<\/li>\n<li>vertritt die Schule im Kreiselternrat<\/li>\n<li>w\u00e4hlt die Elternvertreter f\u00fcr die Gesamtkonferenzen<\/li>\n<li>w\u00e4hlt aus der Gesamtelternschaft die Elternvertreter f\u00fcr den Schulvorstand<\/li>\n<\/ul>\n<p>[\/et_pb_text][\/et_pb_column][\/et_pb_row][\/et_pb_section]<\/p>\n","protected":false},"excerpt":{"rendered":"<p>\ud83e\udd1d Gemeinsam f\u00fcr unsere Schule \u2013 Elternmitwirkung an der Grundschule Hude-S\u00fcd Eine gute Schule lebt von der Zusammenarbeit aller: Kinder, Lehrkr\u00e4fte und Eltern. Das Engagement der Eltern ist ein wichtiger Teil unseres Schullebens. Durch Elternvertretungen, den Schulelternrat und den Schulvorstand gestalten Eltern aktiv das Miteinander und die Weiterentwicklung unserer Schule mit. Sie bringen Ideen ein, [&hellip;]<\/p>\n","protected":false},"author":1,"featured_media":240484,"parent":240293,"menu_order":0,"comment_status":"closed","ping_status":"closed","template":"","meta":{"_acf_changed":false,"_et_pb_use_builder":"on","_et_pb_old_content":"<!-- wp:divi\/placeholder \/-->","_et_gb_content_width":"","footnotes":""},"class_list":["post-240318","page","type-page","status-publish","has-post-thumbnail","hentry"],"acf":[],"yoast_head":"<!-- This site is optimized with the Yoast SEO Premium plugin v26.0 (Yoast SEO v27.0) - https:\/\/yoast.com\/product\/yoast-seo-premium-wordpress\/ -->\n<title>Elternmitwirkung an der Grundschule Hude-S\u00fcd \u2013 gemeinsam<\/title>\n<meta name=\"description\" content=\"Elternmitwirkung st\u00e4rkt das Schulleben der Grundschule Hude-S\u00fcd: Elternvertretung bringt Ideen ein, unterst\u00fctzt Projekte und f\u00f6rdert das gemeinsame Lernen. Jetzt informieren.\" \/>\n<meta name=\"robots\" content=\"index, follow, max-snippet:-1, max-image-preview:large, max-video-preview:-1\" \/>\n<link rel=\"canonical\" href=\"https:\/\/gs-hude-sued.de\/en\/our-school-2\/parental-work\/\" \/>\n<meta property=\"og:locale\" content=\"en_GB\" \/>\n<meta property=\"og:type\" content=\"article\" \/>\n<meta property=\"og:title\" content=\"Elternarbeit\" \/>\n<meta property=\"og:description\" content=\"Elternmitwirkung st\u00e4rkt das Schulleben der Grundschule Hude-S\u00fcd: Elternvertretung bringt Ideen ein, unterst\u00fctzt Projekte und f\u00f6rdert das gemeinsame Lernen. Jetzt informieren.\" \/>\n<meta property=\"og:url\" content=\"https:\/\/gs-hude-sued.de\/en\/our-school-2\/parental-work\/\" \/>\n<meta property=\"og:site_name\" content=\"Grundschule Hude S\u00fcd\" \/>\n<meta property=\"article:modified_time\" content=\"2025-12-06T05:27:22+00:00\" \/>\n<meta property=\"og:image\" content=\"https:\/\/gs-hude-sued.de\/wp-content\/uploads\/2025\/10\/Gemini_Generated_Image_91keoi91keoi91ke.png\" \/>\n\t<meta property=\"og:image:width\" content=\"800\" \/>\n\t<meta property=\"og:image:height\" content=\"408\" \/>\n\t<meta property=\"og:image:type\" content=\"image\/png\" \/>\n<meta name=\"twitter:card\" content=\"summary_large_image\" \/>\n<script type=\"application\/ld+json\" class=\"yoast-schema-graph\">{\"@context\":\"https:\/\/schema.org\",\"@graph\":[{\"@type\":\"WebPage\",\"@id\":\"https:\/\/gs-hude-sued.de\/unsere-schule-2\/elternarbeit\/\",\"url\":\"https:\/\/gs-hude-sued.de\/unsere-schule-2\/elternarbeit\/\",\"name\":\"Elternmitwirkung an der Grundschule Hude-S\u00fcd \u2013 gemeinsam\",\"isPartOf\":{\"@id\":\"https:\/\/gs-hude-sued.de\/#website\"},\"primaryImageOfPage\":{\"@id\":\"https:\/\/gs-hude-sued.de\/unsere-schule-2\/elternarbeit\/#primaryimage\"},\"image\":{\"@id\":\"https:\/\/gs-hude-sued.de\/unsere-schule-2\/elternarbeit\/#primaryimage\"},\"thumbnailUrl\":\"https:\/\/gs-hude-sued.de\/wp-content\/uploads\/2025\/10\/Gemini_Generated_Image_91keoi91keoi91ke.png\",\"datePublished\":\"2025-10-06T12:08:33+00:00\",\"dateModified\":\"2025-12-06T05:27:22+00:00\",\"description\":\"Elternmitwirkung st\u00e4rkt das Schulleben der Grundschule Hude-S\u00fcd: Elternvertretung bringt Ideen ein, unterst\u00fctzt Projekte und f\u00f6rdert das gemeinsame Lernen. Jetzt informieren.\",\"breadcrumb\":{\"@id\":\"https:\/\/gs-hude-sued.de\/unsere-schule-2\/elternarbeit\/#breadcrumb\"},\"inLanguage\":\"en-GB\",\"potentialAction\":[{\"@type\":\"ReadAction\",\"target\":[\"https:\/\/gs-hude-sued.de\/unsere-schule-2\/elternarbeit\/\"]}]},{\"@type\":\"ImageObject\",\"inLanguage\":\"en-GB\",\"@id\":\"https:\/\/gs-hude-sued.de\/unsere-schule-2\/elternarbeit\/#primaryimage\",\"url\":\"https:\/\/gs-hude-sued.de\/wp-content\/uploads\/2025\/10\/Gemini_Generated_Image_91keoi91keoi91ke.png\",\"contentUrl\":\"https:\/\/gs-hude-sued.de\/wp-content\/uploads\/2025\/10\/Gemini_Generated_Image_91keoi91keoi91ke.png\",\"width\":800,\"height\":408,\"caption\":\"Die Mitglieder des Elternrates pr\u00e4sentieren Ideen und diskutieren Aktuelles. Gemeinschaftliche Entscheidungen f\u00f6rdern das Engagement der Eltern.\"},{\"@type\":\"BreadcrumbList\",\"@id\":\"https:\/\/gs-hude-sued.de\/unsere-schule-2\/elternarbeit\/#breadcrumb\",\"itemListElement\":[{\"@type\":\"ListItem\",\"position\":1,\"name\":\"Startseite\",\"item\":\"https:\/\/gs-hude-sued.de\/\"},{\"@type\":\"ListItem\",\"position\":2,\"name\":\"Unsere Schule\",\"item\":\"https:\/\/gs-hude-sued.de\/unsere-schule-2\/\"},{\"@type\":\"ListItem\",\"position\":3,\"name\":\"Elternarbeit\"}]},{\"@type\":\"WebSite\",\"@id\":\"https:\/\/gs-hude-sued.de\/#website\",\"url\":\"https:\/\/gs-hude-sued.de\/\",\"name\":\"Grundschule Hude S\u00fcd\",\"description\":\"Grundschule Hude-S\u00fcd \u2013 Miteinander stark f\u00fcr die Zukunft.\",\"potentialAction\":[{\"@type\":\"SearchAction\",\"target\":{\"@type\":\"EntryPoint\",\"urlTemplate\":\"https:\/\/gs-hude-sued.de\/?s={search_term_string}\"},\"query-input\":{\"@type\":\"PropertyValueSpecification\",\"valueRequired\":true,\"valueName\":\"search_term_string\"}}],\"inLanguage\":\"en-GB\"}]}<\/script>\n<!-- \/ Yoast SEO Premium plugin. -->","yoast_head_json":{"title":"Parental involvement at Hude-S\u00fcd primary school \u2013 together","description":"Parental involvement strengthens school life at Hude-S\u00fcd Primary School: Parent representatives contribute ideas, support projects, and promote collaborative learning. Find out more now.","robots":{"index":"index","follow":"follow","max-snippet":"max-snippet:-1","max-image-preview":"max-image-preview:large","max-video-preview":"max-video-preview:-1"},"canonical":"https:\/\/gs-hude-sued.de\/en\/our-school-2\/parental-work\/","og_locale":"en_GB","og_type":"article","og_title":"Elternarbeit","og_description":"Elternmitwirkung st\u00e4rkt das Schulleben der Grundschule Hude-S\u00fcd: Elternvertretung bringt Ideen ein, unterst\u00fctzt Projekte und f\u00f6rdert das gemeinsame Lernen. Jetzt informieren.","og_url":"https:\/\/gs-hude-sued.de\/en\/our-school-2\/parental-work\/","og_site_name":"Grundschule Hude S\u00fcd","article_modified_time":"2025-12-06T05:27:22+00:00","og_image":[{"width":800,"height":408,"url":"https:\/\/gs-hude-sued.de\/wp-content\/uploads\/2025\/10\/Gemini_Generated_Image_91keoi91keoi91ke.png","type":"image\/png"}],"twitter_card":"summary_large_image","schema":{"@context":"https:\/\/schema.org","@graph":[{"@type":"WebPage","@id":"https:\/\/gs-hude-sued.de\/unsere-schule-2\/elternarbeit\/","url":"https:\/\/gs-hude-sued.de\/unsere-schule-2\/elternarbeit\/","name":"Parental involvement at Hude-S\u00fcd primary school \u2013 together","isPartOf":{"@id":"https:\/\/gs-hude-sued.de\/#website"},"primaryImageOfPage":{"@id":"https:\/\/gs-hude-sued.de\/unsere-schule-2\/elternarbeit\/#primaryimage"},"image":{"@id":"https:\/\/gs-hude-sued.de\/unsere-schule-2\/elternarbeit\/#primaryimage"},"thumbnailUrl":"https:\/\/gs-hude-sued.de\/wp-content\/uploads\/2025\/10\/Gemini_Generated_Image_91keoi91keoi91ke.png","datePublished":"2025-10-06T12:08:33+00:00","dateModified":"2025-12-06T05:27:22+00:00","description":"Parental involvement strengthens school life at Hude-S\u00fcd Primary School: Parent representatives contribute ideas, support projects, and promote collaborative learning. Find out more now.","breadcrumb":{"@id":"https:\/\/gs-hude-sued.de\/unsere-schule-2\/elternarbeit\/#breadcrumb"},"inLanguage":"en-GB","potentialAction":[{"@type":"ReadAction","target":["https:\/\/gs-hude-sued.de\/unsere-schule-2\/elternarbeit\/"]}]},{"@type":"ImageObject","inLanguage":"en-GB","@id":"https:\/\/gs-hude-sued.de\/unsere-schule-2\/elternarbeit\/#primaryimage","url":"https:\/\/gs-hude-sued.de\/wp-content\/uploads\/2025\/10\/Gemini_Generated_Image_91keoi91keoi91ke.png","contentUrl":"https:\/\/gs-hude-sued.de\/wp-content\/uploads\/2025\/10\/Gemini_Generated_Image_91keoi91keoi91ke.png","width":800,"height":408,"caption":"Die Mitglieder des Elternrates pr\u00e4sentieren Ideen und diskutieren Aktuelles. Gemeinschaftliche Entscheidungen f\u00f6rdern das Engagement der Eltern."},{"@type":"BreadcrumbList","@id":"https:\/\/gs-hude-sued.de\/unsere-schule-2\/elternarbeit\/#breadcrumb","itemListElement":[{"@type":"ListItem","position":1,"name":"Startseite","item":"https:\/\/gs-hude-sued.de\/"},{"@type":"ListItem","position":2,"name":"Unsere Schule","item":"https:\/\/gs-hude-sued.de\/unsere-schule-2\/"},{"@type":"ListItem","position":3,"name":"Elternarbeit"}]},{"@type":"WebSite","@id":"https:\/\/gs-hude-sued.de\/#website","url":"https:\/\/gs-hude-sued.de\/","name":"Hude South Primary School","description":"Hude-S\u00fcd Primary School \u2013 Strong together for the future.","potentialAction":[{"@type":"SearchAction","target":{"@type":"EntryPoint","urlTemplate":"https:\/\/gs-hude-sued.de\/?s={search_term_string}"},"query-input":{"@type":"PropertyValueSpecification","valueRequired":true,"valueName":"search_term_string"}}],"inLanguage":"en-GB"}]}},"_links":{"self":[{"href":"https:\/\/gs-hude-sued.de\/en\/wp-json\/wp\/v2\/pages\/240318","targetHints":{"allow":["GET"]}}],"collection":[{"href":"https:\/\/gs-hude-sued.de\/en\/wp-json\/wp\/v2\/pages"}],"about":[{"href":"https:\/\/gs-hude-sued.de\/en\/wp-json\/wp\/v2\/types\/page"}],"author":[{"embeddable":true,"href":"https:\/\/gs-hude-sued.de\/en\/wp-json\/wp\/v2\/users\/1"}],"replies":[{"embeddable":true,"href":"https:\/\/gs-hude-sued.de\/en\/wp-json\/wp\/v2\/comments?post=240318"}],"version-history":[{"count":9,"href":"https:\/\/gs-hude-sued.de\/en\/wp-json\/wp\/v2\/pages\/240318\/revisions"}],"predecessor-version":[{"id":241133,"href":"https:\/\/gs-hude-sued.de\/en\/wp-json\/wp\/v2\/pages\/240318\/revisions\/241133"}],"up":[{"embeddable":true,"href":"https:\/\/gs-hude-sued.de\/en\/wp-json\/wp\/v2\/pages\/240293"}],"wp:featuredmedia":[{"embeddable":true,"href":"https:\/\/gs-hude-sued.de\/en\/wp-json\/wp\/v2\/media\/240484"}],"wp:attachment":[{"href":"https:\/\/gs-hude-sued.de\/en\/wp-json\/wp\/v2\/media?parent=240318"}],"curies":[{"name":"wp","href":"https:\/\/api.w.org\/{rel}","templated":true}]}}