{"id":240312,"date":"2025-10-06T14:05:06","date_gmt":"2025-10-06T12:05:06","guid":{"rendered":"https:\/\/gs-hude-sued.de\/?page_id=240312"},"modified":"2025-10-15T15:28:55","modified_gmt":"2025-10-15T13:28:55","slug":"school-decrees","status":"publish","type":"page","link":"https:\/\/gs-hude-sued.de\/en\/our-school-profile\/school-decrees\/","title":{"rendered":"School decrees"},"content":{"rendered":"\n[et_pb_section fb_built=&#8220;1&#8243; theme_builder_area=&#8220;post_content&#8220; _builder_version=&#8220;4.27.4&#8243; _module_preset=&#8220;default&#8220;][et_pb_row _builder_version=&#8220;4.27.4&#8243; _module_preset=&#8220;default&#8220; theme_builder_area=&#8220;post_content&#8220; hover_enabled=&#8220;0&#8243; sticky_enabled=&#8220;0&#8243;][et_pb_column _builder_version=&#8220;4.27.4&#8243; _module_preset=&#8220;default&#8220; type=&#8220;4_4&#8243; theme_builder_area=&#8220;post_content&#8220;][et_pb_text _builder_version=&#8220;4.27.4&#8243; _module_preset=&#8220;default&#8220; theme_builder_area=&#8220;post_content&#8220; hover_enabled=&#8220;0&#8243; sticky_enabled=&#8220;0&#8243;]<h1>Schulerlasse und Regelungen<\/h1>\n<p>Hier finden Sie wichtige Erlasse, Verordnungen und Regelungen, die f\u00fcr den Schulalltag an der Grundschule Hude-S\u00fcd von Bedeutung sind. Die Dokumente stammen aus den offiziellen Mitteilungen des Nieders\u00e4chsischen Kultusministeriums und informieren \u00fcber aktuelle Vorgaben, Rechte und Pflichten im Schulbetrieb.<\/p>\n<p>Ein Teil der Schulerlasse steht Ihnen direkt auf unserer Webseite digital zur Verf\u00fcgung. Diese Formulare k\u00f6nnen bequem online ausgef\u00fcllt und \u2013 falls erforderlich \u2013 auch elektronisch unterschrieben werden. So m\u00f6chten wir Abl\u00e4ufe vereinfachen und den Informationszugang f\u00fcr Eltern und Erziehungsberechtigte erleichtern.<\/p>\n<p>Alle weiteren Erlasse finden Sie als Download oder \u00fcber die Verlinkungen zu den offiziellen Seiten des Kultusministeriums.<\/p>[\/et_pb_text][et_pb_text _builder_version=&#8220;4.27.4&#8243; _module_preset=&#8220;default&#8220; theme_builder_area=&#8220;post_content&#8220; hover_enabled=&#8220;0&#8243; sticky_enabled=&#8220;0&#8243; text_font_size=&#8220;21px&#8220; text_font_size_last_edited=&#8220;on|desktop&#8220; text_font_size_tablet=&#8220;21px&#8220; text_font_size_phone=&#8220;21px&#8220;]<ul>\n<li><a href=\"\/waffenerlass\/\" title=\"Weiter zum Waffenerlass\">Waffenerlass<\/a><\/li>\n<\/ul>[\/et_pb_text][\/et_pb_column][\/et_pb_row][\/et_pb_section]\n","protected":false},"excerpt":{"rendered":"<p>Schulerlasse und Regelungen Hier finden Sie wichtige Erlasse, Verordnungen und Regelungen, die f\u00fcr den Schulalltag an der Grundschule Hude-S\u00fcd von Bedeutung sind. Die Dokumente stammen aus den offiziellen Mitteilungen des Nieders\u00e4chsischen Kultusministeriums und informieren \u00fcber aktuelle Vorgaben, Rechte und Pflichten im Schulbetrieb. Ein Teil der Schulerlasse steht Ihnen direkt auf unserer Webseite digital zur Verf\u00fcgung. [&hellip;]<\/p>\n","protected":false},"author":1,"featured_media":240158,"parent":240302,"menu_order":0,"comment_status":"closed","ping_status":"closed","template":"","meta":{"_acf_changed":false,"_et_pb_use_builder":"on","_et_pb_old_content":"<!-- wp:divi\/placeholder \/-->","_et_gb_content_width":"","footnotes":""},"class_list":["post-240312","page","type-page","status-publish","has-post-thumbnail","hentry"],"acf":[],"yoast_head":"<!-- This site is optimized with the Yoast SEO Premium plugin v26.0 (Yoast SEO v27.0) - https:\/\/yoast.com\/product\/yoast-seo-premium-wordpress\/ -->\n<title>Schulerlasse - Grundschule Hude S\u00fcd<\/title>\n<meta name=\"robots\" content=\"index, follow, max-snippet:-1, max-image-preview:large, max-video-preview:-1\" \/>\n<link rel=\"canonical\" href=\"https:\/\/gs-hude-sued.de\/en\/our-school-profile\/school-decrees\/\" \/>\n<meta property=\"og:locale\" content=\"en_GB\" \/>\n<meta property=\"og:type\" content=\"article\" \/>\n<meta property=\"og:title\" content=\"Schulerlasse\" \/>\n<meta property=\"og:description\" content=\"Schulerlasse und Regelungen Hier finden Sie wichtige Erlasse, Verordnungen und Regelungen, die f\u00fcr den Schulalltag an der Grundschule Hude-S\u00fcd von Bedeutung sind. Die Dokumente stammen aus den offiziellen Mitteilungen des Nieders\u00e4chsischen Kultusministeriums und informieren \u00fcber aktuelle Vorgaben, Rechte und Pflichten im Schulbetrieb. Ein Teil der Schulerlasse steht Ihnen direkt auf unserer Webseite digital zur Verf\u00fcgung. [&hellip;]\" \/>\n<meta property=\"og:url\" content=\"https:\/\/gs-hude-sued.de\/en\/our-school-profile\/school-decrees\/\" \/>\n<meta property=\"og:site_name\" content=\"Grundschule Hude S\u00fcd\" \/>\n<meta property=\"article:modified_time\" content=\"2025-10-15T13:28:55+00:00\" \/>\n<meta name=\"twitter:card\" content=\"summary_large_image\" \/>\n<script type=\"application\/ld+json\" class=\"yoast-schema-graph\">{\"@context\":\"https:\/\/schema.org\",\"@graph\":[{\"@type\":\"WebPage\",\"@id\":\"https:\/\/gs-hude-sued.de\/unser-schulprofil\/schulerlasse\/\",\"url\":\"https:\/\/gs-hude-sued.de\/unser-schulprofil\/schulerlasse\/\",\"name\":\"Schulerlasse - Grundschule Hude S\u00fcd\",\"isPartOf\":{\"@id\":\"https:\/\/gs-hude-sued.de\/#website\"},\"primaryImageOfPage\":{\"@id\":\"https:\/\/gs-hude-sued.de\/unser-schulprofil\/schulerlasse\/#primaryimage\"},\"image\":{\"@id\":\"https:\/\/gs-hude-sued.de\/unser-schulprofil\/schulerlasse\/#primaryimage\"},\"thumbnailUrl\":\"https:\/\/gs-hude-sued.de\/wp-content\/uploads\/2025\/10\/3-3.png\",\"datePublished\":\"2025-10-06T12:05:06+00:00\",\"dateModified\":\"2025-10-15T13:28:55+00:00\",\"breadcrumb\":{\"@id\":\"https:\/\/gs-hude-sued.de\/unser-schulprofil\/schulerlasse\/#breadcrumb\"},\"inLanguage\":\"en-GB\",\"potentialAction\":[{\"@type\":\"ReadAction\",\"target\":[\"https:\/\/gs-hude-sued.de\/unser-schulprofil\/schulerlasse\/\"]}]},{\"@type\":\"ImageObject\",\"inLanguage\":\"en-GB\",\"@id\":\"https:\/\/gs-hude-sued.de\/unser-schulprofil\/schulerlasse\/#primaryimage\",\"url\":\"https:\/\/gs-hude-sued.de\/wp-content\/uploads\/2025\/10\/3-3.png\",\"contentUrl\":\"https:\/\/gs-hude-sued.de\/wp-content\/uploads\/2025\/10\/3-3.png\",\"width\":1000,\"height\":1000,\"caption\":\"Eine lebendige Lernatmosph\u00e4re pr\u00e4gt den Schulalltag der Grundschule Hude-S\u00fcd. Sch\u00fcler arbeiten zusammen und f\u00f6rdern gegenseitiges Verst\u00e4ndnis.\"},{\"@type\":\"BreadcrumbList\",\"@id\":\"https:\/\/gs-hude-sued.de\/unser-schulprofil\/schulerlasse\/#breadcrumb\",\"itemListElement\":[{\"@type\":\"ListItem\",\"position\":1,\"name\":\"Startseite\",\"item\":\"https:\/\/gs-hude-sued.de\/\"},{\"@type\":\"ListItem\",\"position\":2,\"name\":\"Unser Schulprofil\",\"item\":\"https:\/\/gs-hude-sued.de\/unser-schulprofil\/\"},{\"@type\":\"ListItem\",\"position\":3,\"name\":\"Schulerlasse\"}]},{\"@type\":\"WebSite\",\"@id\":\"https:\/\/gs-hude-sued.de\/#website\",\"url\":\"https:\/\/gs-hude-sued.de\/\",\"name\":\"Grundschule Hude S\u00fcd\",\"description\":\"Grundschule Hude-S\u00fcd \u2013 Miteinander stark f\u00fcr die Zukunft.\",\"potentialAction\":[{\"@type\":\"SearchAction\",\"target\":{\"@type\":\"EntryPoint\",\"urlTemplate\":\"https:\/\/gs-hude-sued.de\/?s={search_term_string}\"},\"query-input\":{\"@type\":\"PropertyValueSpecification\",\"valueRequired\":true,\"valueName\":\"search_term_string\"}}],\"inLanguage\":\"en-GB\"}]}<\/script>\n<!-- \/ Yoast SEO Premium plugin. -->","yoast_head_json":{"title":"School decrees - Hude South Primary School","robots":{"index":"index","follow":"follow","max-snippet":"max-snippet:-1","max-image-preview":"max-image-preview:large","max-video-preview":"max-video-preview:-1"},"canonical":"https:\/\/gs-hude-sued.de\/en\/our-school-profile\/school-decrees\/","og_locale":"en_GB","og_type":"article","og_title":"Schulerlasse","og_description":"Schulerlasse und Regelungen Hier finden Sie wichtige Erlasse, Verordnungen und Regelungen, die f\u00fcr den Schulalltag an der Grundschule Hude-S\u00fcd von Bedeutung sind. Die Dokumente stammen aus den offiziellen Mitteilungen des Nieders\u00e4chsischen Kultusministeriums und informieren \u00fcber aktuelle Vorgaben, Rechte und Pflichten im Schulbetrieb. Ein Teil der Schulerlasse steht Ihnen direkt auf unserer Webseite digital zur Verf\u00fcgung. [&hellip;]","og_url":"https:\/\/gs-hude-sued.de\/en\/our-school-profile\/school-decrees\/","og_site_name":"Grundschule Hude S\u00fcd","article_modified_time":"2025-10-15T13:28:55+00:00","twitter_card":"summary_large_image","schema":{"@context":"https:\/\/schema.org","@graph":[{"@type":"WebPage","@id":"https:\/\/gs-hude-sued.de\/unser-schulprofil\/schulerlasse\/","url":"https:\/\/gs-hude-sued.de\/unser-schulprofil\/schulerlasse\/","name":"School decrees - Hude South Primary School","isPartOf":{"@id":"https:\/\/gs-hude-sued.de\/#website"},"primaryImageOfPage":{"@id":"https:\/\/gs-hude-sued.de\/unser-schulprofil\/schulerlasse\/#primaryimage"},"image":{"@id":"https:\/\/gs-hude-sued.de\/unser-schulprofil\/schulerlasse\/#primaryimage"},"thumbnailUrl":"https:\/\/gs-hude-sued.de\/wp-content\/uploads\/2025\/10\/3-3.png","datePublished":"2025-10-06T12:05:06+00:00","dateModified":"2025-10-15T13:28:55+00:00","breadcrumb":{"@id":"https:\/\/gs-hude-sued.de\/unser-schulprofil\/schulerlasse\/#breadcrumb"},"inLanguage":"en-GB","potentialAction":[{"@type":"ReadAction","target":["https:\/\/gs-hude-sued.de\/unser-schulprofil\/schulerlasse\/"]}]},{"@type":"ImageObject","inLanguage":"en-GB","@id":"https:\/\/gs-hude-sued.de\/unser-schulprofil\/schulerlasse\/#primaryimage","url":"https:\/\/gs-hude-sued.de\/wp-content\/uploads\/2025\/10\/3-3.png","contentUrl":"https:\/\/gs-hude-sued.de\/wp-content\/uploads\/2025\/10\/3-3.png","width":1000,"height":1000,"caption":"Eine lebendige Lernatmosph\u00e4re pr\u00e4gt den Schulalltag der Grundschule Hude-S\u00fcd. Sch\u00fcler arbeiten zusammen und f\u00f6rdern gegenseitiges Verst\u00e4ndnis."},{"@type":"BreadcrumbList","@id":"https:\/\/gs-hude-sued.de\/unser-schulprofil\/schulerlasse\/#breadcrumb","itemListElement":[{"@type":"ListItem","position":1,"name":"Startseite","item":"https:\/\/gs-hude-sued.de\/"},{"@type":"ListItem","position":2,"name":"Unser Schulprofil","item":"https:\/\/gs-hude-sued.de\/unser-schulprofil\/"},{"@type":"ListItem","position":3,"name":"Schulerlasse"}]},{"@type":"WebSite","@id":"https:\/\/gs-hude-sued.de\/#website","url":"https:\/\/gs-hude-sued.de\/","name":"Hude South Primary School","description":"Hude-S\u00fcd Primary School \u2013 Strong together for the future.","potentialAction":[{"@type":"SearchAction","target":{"@type":"EntryPoint","urlTemplate":"https:\/\/gs-hude-sued.de\/?s={search_term_string}"},"query-input":{"@type":"PropertyValueSpecification","valueRequired":true,"valueName":"search_term_string"}}],"inLanguage":"en-GB"}]}},"_links":{"self":[{"href":"https:\/\/gs-hude-sued.de\/en\/wp-json\/wp\/v2\/pages\/240312","targetHints":{"allow":["GET"]}}],"collection":[{"href":"https:\/\/gs-hude-sued.de\/en\/wp-json\/wp\/v2\/pages"}],"about":[{"href":"https:\/\/gs-hude-sued.de\/en\/wp-json\/wp\/v2\/types\/page"}],"author":[{"embeddable":true,"href":"https:\/\/gs-hude-sued.de\/en\/wp-json\/wp\/v2\/users\/1"}],"replies":[{"embeddable":true,"href":"https:\/\/gs-hude-sued.de\/en\/wp-json\/wp\/v2\/comments?post=240312"}],"version-history":[{"count":4,"href":"https:\/\/gs-hude-sued.de\/en\/wp-json\/wp\/v2\/pages\/240312\/revisions"}],"predecessor-version":[{"id":240656,"href":"https:\/\/gs-hude-sued.de\/en\/wp-json\/wp\/v2\/pages\/240312\/revisions\/240656"}],"up":[{"embeddable":true,"href":"https:\/\/gs-hude-sued.de\/en\/wp-json\/wp\/v2\/pages\/240302"}],"wp:featuredmedia":[{"embeddable":true,"href":"https:\/\/gs-hude-sued.de\/en\/wp-json\/wp\/v2\/media\/240158"}],"wp:attachment":[{"href":"https:\/\/gs-hude-sued.de\/en\/wp-json\/wp\/v2\/media?parent=240312"}],"curies":[{"name":"wp","href":"https:\/\/api.w.org\/{rel}","templated":true}]}}