{"id":240273,"date":"2025-10-06T13:18:19","date_gmt":"2025-10-06T11:18:19","guid":{"rendered":"https:\/\/gs-hude-sued.de\/?page_id=240273"},"modified":"2025-12-05T08:44:17","modified_gmt":"2025-12-05T07:44:17","slug":"golden-rules","status":"publish","type":"page","link":"https:\/\/gs-hude-sued.de\/en\/this-is-us\/golden-rules\/","title":{"rendered":"Golden rules"},"content":{"rendered":"<p>[et_pb_section fb_built=&#8220;1&#8243; _builder_version=&#8220;4.27.4&#8243; _module_preset=&#8220;default&#8220; custom_margin=&#8220;||0px||false|false&#8220; custom_padding=&#8220;||0px||false|false&#8220; custom_padding_tablet=&#8220;||0px||false|false&#8220; custom_padding_phone=&#8220;0px||||false|false&#8220; animation_style=&#8220;fade&#8220; global_colors_info=&#8220;{}&#8220;][et_pb_row disabled_on=&#8220;off|on|on&#8220; _builder_version=&#8220;4.27.4&#8243; _module_preset=&#8220;default&#8220; custom_padding=&#8220;||0px||false|false&#8220; global_colors_info=&#8220;{}&#8220;][et_pb_column type=&#8220;4_4&#8243; _builder_version=&#8220;4.27.4&#8243; _module_preset=&#8220;default&#8220; global_colors_info=&#8220;{}&#8220;][et_pb_text _builder_version=&#8220;4.27.4&#8243; _module_preset=&#8220;default&#8220; header_2_font_size_phone=&#8220;28px&#8220; global_colors_info=&#8220;{}&#8220;]<\/p>\n<h2>\ud83c\udf1f Goldene Regeln unserer Schule<\/h2>\n<p>[\/et_pb_text][\/et_pb_column][\/et_pb_row][et_pb_row column_structure=&#8220;2_3,1_3&#8243; custom_padding_last_edited=&#8220;on|phone&#8220; disabled_on=&#8220;off|on|on&#8220; _builder_version=&#8220;4.27.4&#8243; _module_preset=&#8220;default&#8220; custom_margin=&#8220;0px||||false|false&#8220; custom_padding=&#8220;0px||||false|false&#8220; custom_padding_tablet=&#8220;0px||||false|false&#8220; custom_padding_phone=&#8220;||0px||false|false&#8220; custom_css_main_element=&#8220;||  display: flex;||flex-wrap: wrap;||  justify-content: center; \/* horizontale Zentrierung *\/||  align-items: center;     \/* vertikale Zentrierung *\/||&#8220; global_colors_info=&#8220;{}&#8220; custom_css_main_element_last_edited=&#8220;on|phone&#8220; custom_css_main_element_tablet=&#8220;display: flex;||flex-wrap: wrap;||  justify-content: center; \/* horizontale Zentrierung *\/||  align-items: center;     \/* vertikale Zentrierung *\/&#8220; custom_css_main_element_phone=&#8220;display: flex;||  justify-content: center; \/* horizontale Zentrierung *\/||  align-items: center;     \/* vertikale Zentrierung *\/&#8220;][et_pb_column type=&#8220;2_3&#8243; _builder_version=&#8220;4.27.4&#8243; _module_preset=&#8220;default&#8220; global_colors_info=&#8220;{}&#8220; custom_css_main_element_last_edited=&#8220;on|phone&#8220; custom_css_main_element_phone=&#8220;width: 700px!important;||max-width: 600px!important;&#8220;][et_pb_text _builder_version=&#8220;4.27.4&#8243; _module_preset=&#8220;default&#8220; text_font_size=&#8220;16px&#8220; header_2_font_size_phone=&#8220;28px&#8220; global_colors_info=&#8220;{}&#8220;]<\/p>\n<blockquote>\n<p>\u201eHallo! Ich bin [logo_child_name name=&#8220;d&#8220;]  \ud83d\udc4b<br \/>\nIch m\u00f6chte dir zeigen, welche <strong>Goldenen Regeln<\/strong> bei uns wichtig sind. Sie helfen uns, dass sich alle Kinder und Erwachsenen wohlf\u00fchlen, sicher sind und gerne zur Schule kommen. \ud83d\udc9b<\/p>\n<\/blockquote>\n<p>[\/et_pb_text][\/et_pb_column][et_pb_column type=&#8220;1_3&#8243; _builder_version=&#8220;4.27.4&#8243; _module_preset=&#8220;default&#8220; global_colors_info=&#8220;{}&#8220;][et_pb_image src=&#8220;https:\/\/gs-hude-sued.de\/wp-content\/uploads\/2025\/10\/6-1.png&#8220; alt=&#8220;Eine fr\u00f6hliche Zeichentrickfigur eines M\u00e4dchens mit blonden Z\u00f6pfen und einem roten Pullover, das beide Daumen nach oben zeigt. Die Figur tr\u00e4gt ein Kleid mit einem gro\u00dfen D auf der Vorderseite.&#8220; title_text=&#8220;Fr\u00f6hliches M\u00e4dchen mit Daumen hoch&#8220; align=&#8220;center&#8220; disabled_on=&#8220;off|on|on&#8220; _builder_version=&#8220;4.27.4&#8243; _module_preset=&#8220;default&#8220; transform_scale=&#8220;130%|130%&#8220; transform_translate=&#8220;0px|-12px&#8220; vertical_offset=&#8220;2px&#8220; horizontal_offset=&#8220;76px&#8220; position_origin_a_tablet=&#8220;&#8220; position_origin_a_phone=&#8220;&#8220; position_origin_a_last_edited=&#8220;on|phone&#8220; position_origin_f_tablet=&#8220;&#8220; position_origin_f_phone=&#8220;&#8220; position_origin_f_last_edited=&#8220;on|phone&#8220; position_origin_r_tablet=&#8220;&#8220; position_origin_r_phone=&#8220;&#8220; position_origin_r_last_edited=&#8220;on|phone&#8220; max_width=&#8220;250px&#8220; max_width_tablet=&#8220;250px&#8220; max_width_phone=&#8220;250px&#8220; max_width_last_edited=&#8220;on|phone&#8220; module_alignment=&#8220;center&#8220; custom_margin=&#8220;||||false|false&#8220; custom_padding_tablet=&#8220;&#8220; custom_padding_phone=&#8220;0px||||false|false&#8220; custom_padding_last_edited=&#8220;on|phone&#8220; positioning_tablet=&#8220;&#8220; positioning_phone=&#8220;none&#8220; positioning_last_edited=&#8220;on|phone&#8220; global_colors_info=&#8220;{}&#8220;][\/et_pb_image][\/et_pb_column][\/et_pb_row][et_pb_row column_structure=&#8220;1_3,2_3&#8243; custom_padding_last_edited=&#8220;on|phone&#8220; _builder_version=&#8220;4.27.4&#8243; _module_preset=&#8220;default&#8220; custom_margin_tablet=&#8220;&#8220; custom_margin_phone=&#8220;-25px||||false|false&#8220; custom_margin_last_edited=&#8220;on|phone&#8220; custom_padding=&#8220;||||false|false&#8220; custom_padding_tablet=&#8220;||||false|false&#8220; custom_padding_phone=&#8220;0px||0px||false|false&#8220; custom_css_main_element=&#8220;||  display: flex;||flex-wrap: wrap;||  justify-content: center; \/* horizontale Zentrierung *\/||  align-items: center;     \/* vertikale Zentrierung *\/||&#8220; global_colors_info=&#8220;{}&#8220; custom_css_main_element_last_edited=&#8220;on|phone&#8220; custom_css_main_element_tablet=&#8220;display: flex;||flex-wrap: wrap;||  justify-content: center; \/* horizontale Zentrierung *\/||  align-items: center;     \/* vertikale Zentrierung *\/&#8220; custom_css_main_element_phone=&#8220;||  display: block;&#8220;][et_pb_column type=&#8220;1_3&#8243; _builder_version=&#8220;4.27.4&#8243; _module_preset=&#8220;default&#8220; global_colors_info=&#8220;{}&#8220;][et_pb_image src=&#8220;https:\/\/gs-hude-sued.de\/wp-content\/uploads\/2025\/10\/6-1.png&#8220; alt=&#8220;Eine fr\u00f6hliche Zeichentrickfigur eines M\u00e4dchens mit blonden Z\u00f6pfen und einem roten Pullover, das beide Daumen nach oben zeigt. Die Figur tr\u00e4gt ein Kleid mit einem gro\u00dfen D auf der Vorderseite.&#8220; title_text=&#8220;Fr\u00f6hliches M\u00e4dchen mit Daumen hoch&#8220; align=&#8220;center&#8220; disabled_on=&#8220;on|off|off&#8220; _builder_version=&#8220;4.27.4&#8243; _module_preset=&#8220;default&#8220; vertical_offset=&#8220;2px&#8220; horizontal_offset=&#8220;76px&#8220; position_origin_a_tablet=&#8220;&#8220; position_origin_a_phone=&#8220;&#8220; position_origin_a_last_edited=&#8220;on|phone&#8220; position_origin_f_tablet=&#8220;&#8220; position_origin_f_phone=&#8220;&#8220; position_origin_f_last_edited=&#8220;on|phone&#8220; position_origin_r_tablet=&#8220;&#8220; position_origin_r_phone=&#8220;&#8220; position_origin_r_last_edited=&#8220;on|phone&#8220; max_width=&#8220;250px&#8220; max_width_tablet=&#8220;250px&#8220; max_width_phone=&#8220;50%&#8220; max_width_last_edited=&#8220;on|phone&#8220; module_alignment=&#8220;center&#8220; custom_margin=&#8220;-62px||||false|false&#8220; custom_padding_tablet=&#8220;&#8220; custom_padding_phone=&#8220;0px||||false|false&#8220; custom_padding_last_edited=&#8220;on|phone&#8220; positioning_tablet=&#8220;&#8220; positioning_phone=&#8220;relative&#8220; positioning_last_edited=&#8220;on|phone&#8220; global_colors_info=&#8220;{}&#8220;][\/et_pb_image][\/et_pb_column][et_pb_column type=&#8220;2_3&#8243; _builder_version=&#8220;4.27.4&#8243; _module_preset=&#8220;default&#8220; global_colors_info=&#8220;{}&#8220;][et_pb_text disabled_on=&#8220;on|off|off&#8220; _builder_version=&#8220;4.27.4&#8243; _module_preset=&#8220;default&#8220; header_2_font_size_phone=&#8220;28px&#8220; global_colors_info=&#8220;{}&#8220;]<\/p>\n<h2>\ud83c\udf1f Goldene Regeln unserer Schule<\/h2>\n<blockquote><p>\u201eHallo! Ich bin [logo_child_name name=&#8220;\u00fc&#8220;]  \ud83d\udc4b<br \/>\n  Ich m\u00f6chte euch heute zeigen, was bei uns in der Schule alles passiert.<br \/>\n  Es gibt so viele tolle Dinge, die unser Schulleben bunt und lebendig machen!\u201c \ud83c\udf08<\/p><\/blockquote>\n<p>[\/et_pb_text][et_pb_text _builder_version=&#8220;4.27.4&#8243; _module_preset=&#8220;default&#8220; custom_margin_tablet=&#8220;&#8220; custom_margin_phone=&#8220;-40px||||false|false&#8220; custom_margin_last_edited=&#8220;on|phone&#8220; global_colors_info=&#8220;{}&#8220;]<\/p>\n<p><strong>\ud83e\udd1d Wir gehen respektvoll miteinander um<\/strong><\/p>\n<p>In unserer Schule sind wir <strong>freundlich und r\u00fccksichtsvoll<\/strong>. Wir h\u00f6ren zu, wenn jemand spricht, und gehen miteinander so um, wie wir es auch selbst m\u00f6chten. Niemand wird ausgelacht oder ausgeschlossen \u2013 denn jeder ist wichtig!<\/p>\n<p>[\/et_pb_text][\/et_pb_column][\/et_pb_row][\/et_pb_section][et_pb_section fb_built=&#8220;1&#8243; _builder_version=&#8220;4.27.4&#8243; _module_preset=&#8220;default&#8220; custom_padding=&#8220;10px||||false|false&#8220; global_colors_info=&#8220;{}&#8220;][et_pb_row column_structure=&#8220;1_4,1_4,1_4,1_4&#8243; use_custom_gutter=&#8220;on&#8220; gutter_width=&#8220;2&#8243; make_equal=&#8220;on&#8220; _builder_version=&#8220;4.27.4&#8243; _module_preset=&#8220;default&#8220; width=&#8220;90%&#8220; custom_padding=&#8220;|10px||10px|false|true&#8220; border_radii=&#8220;on|25px|25px|25px|25px&#8220; global_colors_info=&#8220;{}&#8220;][et_pb_column type=&#8220;1_4&#8243; _builder_version=&#8220;4.27.4&#8243; _module_preset=&#8220;default&#8220; border_radii=&#8220;on|25px|25px|25px|25px&#8220; box_shadow_style=&#8220;preset1&#8243; box_shadow_blur=&#8220;10px&#8220; box_shadow_color=&#8220;rgba(0,0,0,0.22)&#8220; global_colors_info=&#8220;{}&#8220;][et_pb_image src=&#8220;https:\/\/gs-hude-sued.de\/wp-content\/uploads\/2025\/10\/2-3.png&#8220; alt=&#8220;Drei Kinder sitzen auf einer Bank und zeigen Buchstaben auf ihren T-Shirts; ein Hund sitzt im Vordergrund. Die Atmosph\u00e4re ist freundlich und einladend.&#8220; title_text=&#8220;Goldene Regeln \u2013 Respekt&#8220; _builder_version=&#8220;4.27.4&#8243; _module_preset=&#8220;default&#8220; custom_margin=&#8220;||20px||false|false&#8220; custom_padding=&#8220;||||false|false&#8220; global_colors_info=&#8220;{}&#8220;][\/et_pb_image][et_pb_blurb title=&#8220;Wir l\u00f6sen Streit im Gespr\u00e4ch und bleiben fair&#8220; use_icon=&#8220;on&#8220; _builder_version=&#8220;4.27.4&#8243; _module_preset=&#8220;default&#8220; header_level=&#8220;h2&#8243; header_font_size=&#8220;21px&#8220; header_line_height=&#8220;1.2em&#8220; custom_padding=&#8220;|15px|30px|15px|false|true&#8220; global_colors_info=&#8220;{}&#8220;]<\/p>\n<p>Wenn wir uns mal streiten, reden wir dar\u00fcber. Wir h\u00f6ren einander zu und suchen gemeinsam eine L\u00f6sung. So bleiben wir <strong>fair und freundlich<\/strong> \u2013 auch wenn wir mal unterschiedlicher Meinung sind.<\/p>\n<p>[\/et_pb_blurb][\/et_pb_column][et_pb_column type=&#8220;1_4&#8243; _builder_version=&#8220;4.27.4&#8243; _module_preset=&#8220;default&#8220; border_radii=&#8220;on|25px|25px|25px|25px&#8220; box_shadow_style=&#8220;preset1&#8243; box_shadow_color=&#8220;rgba(0,0,0,0.22)&#8220; global_colors_info=&#8220;{}&#8220;][et_pb_image src=&#8220;https:\/\/gs-hude-sued.de\/wp-content\/uploads\/2025\/10\/1-2.png&#8220; alt=&#8220;In einem Klassenzimmer reinigen Kinder mit Freude die Tafel. Respekt und Sicherheit in der Gemeinschaft sind erkennbar.&#8220; title_text=&#8220;Goldene Regeln: Respekt und Sicherheit&#8220; _builder_version=&#8220;4.27.4&#8243; _module_preset=&#8220;default&#8220; custom_margin=&#8220;||20px||false|false&#8220; custom_padding=&#8220;||||false|false&#8220; global_colors_info=&#8220;{}&#8220;][\/et_pb_image][et_pb_blurb title=&#8220;Wir halten unsere Schule ordentlich, sauber und heile&#8220; use_icon=&#8220;on&#8220; _builder_version=&#8220;4.27.4&#8243; _module_preset=&#8220;default&#8220; header_level=&#8220;h2&#8243; header_font_size=&#8220;21px&#8220; header_line_height=&#8220;1.2em&#8220; custom_padding=&#8220;|15px|30px|15px|false|true&#8220; global_colors_info=&#8220;{}&#8220;]<\/p>\n<p>Unsere Schule ist wie ein zweites Zuhause. Deshalb achten wir darauf, dass alles <strong>sauber, ordentlich und ganz<\/strong> bleibt. Wir werfen M\u00fcll in den M\u00fclleimer, gehen vorsichtig mit Sachen um und helfen mit, wenn etwas aufzur\u00e4umen ist.<\/p>\n<p>[\/et_pb_blurb][\/et_pb_column][et_pb_column type=&#8220;1_4&#8243; _builder_version=&#8220;4.27.4&#8243; _module_preset=&#8220;default&#8220; border_radii=&#8220;on|25px|25px|25px|25px&#8220; box_shadow_style=&#8220;preset1&#8243; box_shadow_color=&#8220;rgba(0,0,0,0.22)&#8220; global_colors_info=&#8220;{}&#8220;][et_pb_image src=&#8220;https:\/\/gs-hude-sued.de\/wp-content\/uploads\/2025\/10\/3-4.png&#8220; alt=&#8220;Sch\u00fcler der Grundschule Hude-S\u00fcd gehen durch den Flur und zeigen Freude am Schulalltag. Eine Person im Rollstuhl interagiert mit einem Kind, das einen Hund an einer Leine h\u00e4lt.&#8220; title_text=&#8220;Aktivit\u00e4ten im Schulalltag&#8220; _builder_version=&#8220;4.27.4&#8243; _module_preset=&#8220;default&#8220; custom_margin=&#8220;||20px||false|false&#8220; custom_padding=&#8220;||||false|false&#8220; global_colors_info=&#8220;{}&#8220;][\/et_pb_image][et_pb_blurb title=&#8220;Wir bewegen uns sicher im Schulhaus und auf dem Schulgel\u00e4nde&#8220; use_icon=&#8220;on&#8220; _builder_version=&#8220;4.27.4&#8243; _module_preset=&#8220;default&#8220; header_level=&#8220;h2&#8243; header_font_size=&#8220;21px&#8220; header_line_height=&#8220;1.2em&#8220; custom_padding=&#8220;|15px|30px|15px|false|true&#8220; global_colors_info=&#8220;{}&#8220;]<\/p>\n<p>Bei uns darf gespielt, gerannt und gelacht werden \u2013 aber mit <strong>R\u00fccksicht<\/strong>! Im Schulhaus gehen wir ruhig und achten auf andere. Auf dem Schulhof spielen wir so, dass sich niemand verletzt. So k\u00f6nnen sich alle sicher f\u00fchlen.<\/p>\n<p>[\/et_pb_blurb][\/et_pb_column][et_pb_column type=&#8220;1_4&#8243; _builder_version=&#8220;4.27.4&#8243; _module_preset=&#8220;default&#8220; border_radii=&#8220;on|25px|25px|25px|25px&#8220; box_shadow_style=&#8220;preset1&#8243; box_shadow_color=&#8220;rgba(0,0,0,0.22)&#8220; global_colors_info=&#8220;{}&#8220;][et_pb_image src=&#8220;https:\/\/gs-hude-sued.de\/wp-content\/uploads\/2025\/10\/4-2.png&#8220; alt=&#8220;Eine Sch\u00fclerin in einem roten Kleid mit einem D ruft &#8218;STOP!&#8216; in einem Klassenzimmer. Ihr Gesicht zeigt Entschlossenheit, w\u00e4hrend andere Kinder aufmerksam zuschauen.&#8220; title_text=&#8220;Respekt und Sicherheit im Klassenzimmer&#8220; _builder_version=&#8220;4.27.4&#8243; _module_preset=&#8220;default&#8220; custom_margin=&#8220;||20px||false|false&#8220; custom_padding=&#8220;||||false|false&#8220; global_colors_info=&#8220;{}&#8220;][\/et_pb_image][et_pb_blurb title=&#8220;Stopp hei\u00dft Stopp&#8220; use_icon=&#8220;on&#8220; _builder_version=&#8220;4.27.4&#8243; _module_preset=&#8220;default&#8220; header_level=&#8220;h2&#8243; header_font_size=&#8220;21px&#8220; header_line_height=&#8220;1.2em&#8220; custom_padding=&#8220;|15px|30px|15px|false|true&#8220; global_colors_info=&#8220;{}&#8220;]<\/p>\n<p>Wenn jemand <strong>\u201eStopp\u201c<\/strong> sagt, h\u00f6ren wir sofort auf. Das zeigt, dass wir die <strong>Grenzen anderer respektieren<\/strong> und niemandem weh tun wollen. So bleibt unsere Schule ein Ort, an dem sich alle sicher und wohl f\u00fchlen. \ud83d\udc9b<\/p>\n<p>[\/et_pb_blurb][\/et_pb_column][\/et_pb_row][et_pb_row column_structure=&#8220;1_2,1_2&#8243; _builder_version=&#8220;4.27.4&#8243; _module_preset=&#8220;default&#8220; custom_css_main_element=&#8220;display: flex;||justify-content: center; ||align-items: center;||&#8220; global_colors_info=&#8220;{}&#8220;][et_pb_column type=&#8220;1_2&#8243; _builder_version=&#8220;4.27.4&#8243; _module_preset=&#8220;default&#8220; global_colors_info=&#8220;{}&#8220;][et_pb_text _builder_version=&#8220;4.27.4&#8243; _module_preset=&#8220;default&#8220; text_font=&#8220;|800|||||||&#8220; text_font_size=&#8220;48px&#8220; text_line_height=&#8220;1.3em&#8220; global_colors_info=&#8220;{}&#8220;]<\/p>\n<p>Stopp hei\u00dft Stopp!!!<\/p>\n<p>[\/et_pb_text][\/et_pb_column][et_pb_column type=&#8220;1_2&#8243; _builder_version=&#8220;4.27.4&#8243; _module_preset=&#8220;default&#8220; global_colors_info=&#8220;{}&#8220;][et_pb_image src=&#8220;https:\/\/gs-hude-sued.de\/wp-content\/uploads\/2025\/10\/hand-310884_1280-837&#215;1024-1.png&#8220; alt=&#8220;Rote Handabdr\u00fccke auf einer neutralen Oberfl\u00e4che symbolisieren Gemeinschaft und Verantwortung. Diese Darstellung steht f\u00fcr Respekt und Sicherheit in Schulen.&#8220; title_text=&#8220;Respekt und Sicherheit&#8220; _builder_version=&#8220;4.27.4&#8243; _module_preset=&#8220;default&#8220; max_width=&#8220;200px&#8220; global_colors_info=&#8220;{}&#8220;][\/et_pb_image][\/et_pb_column][\/et_pb_row][\/et_pb_section]<\/p>\n","protected":false},"excerpt":{"rendered":"<p>\ud83c\udf1f Goldene Regeln unserer Schule \u201eHallo! Ich bin [logo_child_name name=&#8220;d&#8220;] \ud83d\udc4b Ich m\u00f6chte dir zeigen, welche Goldenen Regeln bei uns wichtig sind. Sie helfen uns, dass sich alle Kinder und Erwachsenen wohlf\u00fchlen, sicher sind und gerne zur Schule kommen. \ud83d\udc9b \ud83c\udf1f Goldene Regeln unserer Schule \u201eHallo! Ich bin [logo_child_name name=&#8220;\u00fc&#8220;] \ud83d\udc4b Ich m\u00f6chte euch heute [&hellip;]<\/p>\n","protected":false},"author":1,"featured_media":240282,"parent":240090,"menu_order":0,"comment_status":"closed","ping_status":"closed","template":"","meta":{"_acf_changed":false,"_et_pb_use_builder":"on","_et_pb_old_content":"","_et_gb_content_width":"","footnotes":""},"class_list":["post-240273","page","type-page","status-publish","has-post-thumbnail","hentry"],"acf":[],"yoast_head":"<!-- This site is optimized with the Yoast SEO Premium plugin v26.0 (Yoast SEO v27.0) - https:\/\/yoast.com\/product\/yoast-seo-premium-wordpress\/ -->\n<title>Goldene Regeln unserer Schule \u2013 Respekt und Sicherheit<\/title>\n<meta name=\"description\" content=\"Unsere Goldenen Regeln f\u00f6rdern Wohlf\u00fchlen, Sicherheit und Lernen. Wir zeigen Respekt, h\u00f6ren zu und l\u00f6sen Konflikte fair \u2013 jetzt mehr erfahren.\" \/>\n<meta name=\"robots\" content=\"index, follow, max-snippet:-1, max-image-preview:large, max-video-preview:-1\" \/>\n<link rel=\"canonical\" href=\"https:\/\/gs-hude-sued.de\/en\/this-is-us\/golden-rules\/\" \/>\n<meta property=\"og:locale\" content=\"en_GB\" \/>\n<meta property=\"og:type\" content=\"article\" \/>\n<meta property=\"og:title\" content=\"Goldene Regeln\" \/>\n<meta property=\"og:description\" content=\"Unsere Goldenen Regeln f\u00f6rdern Wohlf\u00fchlen, Sicherheit und Lernen. Wir zeigen Respekt, h\u00f6ren zu und l\u00f6sen Konflikte fair \u2013 jetzt mehr erfahren.\" \/>\n<meta property=\"og:url\" content=\"https:\/\/gs-hude-sued.de\/en\/this-is-us\/golden-rules\/\" \/>\n<meta property=\"og:site_name\" content=\"Grundschule Hude S\u00fcd\" \/>\n<meta property=\"article:modified_time\" content=\"2025-12-05T07:44:17+00:00\" \/>\n<meta property=\"og:image\" content=\"https:\/\/gs-hude-sued.de\/wp-content\/uploads\/2025\/10\/4-2.png\" \/>\n\t<meta property=\"og:image:width\" content=\"800\" \/>\n\t<meta property=\"og:image:height\" content=\"1000\" \/>\n\t<meta property=\"og:image:type\" content=\"image\/png\" \/>\n<meta name=\"twitter:card\" content=\"summary_large_image\" \/>\n<meta name=\"twitter:label1\" content=\"Estimated reading time\" \/>\n\t<meta name=\"twitter:data1\" content=\"3 minutes\" \/>\n<script type=\"application\/ld+json\" class=\"yoast-schema-graph\">{\"@context\":\"https:\/\/schema.org\",\"@graph\":[{\"@type\":\"WebPage\",\"@id\":\"https:\/\/gs-hude-sued.de\/das-sind-wir\/goldene-regeln\/\",\"url\":\"https:\/\/gs-hude-sued.de\/das-sind-wir\/goldene-regeln\/\",\"name\":\"Goldene Regeln unserer Schule \u2013 Respekt und Sicherheit\",\"isPartOf\":{\"@id\":\"https:\/\/gs-hude-sued.de\/#website\"},\"primaryImageOfPage\":{\"@id\":\"https:\/\/gs-hude-sued.de\/das-sind-wir\/goldene-regeln\/#primaryimage\"},\"image\":{\"@id\":\"https:\/\/gs-hude-sued.de\/das-sind-wir\/goldene-regeln\/#primaryimage\"},\"thumbnailUrl\":\"https:\/\/gs-hude-sued.de\/wp-content\/uploads\/2025\/10\/4-2.png\",\"datePublished\":\"2025-10-06T11:18:19+00:00\",\"dateModified\":\"2025-12-05T07:44:17+00:00\",\"description\":\"Unsere Goldenen Regeln f\u00f6rdern Wohlf\u00fchlen, Sicherheit und Lernen. Wir zeigen Respekt, h\u00f6ren zu und l\u00f6sen Konflikte fair \u2013 jetzt mehr erfahren.\",\"breadcrumb\":{\"@id\":\"https:\/\/gs-hude-sued.de\/das-sind-wir\/goldene-regeln\/#breadcrumb\"},\"inLanguage\":\"en-GB\",\"potentialAction\":[{\"@type\":\"ReadAction\",\"target\":[\"https:\/\/gs-hude-sued.de\/das-sind-wir\/goldene-regeln\/\"]}]},{\"@type\":\"ImageObject\",\"inLanguage\":\"en-GB\",\"@id\":\"https:\/\/gs-hude-sued.de\/das-sind-wir\/goldene-regeln\/#primaryimage\",\"url\":\"https:\/\/gs-hude-sued.de\/wp-content\/uploads\/2025\/10\/4-2.png\",\"contentUrl\":\"https:\/\/gs-hude-sued.de\/wp-content\/uploads\/2025\/10\/4-2.png\",\"width\":800,\"height\":1000,\"caption\":\"Das Bild bringt das Thema Konfliktl\u00f6sung und Respekt im Schulalltag zur Geltung. Gemeinschaftliches Lernen und Sicherheit sind essenziell.\"},{\"@type\":\"BreadcrumbList\",\"@id\":\"https:\/\/gs-hude-sued.de\/das-sind-wir\/goldene-regeln\/#breadcrumb\",\"itemListElement\":[{\"@type\":\"ListItem\",\"position\":1,\"name\":\"Startseite\",\"item\":\"https:\/\/gs-hude-sued.de\/\"},{\"@type\":\"ListItem\",\"position\":2,\"name\":\"Unser Schulleben\",\"item\":\"https:\/\/gs-hude-sued.de\/das-sind-wir\/\"},{\"@type\":\"ListItem\",\"position\":3,\"name\":\"Goldene Regeln\"}]},{\"@type\":\"WebSite\",\"@id\":\"https:\/\/gs-hude-sued.de\/#website\",\"url\":\"https:\/\/gs-hude-sued.de\/\",\"name\":\"Grundschule Hude S\u00fcd\",\"description\":\"Grundschule Hude-S\u00fcd \u2013 Miteinander stark f\u00fcr die Zukunft.\",\"potentialAction\":[{\"@type\":\"SearchAction\",\"target\":{\"@type\":\"EntryPoint\",\"urlTemplate\":\"https:\/\/gs-hude-sued.de\/?s={search_term_string}\"},\"query-input\":{\"@type\":\"PropertyValueSpecification\",\"valueRequired\":true,\"valueName\":\"search_term_string\"}}],\"inLanguage\":\"en-GB\"}]}<\/script>\n<!-- \/ Yoast SEO Premium plugin. -->","yoast_head_json":{"title":"Golden rules of our school \u2013 respect and safety","description":"Our Golden Rules promote well-being, safety, and learning. We show respect, listen, and resolve conflicts fairly \u2013 learn more now.","robots":{"index":"index","follow":"follow","max-snippet":"max-snippet:-1","max-image-preview":"max-image-preview:large","max-video-preview":"max-video-preview:-1"},"canonical":"https:\/\/gs-hude-sued.de\/en\/this-is-us\/golden-rules\/","og_locale":"en_GB","og_type":"article","og_title":"Goldene Regeln","og_description":"Unsere Goldenen Regeln f\u00f6rdern Wohlf\u00fchlen, Sicherheit und Lernen. Wir zeigen Respekt, h\u00f6ren zu und l\u00f6sen Konflikte fair \u2013 jetzt mehr erfahren.","og_url":"https:\/\/gs-hude-sued.de\/en\/this-is-us\/golden-rules\/","og_site_name":"Grundschule Hude S\u00fcd","article_modified_time":"2025-12-05T07:44:17+00:00","og_image":[{"width":800,"height":1000,"url":"https:\/\/gs-hude-sued.de\/wp-content\/uploads\/2025\/10\/4-2.png","type":"image\/png"}],"twitter_card":"summary_large_image","twitter_misc":{"Estimated reading time":"3 minutes"},"schema":{"@context":"https:\/\/schema.org","@graph":[{"@type":"WebPage","@id":"https:\/\/gs-hude-sued.de\/das-sind-wir\/goldene-regeln\/","url":"https:\/\/gs-hude-sued.de\/das-sind-wir\/goldene-regeln\/","name":"Golden rules of our school \u2013 respect and safety","isPartOf":{"@id":"https:\/\/gs-hude-sued.de\/#website"},"primaryImageOfPage":{"@id":"https:\/\/gs-hude-sued.de\/das-sind-wir\/goldene-regeln\/#primaryimage"},"image":{"@id":"https:\/\/gs-hude-sued.de\/das-sind-wir\/goldene-regeln\/#primaryimage"},"thumbnailUrl":"https:\/\/gs-hude-sued.de\/wp-content\/uploads\/2025\/10\/4-2.png","datePublished":"2025-10-06T11:18:19+00:00","dateModified":"2025-12-05T07:44:17+00:00","description":"Our Golden Rules promote well-being, safety, and learning. We show respect, listen, and resolve conflicts fairly \u2013 learn more now.","breadcrumb":{"@id":"https:\/\/gs-hude-sued.de\/das-sind-wir\/goldene-regeln\/#breadcrumb"},"inLanguage":"en-GB","potentialAction":[{"@type":"ReadAction","target":["https:\/\/gs-hude-sued.de\/das-sind-wir\/goldene-regeln\/"]}]},{"@type":"ImageObject","inLanguage":"en-GB","@id":"https:\/\/gs-hude-sued.de\/das-sind-wir\/goldene-regeln\/#primaryimage","url":"https:\/\/gs-hude-sued.de\/wp-content\/uploads\/2025\/10\/4-2.png","contentUrl":"https:\/\/gs-hude-sued.de\/wp-content\/uploads\/2025\/10\/4-2.png","width":800,"height":1000,"caption":"Das Bild bringt das Thema Konfliktl\u00f6sung und Respekt im Schulalltag zur Geltung. Gemeinschaftliches Lernen und Sicherheit sind essenziell."},{"@type":"BreadcrumbList","@id":"https:\/\/gs-hude-sued.de\/das-sind-wir\/goldene-regeln\/#breadcrumb","itemListElement":[{"@type":"ListItem","position":1,"name":"Startseite","item":"https:\/\/gs-hude-sued.de\/"},{"@type":"ListItem","position":2,"name":"Unser Schulleben","item":"https:\/\/gs-hude-sued.de\/das-sind-wir\/"},{"@type":"ListItem","position":3,"name":"Goldene Regeln"}]},{"@type":"WebSite","@id":"https:\/\/gs-hude-sued.de\/#website","url":"https:\/\/gs-hude-sued.de\/","name":"Hude South Primary School","description":"Hude-S\u00fcd Primary School \u2013 Strong together for the future.","potentialAction":[{"@type":"SearchAction","target":{"@type":"EntryPoint","urlTemplate":"https:\/\/gs-hude-sued.de\/?s={search_term_string}"},"query-input":{"@type":"PropertyValueSpecification","valueRequired":true,"valueName":"search_term_string"}}],"inLanguage":"en-GB"}]}},"_links":{"self":[{"href":"https:\/\/gs-hude-sued.de\/en\/wp-json\/wp\/v2\/pages\/240273","targetHints":{"allow":["GET"]}}],"collection":[{"href":"https:\/\/gs-hude-sued.de\/en\/wp-json\/wp\/v2\/pages"}],"about":[{"href":"https:\/\/gs-hude-sued.de\/en\/wp-json\/wp\/v2\/types\/page"}],"author":[{"embeddable":true,"href":"https:\/\/gs-hude-sued.de\/en\/wp-json\/wp\/v2\/users\/1"}],"replies":[{"embeddable":true,"href":"https:\/\/gs-hude-sued.de\/en\/wp-json\/wp\/v2\/comments?post=240273"}],"version-history":[{"count":10,"href":"https:\/\/gs-hude-sued.de\/en\/wp-json\/wp\/v2\/pages\/240273\/revisions"}],"predecessor-version":[{"id":241137,"href":"https:\/\/gs-hude-sued.de\/en\/wp-json\/wp\/v2\/pages\/240273\/revisions\/241137"}],"up":[{"embeddable":true,"href":"https:\/\/gs-hude-sued.de\/en\/wp-json\/wp\/v2\/pages\/240090"}],"wp:featuredmedia":[{"embeddable":true,"href":"https:\/\/gs-hude-sued.de\/en\/wp-json\/wp\/v2\/media\/240282"}],"wp:attachment":[{"href":"https:\/\/gs-hude-sued.de\/en\/wp-json\/wp\/v2\/media?parent=240273"}],"curies":[{"name":"wp","href":"https:\/\/api.w.org\/{rel}","templated":true}]}}